{"id":1054,"date":"2024-04-17T09:59:35","date_gmt":"2024-04-17T07:59:35","guid":{"rendered":"https:\/\/siteguillaumetesting2.online\/?page_id=1054"},"modified":"2025-10-18T18:42:41","modified_gmt":"2025-10-18T16:42:41","slug":"points-de-vente-2","status":"publish","type":"page","link":"https:\/\/siteguillaumetesting2.online\/index.php\/points-de-vente-2\/","title":{"rendered":"Points de vente"},"content":{"rendered":"\n<h2 class=\"wp-block-heading has-text-align-center\">Vous pouvez retrouver nos produits dans diff\u00e9rents <span style=\"text-decoration: underline;\">points de vente<\/span> :<\/h2>\n\n\n\n<div style=\"height:22px\" aria-hidden=\"true\" class=\"wp-block-spacer\"><\/div>\n\n\n\n<div class=\"wp-block-media-text is-stacked-on-mobile\" style=\"grid-template-columns:15% auto\"><figure class=\"wp-block-media-text__media\"><a href=\"https:\/\/cagettedescombrail.fr\/\"><img loading=\"lazy\" decoding=\"async\" width=\"472\" height=\"472\" src=\"https:\/\/siteguillaumetesting2.online\/wp-content\/uploads\/2024\/04\/cagette.png\" alt=\"\" class=\"wp-image-1073 size-full\" srcset=\"https:\/\/siteguillaumetesting2.online\/wp-content\/uploads\/2024\/04\/cagette.png 472w, https:\/\/siteguillaumetesting2.online\/wp-content\/uploads\/2024\/04\/cagette-300x300.png 300w, https:\/\/siteguillaumetesting2.online\/wp-content\/uploads\/2024\/04\/cagette-150x150.png 150w, https:\/\/siteguillaumetesting2.online\/wp-content\/uploads\/2024\/04\/cagette-100x100.png 100w\" sizes=\"auto, (max-width: 472px) 100vw, 472px\" \/><\/a><\/figure><div class=\"wp-block-media-text__content\">\n<p><strong><a href=\"https:\/\/cagettedescombrail.fr\/\">La cagette des Combr&rsquo;ail<\/a><\/strong> <em>(une fois par mois, en m\u00eame temps que la livraison au Montaurat) <\/em><\/p>\n\n\n\n<p>\u00e0 Dontreix et \u00e0 la Ferme du Montaurat \u00e0 M\u00e9rinchal (23700)<\/p>\n<\/div><\/div>\n\n\n\n<div style=\"height:22px\" aria-hidden=\"true\" class=\"wp-block-spacer\"><\/div>\n\n\n\n<div class=\"wp-block-media-text is-stacked-on-mobile\" style=\"grid-template-columns:15% auto\"><figure class=\"wp-block-media-text__media\"><a href=\"https:\/\/www.facebook.com\/BelleenBioinstitutetboutique?locale=fr_FR\"><img loading=\"lazy\" decoding=\"async\" width=\"400\" height=\"400\" src=\"https:\/\/siteguillaumetesting2.online\/wp-content\/uploads\/2024\/01\/belle-en-bio.png\" alt=\"\" class=\"wp-image-1348 size-full\" srcset=\"https:\/\/siteguillaumetesting2.online\/wp-content\/uploads\/2024\/01\/belle-en-bio.png 400w, https:\/\/siteguillaumetesting2.online\/wp-content\/uploads\/2024\/01\/belle-en-bio-300x300.png 300w, https:\/\/siteguillaumetesting2.online\/wp-content\/uploads\/2024\/01\/belle-en-bio-150x150.png 150w, https:\/\/siteguillaumetesting2.online\/wp-content\/uploads\/2024\/01\/belle-en-bio-250x250.png 250w, https:\/\/siteguillaumetesting2.online\/wp-content\/uploads\/2024\/01\/belle-en-bio-200x200.png 200w, https:\/\/siteguillaumetesting2.online\/wp-content\/uploads\/2024\/01\/belle-en-bio-100x100.png 100w\" sizes=\"auto, (max-width: 400px) 100vw, 400px\" \/><\/a><\/figure><div class=\"wp-block-media-text__content\">\n<p><strong><a href=\"https:\/\/www.facebook.com\/BelleenBioinstitutetboutique\">Belle en Bio<\/a><\/strong><\/p>\n\n\n\n<p>Institut de beaut\u00e9 au Puy-en-Velay (43000)<\/p>\n<\/div><\/div>\n\n\n\n<div style=\"height:22px\" aria-hidden=\"true\" class=\"wp-block-spacer\"><\/div>\n\n\n\n<div class=\"wp-block-media-text is-stacked-on-mobile\" style=\"grid-template-columns:15% auto\"><figure class=\"wp-block-media-text__media\"><img loading=\"lazy\" decoding=\"async\" width=\"300\" height=\"300\" src=\"https:\/\/siteguillaumetesting2.online\/wp-content\/uploads\/2024\/06\/Gentiane.png\" alt=\"\" class=\"wp-image-1103 size-full\" srcset=\"https:\/\/siteguillaumetesting2.online\/wp-content\/uploads\/2024\/06\/Gentiane.png 300w, https:\/\/siteguillaumetesting2.online\/wp-content\/uploads\/2024\/06\/Gentiane-150x150.png 150w, https:\/\/siteguillaumetesting2.online\/wp-content\/uploads\/2024\/06\/Gentiane-100x100.png 100w\" sizes=\"auto, (max-width: 300px) 100vw, 300px\" \/><\/figure><div class=\"wp-block-media-text__content\">\n<p><strong>La Gentiane, magasin BIO <\/strong><em>(accessoires couture uniquement)<\/em><\/p>\n\n\n\n<p>\u00e0 Pontaumur (63380)<\/p>\n<\/div><\/div>\n\n\n\n<div style=\"height:22px\" aria-hidden=\"true\" class=\"wp-block-spacer\"><\/div>\n\n\n\n<div style=\"height:100px\" aria-hidden=\"true\" class=\"wp-block-spacer\"><\/div>\n\n\n\n<h2 class=\"wp-block-heading has-text-align-center\">Pour vos <strong><mark style=\"background-color:rgba(0, 0, 0, 0);color:#3f7336\" class=\"has-inline-color\">commandes en ligne<\/mark><\/strong> et pour \u00e9conomiser les frais de port, venez retirer !<\/h2>\n\n\n\n<div style=\"height:22px\" aria-hidden=\"true\" class=\"wp-block-spacer\"><\/div>\n\n\n\n<div class=\"wp-block-media-text is-stacked-on-mobile\" style=\"grid-template-columns:15% auto\"><figure class=\"wp-block-media-text__media\"><a href=\"https:\/\/www.facebook.com\/potionsauvage\"><img loading=\"lazy\" decoding=\"async\" width=\"720\" height=\"720\" src=\"https:\/\/siteguillaumetesting2.online\/wp-content\/uploads\/2024\/02\/Stickers-Potion-Sauvage.png\" alt=\"\" class=\"wp-image-573 size-full\" srcset=\"https:\/\/siteguillaumetesting2.online\/wp-content\/uploads\/2024\/02\/Stickers-Potion-Sauvage.png 720w, https:\/\/siteguillaumetesting2.online\/wp-content\/uploads\/2024\/02\/Stickers-Potion-Sauvage-300x300.png 300w, https:\/\/siteguillaumetesting2.online\/wp-content\/uploads\/2024\/02\/Stickers-Potion-Sauvage-100x100.png 100w, https:\/\/siteguillaumetesting2.online\/wp-content\/uploads\/2024\/02\/Stickers-Potion-Sauvage-150x150.png 150w\" sizes=\"auto, (max-width: 720px) 100vw, 720px\" \/><\/a><\/figure><div class=\"wp-block-media-text__content\">\n<p>\u00e0 Dontreix, directement \u00e0 la savonnerie<\/p>\n\n\n\n<p>La Gaye, 23700 Dontreix<\/p>\n\n\n\n<p><em><mark style=\"background-color:rgba(0, 0, 0, 0);color:#750040\" class=\"has-inline-color\"><em><em><mark style=\"background-color:rgba(0, 0, 0, 0);color:#750040\" class=\"has-inline-color\">Commandez, payez en ligne <\/mark><\/em><\/em>et cochez \u00ab\u00a0retrait \u00e0 la savonnerie\u00a0\u00bb dans votre commande. Nous vous contacterons d\u00e8s que votre commande sera pr\u00eate pour convenir d&rsquo;un RDV pour le retrait.<\/mark><\/em><\/p>\n<\/div><\/div>\n\n\n\n<div style=\"height:22px\" aria-hidden=\"true\" class=\"wp-block-spacer\"><\/div>\n\n\n\n<div class=\"wp-block-media-text is-stacked-on-mobile\" style=\"grid-template-columns:15% auto\"><figure class=\"wp-block-media-text__media\"><a href=\"https:\/\/www.facebook.com\/profile.php?id=61560497546439\"><img loading=\"lazy\" decoding=\"async\" width=\"472\" height=\"472\" src=\"https:\/\/siteguillaumetesting2.online\/wp-content\/uploads\/2024\/11\/BAM.png\" alt=\"\" class=\"wp-image-1328 size-full\" srcset=\"https:\/\/siteguillaumetesting2.online\/wp-content\/uploads\/2024\/11\/BAM.png 472w, https:\/\/siteguillaumetesting2.online\/wp-content\/uploads\/2024\/11\/BAM-300x300.png 300w, https:\/\/siteguillaumetesting2.online\/wp-content\/uploads\/2024\/11\/BAM-150x150.png 150w, https:\/\/siteguillaumetesting2.online\/wp-content\/uploads\/2024\/11\/BAM-250x250.png 250w, https:\/\/siteguillaumetesting2.online\/wp-content\/uploads\/2024\/11\/BAM-200x200.png 200w, https:\/\/siteguillaumetesting2.online\/wp-content\/uploads\/2024\/11\/BAM-100x100.png 100w\" sizes=\"auto, (max-width: 472px) 100vw, 472px\" \/><\/a><\/figure><div class=\"wp-block-media-text__content\">\n<p>\u00e0 Magnat l&rsquo;Etrange (23), au <a href=\"https:\/\/www.facebook.com\/profile.php?id=61560497546439\">BAM<\/a>, Bar associatif<\/p>\n\n\n\n<p>Centre-bourg, 23260 Magnat l&rsquo;Etrange<\/p>\n\n\n\n<p><em><mark style=\"background-color:rgba(0, 0, 0, 0);color:#750040\" class=\"has-inline-color\"><em><mark style=\"background-color:rgba(0, 0, 0, 0);color:#750040\" class=\"has-inline-color\">Uniquement pour les commandes pass\u00e9es sur le site. <em><em><mark style=\"background-color:rgba(0, 0, 0, 0);color:#750040\" class=\"has-inline-color\">Commandez, payez en ligne et cochez \u00ab\u00a0retrait au BAM\u00a0\u00bb dans les informations de livraison.<\/mark><\/em><\/em><\/mark><\/em> <strong>Livraisons ponctuelles<\/strong>, nous vous informerons de nos dates de livraisons sur <\/mark><a href=\"https:\/\/www.facebook.com\/potionsauvage\/\"><mark style=\"background-color:rgba(0, 0, 0, 0);color:#390722\" class=\"has-inline-color\">Facebook<\/mark><\/a><mark style=\"background-color:rgba(0, 0, 0, 0);color:#750040\" class=\"has-inline-color\">.<\/mark><\/em><\/p>\n<\/div><\/div>\n\n\n\n<div style=\"height:22px\" aria-hidden=\"true\" class=\"wp-block-spacer\"><\/div>\n\n\n\n<div class=\"wp-block-media-text is-stacked-on-mobile\" style=\"grid-template-columns:15% auto\"><figure class=\"wp-block-media-text__media\"><a href=\"https:\/\/www.facebook.com\/profile.php?id=61564394975176\"><img loading=\"lazy\" decoding=\"async\" width=\"300\" height=\"300\" src=\"https:\/\/siteguillaumetesting2.online\/wp-content\/uploads\/2024\/08\/trois-topines.png\" alt=\"\" class=\"wp-image-1163 size-full\" srcset=\"https:\/\/siteguillaumetesting2.online\/wp-content\/uploads\/2024\/08\/trois-topines.png 300w, https:\/\/siteguillaumetesting2.online\/wp-content\/uploads\/2024\/08\/trois-topines-150x150.png 150w, https:\/\/siteguillaumetesting2.online\/wp-content\/uploads\/2024\/08\/trois-topines-250x250.png 250w, https:\/\/siteguillaumetesting2.online\/wp-content\/uploads\/2024\/08\/trois-topines-200x200.png 200w, https:\/\/siteguillaumetesting2.online\/wp-content\/uploads\/2024\/08\/trois-topines-100x100.png 100w\" sizes=\"auto, (max-width: 300px) 100vw, 300px\" \/><\/a><\/figure><div class=\"wp-block-media-text__content\">\n<p>\u00e0 Souvigny (03), au bar des <a href=\"https:\/\/www.facebook.com\/profile.php?id=61564394975176\">Trois Topines<\/a><\/p>\n\n\n\n<p>9 place Aristide Briand, 03210 Souvigny<\/p>\n\n\n\n<p><em><mark style=\"background-color:rgba(0, 0, 0, 0);color:#750040\" class=\"has-inline-color\">Uniquement pour les commandes pass\u00e9es sur le site. <em><em><mark style=\"background-color:rgba(0, 0, 0, 0);color:#750040\" class=\"has-inline-color\">Commandez, payez en ligne et cochez \u00ab\u00a0retrait aux Trois topines\u00a0\u00bb dans les informations de livraison. <\/mark><\/em><\/em><strong>Livraisons ponctuelles<\/strong>, nous vous informerons de nos dates de livraisons sur <\/mark><a href=\"https:\/\/www.facebook.com\/potionsauvage\/\"><mark style=\"background-color:rgba(0, 0, 0, 0);color:#390722\" class=\"has-inline-color\">Facebook<\/mark><\/a><mark style=\"background-color:rgba(0, 0, 0, 0);color:#750040\" class=\"has-inline-color\">.<\/mark><\/em><\/p>\n<\/div><\/div>\n\n\n\n<p><\/p>\n","protected":false},"excerpt":{"rendered":"<p>Vous pouvez retrouver nos produits dans diff\u00e9rents points de vente : La cagette des Combr&rsquo;ail (une fois par mois, en [&hellip;]<\/p>\n","protected":false},"author":1,"featured_media":0,"parent":0,"menu_order":0,"comment_status":"closed","ping_status":"closed","template":"","meta":{"site-sidebar-layout":"default","site-content-layout":"","ast-site-content-layout":"default","site-content-style":"default","site-sidebar-style":"default","ast-global-header-display":"","ast-banner-title-visibility":"","ast-main-header-display":"","ast-hfb-above-header-display":"","ast-hfb-below-header-display":"","ast-hfb-mobile-header-display":"","site-post-title":"","ast-breadcrumbs-content":"","ast-featured-img":"","footer-sml-layout":"","theme-transparent-header-meta":"","adv-header-id-meta":"","stick-header-meta":"","header-above-stick-meta":"","header-main-stick-meta":"","header-below-stick-meta":"","astra-migrate-meta-layouts":"default","ast-page-background-enabled":"default","ast-page-background-meta":{"desktop":{"background-color":"var(--ast-global-color-4)","background-image":"","background-repeat":"repeat","background-position":"center center","background-size":"auto","background-attachment":"scroll","background-type":"","background-media":"","overlay-type":"","overlay-color":"","overlay-opacity":"","overlay-gradient":""},"tablet":{"background-color":"","background-image":"","background-repeat":"repeat","background-position":"center center","background-size":"auto","background-attachment":"scroll","background-type":"","background-media":"","overlay-type":"","overlay-color":"","overlay-opacity":"","overlay-gradient":""},"mobile":{"background-color":"","background-image":"","background-repeat":"repeat","background-position":"center center","background-size":"auto","background-attachment":"scroll","background-type":"","background-media":"","overlay-type":"","overlay-color":"","overlay-opacity":"","overlay-gradient":""}},"ast-content-background-meta":{"desktop":{"background-color":"var(--ast-global-color-5)","background-image":"","background-repeat":"repeat","background-position":"center center","background-size":"auto","background-attachment":"scroll","background-type":"","background-media":"","overlay-type":"","overlay-color":"","overlay-opacity":"","overlay-gradient":""},"tablet":{"background-color":"var(--ast-global-color-5)","background-image":"","background-repeat":"repeat","background-position":"center center","background-size":"auto","background-attachment":"scroll","background-type":"","background-media":"","overlay-type":"","overlay-color":"","overlay-opacity":"","overlay-gradient":""},"mobile":{"background-color":"var(--ast-global-color-5)","background-image":"","background-repeat":"repeat","background-position":"center center","background-size":"auto","background-attachment":"scroll","background-type":"","background-media":"","overlay-type":"","overlay-color":"","overlay-opacity":"","overlay-gradient":""}},"_themeisle_gutenberg_block_has_review":false,"footnotes":""},"class_list":["post-1054","page","type-page","status-publish","hentry"],"_links":{"self":[{"href":"https:\/\/siteguillaumetesting2.online\/index.php\/wp-json\/wp\/v2\/pages\/1054","targetHints":{"allow":["GET"]}}],"collection":[{"href":"https:\/\/siteguillaumetesting2.online\/index.php\/wp-json\/wp\/v2\/pages"}],"about":[{"href":"https:\/\/siteguillaumetesting2.online\/index.php\/wp-json\/wp\/v2\/types\/page"}],"author":[{"embeddable":true,"href":"https:\/\/siteguillaumetesting2.online\/index.php\/wp-json\/wp\/v2\/users\/1"}],"replies":[{"embeddable":true,"href":"https:\/\/siteguillaumetesting2.online\/index.php\/wp-json\/wp\/v2\/comments?post=1054"}],"version-history":[{"count":10,"href":"https:\/\/siteguillaumetesting2.online\/index.php\/wp-json\/wp\/v2\/pages\/1054\/revisions"}],"predecessor-version":[{"id":1810,"href":"https:\/\/siteguillaumetesting2.online\/index.php\/wp-json\/wp\/v2\/pages\/1054\/revisions\/1810"}],"wp:attachment":[{"href":"https:\/\/siteguillaumetesting2.online\/index.php\/wp-json\/wp\/v2\/media?parent=1054"}],"curies":[{"name":"wp","href":"https:\/\/api.w.org\/{rel}","templated":true}]}}