{"id":1056,"date":"2024-04-17T10:30:57","date_gmt":"2024-04-17T08:30:57","guid":{"rendered":"https:\/\/siteguillaumetesting2.online\/?page_id=1056"},"modified":"2025-09-25T16:30:46","modified_gmt":"2025-09-25T14:30:46","slug":"la-savonnerie","status":"publish","type":"page","link":"https:\/\/siteguillaumetesting2.online\/index.php\/la-savonnerie\/","title":{"rendered":"La savonnerie"},"content":{"rendered":"\n<p><strong>Potion Sauvage<\/strong> est une savonnerie artisanale nich\u00e9e au c\u0153ur des Combrailles, \u00e0 Dontreix (Creuse). Anim\u00e9s par le respect de la nature et le go\u00fbt du geste authentique, nous fa\u00e7onnons \u00e0 la main des <strong>savons saponifi\u00e9s \u00e0 froid<\/strong>, des <strong>baumes<\/strong>, des <strong>beurres v\u00e9g\u00e9taux<\/strong> et des accessoires fabriqu\u00e9s artisanalement. Toutes nos huiles et beurres v\u00e9g\u00e9taux sont certifi\u00e9s <strong>biologiques<\/strong>, et nous refusons l\u2019usage d\u2019huile de palme, de parfums ou colorants artificiels, de produits issus de la p\u00e9trochimie ou de graisses animales.<\/p>\n\n\n\n<p>\ud83d\udcdc <strong>Nos engagements &amp; principes<\/strong><\/p>\n\n\n\n<ul class=\"wp-block-list\">\n<li>Tous nos produits \u2014 savons, baumes, beurres, accessoires \u2014 sont <strong>fabriqu\u00e9s \u00e0 la main<\/strong>, dans notre atelier, en petites s\u00e9ries<\/li>\n\n\n\n<li>Nous utilisons des ingr\u00e9dients <strong>v\u00e9g\u00e9taux<\/strong> <strong>biologiques<\/strong><\/li>\n\n\n\n<li>Pas d\u2019huile de palme, pas de graisse animale, pas de parfums ou de colorants artificiels, et pas d\u2019huiles essentielles pour certains produits. Cela garantit des savons plus neutres en odeur, doux et accessibles \u00e0 tous les types de peaux<\/li>\n\n\n\n<li>Une formulation <strong>pure et minimaliste<\/strong> : des compositions simples et \u00e9pur\u00e9es, pour que chaque ingr\u00e9dient compte. Nous portons attention avant tout \u00e0 l\u2019efficacit\u00e9 naturelle.<\/li>\n\n\n\n<li>Une attention particuli\u00e8re port\u00e9e \u00e0 l\u2019\u00e9coresponsabilit\u00e9 :<br>\u2003\u2022 Limitation des emballages<br>\u2003\u2022 \u00c9tiquettes imprim\u00e9es en France<br>\u2003\u2022 Retraits possibles directement \u00e0 la savonnerie ou dans certains points partenaires, pour encourager le circuit court<\/li>\n<\/ul>\n\n\n\n<p><\/p>\n\n\n\n<div style=\"height:47px\" aria-hidden=\"true\" class=\"wp-block-spacer\"><\/div>\n\n\n\n<figure class=\"wp-block-image aligncenter size-large is-resized\"><img loading=\"lazy\" decoding=\"async\" width=\"1024\" height=\"325\" src=\"https:\/\/siteguillaumetesting2.online\/wp-content\/uploads\/2024\/04\/IMG-20200702-WA0070-bis-1024x325.jpg\" alt=\"\" class=\"wp-image-1057\" style=\"width:882px;height:auto\" srcset=\"https:\/\/siteguillaumetesting2.online\/wp-content\/uploads\/2024\/04\/IMG-20200702-WA0070-bis-1024x325.jpg 1024w, https:\/\/siteguillaumetesting2.online\/wp-content\/uploads\/2024\/04\/IMG-20200702-WA0070-bis-300x95.jpg 300w, https:\/\/siteguillaumetesting2.online\/wp-content\/uploads\/2024\/04\/IMG-20200702-WA0070-bis-768x244.jpg 768w, https:\/\/siteguillaumetesting2.online\/wp-content\/uploads\/2024\/04\/IMG-20200702-WA0070-bis-1536x488.jpg 1536w, https:\/\/siteguillaumetesting2.online\/wp-content\/uploads\/2024\/04\/IMG-20200702-WA0070-bis-1320x419.jpg 1320w, https:\/\/siteguillaumetesting2.online\/wp-content\/uploads\/2024\/04\/IMG-20200702-WA0070-bis.jpg 1600w\" sizes=\"auto, (max-width: 1024px) 100vw, 1024px\" \/><\/figure>\n\n\n\n<div style=\"height:47px\" aria-hidden=\"true\" class=\"wp-block-spacer\"><\/div>\n\n\n\n<p class=\"has-text-align-center\">La savonnerie est situ\u00e9e \u00e0 La Gaye, dans la commune de Dontreix (23700) au coeur des Combrailles.<\/p>\n\n\n\n<p class=\"has-text-align-center\">Il est possible de commander vos produits en ligne et de venir les retirer directement \u00e0 la savonnerie, les mercredis et samedis matins sur RDV !<\/p>\n\n\n\n<p class=\"has-text-align-center\">Nous pouvons \u00e9galement vous envoyer votre commande. Pour cela, il vous suffit de commander en ligne :<\/p>\n\n\n\n<hr class=\"wp-block-separator has-alpha-channel-opacity\"\/>\n\n\n\n<div class=\"wp-block-buttons is-content-justification-center is-layout-flex wp-container-core-buttons-is-layout-a89b3969 wp-block-buttons-is-layout-flex\">\n<div class=\"wp-block-button\"><a class=\"wp-block-button__link wp-element-button\" href=\"https:\/\/siteguillaumetesting2.online\/index.php\/boutique\/\" target=\"_blank\" rel=\"noreferrer noopener\">Commander en ligne<\/a><\/div>\n<\/div>\n\n\n\n<div style=\"height:100px\" aria-hidden=\"true\" class=\"wp-block-spacer\"><\/div>\n","protected":false},"excerpt":{"rendered":"<p>Potion Sauvage est une savonnerie artisanale nich\u00e9e au c\u0153ur des Combrailles, \u00e0 Dontreix (Creuse). Anim\u00e9s par le respect de la [&hellip;]<\/p>\n","protected":false},"author":1,"featured_media":0,"parent":0,"menu_order":0,"comment_status":"closed","ping_status":"closed","template":"","meta":{"site-sidebar-layout":"default","site-content-layout":"","ast-site-content-layout":"default","site-content-style":"default","site-sidebar-style":"default","ast-global-header-display":"","ast-banner-title-visibility":"","ast-main-header-display":"","ast-hfb-above-header-display":"","ast-hfb-below-header-display":"","ast-hfb-mobile-header-display":"","site-post-title":"","ast-breadcrumbs-content":"","ast-featured-img":"","footer-sml-layout":"","theme-transparent-header-meta":"","adv-header-id-meta":"","stick-header-meta":"","header-above-stick-meta":"","header-main-stick-meta":"","header-below-stick-meta":"","astra-migrate-meta-layouts":"default","ast-page-background-enabled":"default","ast-page-background-meta":{"desktop":{"background-color":"var(--ast-global-color-4)","background-image":"","background-repeat":"repeat","background-position":"center center","background-size":"auto","background-attachment":"scroll","background-type":"","background-media":"","overlay-type":"","overlay-color":"","overlay-opacity":"","overlay-gradient":""},"tablet":{"background-color":"","background-image":"","background-repeat":"repeat","background-position":"center center","background-size":"auto","background-attachment":"scroll","background-type":"","background-media":"","overlay-type":"","overlay-color":"","overlay-opacity":"","overlay-gradient":""},"mobile":{"background-color":"","background-image":"","background-repeat":"repeat","background-position":"center center","background-size":"auto","background-attachment":"scroll","background-type":"","background-media":"","overlay-type":"","overlay-color":"","overlay-opacity":"","overlay-gradient":""}},"ast-content-background-meta":{"desktop":{"background-color":"var(--ast-global-color-5)","background-image":"","background-repeat":"repeat","background-position":"center center","background-size":"auto","background-attachment":"scroll","background-type":"","background-media":"","overlay-type":"","overlay-color":"","overlay-opacity":"","overlay-gradient":""},"tablet":{"background-color":"var(--ast-global-color-5)","background-image":"","background-repeat":"repeat","background-position":"center center","background-size":"auto","background-attachment":"scroll","background-type":"","background-media":"","overlay-type":"","overlay-color":"","overlay-opacity":"","overlay-gradient":""},"mobile":{"background-color":"var(--ast-global-color-5)","background-image":"","background-repeat":"repeat","background-position":"center center","background-size":"auto","background-attachment":"scroll","background-type":"","background-media":"","overlay-type":"","overlay-color":"","overlay-opacity":"","overlay-gradient":""}},"_themeisle_gutenberg_block_has_review":false,"footnotes":""},"class_list":["post-1056","page","type-page","status-publish","hentry"],"_links":{"self":[{"href":"https:\/\/siteguillaumetesting2.online\/index.php\/wp-json\/wp\/v2\/pages\/1056","targetHints":{"allow":["GET"]}}],"collection":[{"href":"https:\/\/siteguillaumetesting2.online\/index.php\/wp-json\/wp\/v2\/pages"}],"about":[{"href":"https:\/\/siteguillaumetesting2.online\/index.php\/wp-json\/wp\/v2\/types\/page"}],"author":[{"embeddable":true,"href":"https:\/\/siteguillaumetesting2.online\/index.php\/wp-json\/wp\/v2\/users\/1"}],"replies":[{"embeddable":true,"href":"https:\/\/siteguillaumetesting2.online\/index.php\/wp-json\/wp\/v2\/comments?post=1056"}],"version-history":[{"count":2,"href":"https:\/\/siteguillaumetesting2.online\/index.php\/wp-json\/wp\/v2\/pages\/1056\/revisions"}],"predecessor-version":[{"id":1765,"href":"https:\/\/siteguillaumetesting2.online\/index.php\/wp-json\/wp\/v2\/pages\/1056\/revisions\/1765"}],"wp:attachment":[{"href":"https:\/\/siteguillaumetesting2.online\/index.php\/wp-json\/wp\/v2\/media?parent=1056"}],"curies":[{"name":"wp","href":"https:\/\/api.w.org\/{rel}","templated":true}]}}