{"id":309,"date":"2020-01-13T11:17:52","date_gmt":"2020-01-13T11:17:52","guid":{"rendered":"https:\/\/demosites.io\/web-agency-gb\/?page_id=5"},"modified":"2025-09-25T16:39:00","modified_gmt":"2025-09-25T14:39:00","slug":"15c42-web-agency-gb-home","status":"publish","type":"page","link":"https:\/\/siteguillaumetesting2.online\/","title":{"rendered":"Potion sauvage"},"content":{"rendered":"\n<div class=\"wp-block-cover alignfull\" style=\"min-height:883px;aspect-ratio:unset;\"><span aria-hidden=\"true\" class=\"wp-block-cover__background has-nv-light-bg-background-color has-background-dim-100 has-background-dim\"><\/span><div class=\"wp-block-cover__inner-container is-layout-flow wp-block-cover-is-layout-flow\">\n<div class=\"wp-block-group is-layout-flow wp-block-group-is-layout-flow\">\n<div class=\"wp-block-columns is-layout-flex wp-container-core-columns-is-layout-28f84493 wp-block-columns-is-layout-flex\">\n<div class=\"wp-block-column is-vertically-aligned-top is-layout-flow wp-block-column-is-layout-flow\" style=\"flex-basis:50%\">\n<figure class=\"wp-block-image aligncenter size-full is-resized\"><img loading=\"lazy\" decoding=\"async\" width=\"2000\" height=\"2000\" src=\"https:\/\/siteguillaumetesting2.online\/wp-content\/uploads\/2024\/02\/Stickers-Potion-Sauvage-1.png\" alt=\"\" class=\"wp-image-577\" style=\"width:501px;height:auto\" srcset=\"https:\/\/siteguillaumetesting2.online\/wp-content\/uploads\/2024\/02\/Stickers-Potion-Sauvage-1.png 2000w, https:\/\/siteguillaumetesting2.online\/wp-content\/uploads\/2024\/02\/Stickers-Potion-Sauvage-1-300x300.png 300w, https:\/\/siteguillaumetesting2.online\/wp-content\/uploads\/2024\/02\/Stickers-Potion-Sauvage-1-100x100.png 100w, https:\/\/siteguillaumetesting2.online\/wp-content\/uploads\/2024\/02\/Stickers-Potion-Sauvage-1-1024x1024.png 1024w, https:\/\/siteguillaumetesting2.online\/wp-content\/uploads\/2024\/02\/Stickers-Potion-Sauvage-1-150x150.png 150w, https:\/\/siteguillaumetesting2.online\/wp-content\/uploads\/2024\/02\/Stickers-Potion-Sauvage-1-768x768.png 768w, https:\/\/siteguillaumetesting2.online\/wp-content\/uploads\/2024\/02\/Stickers-Potion-Sauvage-1-1536x1536.png 1536w, https:\/\/siteguillaumetesting2.online\/wp-content\/uploads\/2024\/02\/Stickers-Potion-Sauvage-1-1320x1320.png 1320w\" sizes=\"auto, (max-width: 2000px) 100vw, 2000px\" \/><\/figure>\n<\/div>\n\n\n\n<div class=\"wp-block-column is-vertically-aligned-stretch is-layout-flow wp-block-column-is-layout-flow\" style=\"flex-basis:50%\">\n<h2 class=\"wp-block-heading has-text-align-center has-neve-text-color-color has-text-color\"><mark style=\"background-color:rgba(0, 0, 0, 0);color:#5b6449\" class=\"has-inline-color\">Savons saponifi\u00e9s \u00e0 froid, baumes et beurres v\u00e9g\u00e9taux &amp;<\/mark> <mark style=\"background-color:rgba(0, 0, 0, 0);color:#5b6449\" class=\"has-inline-color\">petits accessoires<\/mark><\/h2>\n\n\n\n<p class=\"has-text-align-center has-neve-text-color-color has-text-color\" style=\"font-size:17px\"><mark style=\"background-color:rgba(0, 0, 0, 0);color:#5b6449\" class=\"has-inline-color\">D\u00e9couvrez nos savons saponifi\u00e9s \u00e0 froid, baumes et beurres v\u00e9g\u00e9taux, fabriqu\u00e9s dans les Combrailles, \u00e0 Dontreix (23).<\/mark><\/p>\n\n\n\n<p><mark style=\"background-color:rgba(0, 0, 0, 0);color:#5b6449\" class=\"has-inline-color\">Chez <strong>Potion Sauvage<\/strong>, nous fabriquons \u00e0 la main, dans notre atelier situ\u00e9 au coeur des Combrailles, des savons et soins simples, naturels et respectueux de vous et de l&rsquo;environnement. <mark style=\"background-color:rgba(0, 0, 0, 0);color:#5b6449\" class=\"has-inline-color\">\ud83c\udf3f<\/mark><br>Ici, pas de superflu : des ingr\u00e9dients v\u00e9g\u00e9taux biologiques, sans huile de palme, sans parfums ni colorants artificiels.<\/mark><\/p>\n\n\n\n<p><mark style=\"background-color:rgba(0, 0, 0, 0);color:#5b6449\" class=\"has-inline-color\">Nos engagements :<br>\u2728 Des recettes douces, pens\u00e9es pour toutes les peaux, m\u00eame les plus fragiles.<br>\u2728 Des produits \u00e9coresponsables, avec un minimum d\u2019emballage et des \u00e9tiquettes imprim\u00e9es en France.<br>\u2728 Une fabrication artisanale locale, en petites s\u00e9ries, pour pr\u00e9server authenticit\u00e9 et qualit\u00e9.<\/mark><\/p>\n\n\n\n<p class=\"has-text-align-center\"><mark style=\"background-color:rgba(0, 0, 0, 0);color:#5b6449\" class=\"has-inline-color\">Miel, plantes sauvages, beurres et huiles v\u00e9g\u00e9tales\u2026 nous puisons dans les tr\u00e9sors de la nature pour cr\u00e9er des potions douces, efficaces et authentiques. \ud83d\udc1d\ud83c\udf38<\/mark><\/p>\n\n\n\n<p class=\"has-text-align-center\"><mark style=\"background-color:rgba(0, 0, 0, 0);color:#5b6449\" class=\"has-inline-color\">Parce que prendre soin de soi peut aussi \u00eatre un geste pour la plan\u00e8te, nous proposons une gamme compl\u00e8te de savons, baumes, beurres, et accessoires z\u00e9ro d\u00e9chet. \ud83c\udf0d\ud83d\udc9b<\/mark><\/p>\n\n\n\n<div class=\"wp-block-buttons alignwide is-horizontal is-content-justification-center is-layout-flex wp-container-core-buttons-is-layout-03627597 wp-block-buttons-is-layout-flex\">\n<div class=\"wp-block-button is-style-primary\"><a class=\"wp-block-button__link wp-element-button\" href=\"https:\/\/siteguillaumetesting2.online\/index.php\/catalogue\/\" target=\"_blank\" rel=\"noreferrer noopener\">CATALOGUE<\/a><\/div>\n\n\n\n<div class=\"wp-block-button is-style-primary\"><a class=\"wp-block-button__link wp-element-button\" href=\"https:\/\/siteguillaumetesting2.online\/index.php\/boutique\/\" target=\"_blank\" rel=\"noreferrer noopener\">COMMANDER<\/a><\/div>\n\n\n\n<div class=\"wp-block-button is-style-primary\"><a class=\"wp-block-button__link wp-element-button\" href=\"https:\/\/siteguillaumetesting2.online\/index.php\/points-de-vente\/\">POINTS DE VENTE<\/a><\/div>\n<\/div>\n\n\n\n<div style=\"height:8px\" aria-hidden=\"true\" class=\"wp-block-spacer\"><\/div>\n\n\n\n<p class=\"has-text-align-center\"><mark style=\"background-color:rgba(0, 0, 0, 0);color:#5b6449\" class=\"has-inline-color\">N&rsquo;h\u00e9sitez pas \u00e0 t\u00e9l\u00e9charger le catalogue et \u00e0 vous inscrire \u00e0 la newsletter afin de vous tenir au courant des derni\u00e8res actualit\u00e9s et d&rsquo;\u00eatre inform\u00e9s de nos productions !<\/mark><\/p>\n\n\n\n<p class=\"has-text-align-center\"><strong><mark style=\"background-color:rgba(0, 0, 0, 0);color:#b24c06\" class=\"has-inline-color\">LIVRAISON GRATUITE en point relais \u00e0 partir de 80\u20ac d&rsquo;achats !<\/mark><\/strong><\/p>\n\n\n\n<p><mark style=\"background-color:rgba(0, 0, 0, 0);color:#5b6449\" class=\"has-inline-color\"><\/mark><\/p>\n\n\n\n<div style=\"height:18px\" aria-hidden=\"true\" class=\"wp-block-spacer\"><\/div>\n<\/div>\n<\/div>\n\n\n\n<div class=\"wp-block-group alignwide is-layout-constrained wp-block-group-is-layout-constrained\">\n<div class=\"wp-block-group is-content-justification-center is-nowrap is-layout-flex wp-container-core-group-is-layout-23441af8 wp-block-group-is-layout-flex\">\n<figure class=\"wp-block-image alignleft size-full is-resized\"><a href=\"https:\/\/siteguillaumetesting2.online\/index.php\/produit\/miel\/\"><img loading=\"lazy\" decoding=\"async\" width=\"472\" height=\"472\" src=\"https:\/\/siteguillaumetesting2.online\/wp-content\/uploads\/2023\/11\/sticker-Miel.png\" alt=\"\" class=\"wp-image-407\" style=\"width:100px;height:auto\" srcset=\"https:\/\/siteguillaumetesting2.online\/wp-content\/uploads\/2023\/11\/sticker-Miel.png 472w, https:\/\/siteguillaumetesting2.online\/wp-content\/uploads\/2023\/11\/sticker-Miel-300x300.png 300w, https:\/\/siteguillaumetesting2.online\/wp-content\/uploads\/2023\/11\/sticker-Miel-100x100.png 100w, https:\/\/siteguillaumetesting2.online\/wp-content\/uploads\/2023\/11\/sticker-Miel-150x150.png 150w\" sizes=\"auto, (max-width: 472px) 100vw, 472px\" \/><\/a><\/figure>\n\n\n\n<figure class=\"wp-block-image alignleft size-full is-resized\"><a href=\"https:\/\/siteguillaumetesting2.online\/index.php\/produit\/curcuma\/\"><img loading=\"lazy\" decoding=\"async\" width=\"472\" height=\"472\" src=\"https:\/\/siteguillaumetesting2.online\/wp-content\/uploads\/2023\/11\/sticker-curcuma.png\" alt=\"\" class=\"wp-image-419\" style=\"width:100px;height:auto\" srcset=\"https:\/\/siteguillaumetesting2.online\/wp-content\/uploads\/2023\/11\/sticker-curcuma.png 472w, https:\/\/siteguillaumetesting2.online\/wp-content\/uploads\/2023\/11\/sticker-curcuma-300x300.png 300w, https:\/\/siteguillaumetesting2.online\/wp-content\/uploads\/2023\/11\/sticker-curcuma-100x100.png 100w, https:\/\/siteguillaumetesting2.online\/wp-content\/uploads\/2023\/11\/sticker-curcuma-150x150.png 150w\" sizes=\"auto, (max-width: 472px) 100vw, 472px\" \/><\/a><\/figure>\n\n\n\n<figure class=\"wp-block-image alignleft size-full is-resized\"><a href=\"https:\/\/siteguillaumetesting2.online\/index.php\/produit\/apres-soleil\/\"><img loading=\"lazy\" decoding=\"async\" width=\"472\" height=\"472\" src=\"https:\/\/siteguillaumetesting2.online\/wp-content\/uploads\/2023\/11\/sticker-soleil-ete.png\" alt=\"\" class=\"wp-image-418\" style=\"width:100px;height:auto\" srcset=\"https:\/\/siteguillaumetesting2.online\/wp-content\/uploads\/2023\/11\/sticker-soleil-ete.png 472w, https:\/\/siteguillaumetesting2.online\/wp-content\/uploads\/2023\/11\/sticker-soleil-ete-300x300.png 300w, https:\/\/siteguillaumetesting2.online\/wp-content\/uploads\/2023\/11\/sticker-soleil-ete-100x100.png 100w, https:\/\/siteguillaumetesting2.online\/wp-content\/uploads\/2023\/11\/sticker-soleil-ete-150x150.png 150w\" sizes=\"auto, (max-width: 472px) 100vw, 472px\" \/><\/a><\/figure>\n\n\n\n<figure class=\"wp-block-image alignleft size-full is-resized\"><a href=\"https:\/\/siteguillaumetesting2.online\/index.php\/produit\/castille\/\"><img loading=\"lazy\" decoding=\"async\" width=\"472\" height=\"472\" src=\"https:\/\/siteguillaumetesting2.online\/wp-content\/uploads\/2024\/01\/Castille.png\" alt=\"\" class=\"wp-image-408\" style=\"width:100px;height:auto\" srcset=\"https:\/\/siteguillaumetesting2.online\/wp-content\/uploads\/2024\/01\/Castille.png 472w, https:\/\/siteguillaumetesting2.online\/wp-content\/uploads\/2024\/01\/Castille-300x300.png 300w, https:\/\/siteguillaumetesting2.online\/wp-content\/uploads\/2024\/01\/Castille-150x150.png 150w, https:\/\/siteguillaumetesting2.online\/wp-content\/uploads\/2024\/01\/Castille-100x100.png 100w\" sizes=\"auto, (max-width: 472px) 100vw, 472px\" \/><\/a><\/figure>\n\n\n\n<figure class=\"wp-block-image alignleft size-full is-resized\"><a href=\"https:\/\/siteguillaumetesting2.online\/index.php\/produit\/visages\/\"><img loading=\"lazy\" decoding=\"async\" width=\"472\" height=\"472\" src=\"https:\/\/siteguillaumetesting2.online\/wp-content\/uploads\/2023\/11\/sticker-visages.png\" alt=\"\" class=\"wp-image-409\" style=\"width:100px;height:auto\" srcset=\"https:\/\/siteguillaumetesting2.online\/wp-content\/uploads\/2023\/11\/sticker-visages.png 472w, https:\/\/siteguillaumetesting2.online\/wp-content\/uploads\/2023\/11\/sticker-visages-300x300.png 300w, https:\/\/siteguillaumetesting2.online\/wp-content\/uploads\/2023\/11\/sticker-visages-100x100.png 100w, https:\/\/siteguillaumetesting2.online\/wp-content\/uploads\/2023\/11\/sticker-visages-150x150.png 150w\" sizes=\"auto, (max-width: 472px) 100vw, 472px\" \/><\/a><\/figure>\n\n\n\n<figure class=\"wp-block-image alignleft size-full is-resized\"><a href=\"https:\/\/siteguillaumetesting2.online\/index.php\/produit\/avant-soleil\/\"><img loading=\"lazy\" decoding=\"async\" width=\"472\" height=\"472\" src=\"https:\/\/siteguillaumetesting2.online\/wp-content\/uploads\/2024\/01\/avant-Soleil.png\" alt=\"\" class=\"wp-image-410\" style=\"width:100px;height:auto\" srcset=\"https:\/\/siteguillaumetesting2.online\/wp-content\/uploads\/2024\/01\/avant-Soleil.png 472w, https:\/\/siteguillaumetesting2.online\/wp-content\/uploads\/2024\/01\/avant-Soleil-300x300.png 300w, https:\/\/siteguillaumetesting2.online\/wp-content\/uploads\/2024\/01\/avant-Soleil-150x150.png 150w, https:\/\/siteguillaumetesting2.online\/wp-content\/uploads\/2024\/01\/avant-Soleil-100x100.png 100w\" sizes=\"auto, (max-width: 472px) 100vw, 472px\" \/><\/a><\/figure>\n\n\n\n<figure class=\"wp-block-image alignleft size-full is-resized\"><a href=\"https:\/\/siteguillaumetesting2.online\/index.php\/produit\/charbon\/\"><img loading=\"lazy\" decoding=\"async\" width=\"472\" height=\"472\" src=\"https:\/\/siteguillaumetesting2.online\/wp-content\/uploads\/2023\/11\/sticker-charbon.png\" alt=\"\" class=\"wp-image-417\" style=\"width:100px;height:auto\" srcset=\"https:\/\/siteguillaumetesting2.online\/wp-content\/uploads\/2023\/11\/sticker-charbon.png 472w, https:\/\/siteguillaumetesting2.online\/wp-content\/uploads\/2023\/11\/sticker-charbon-300x300.png 300w, https:\/\/siteguillaumetesting2.online\/wp-content\/uploads\/2023\/11\/sticker-charbon-100x100.png 100w, https:\/\/siteguillaumetesting2.online\/wp-content\/uploads\/2023\/11\/sticker-charbon-150x150.png 150w\" sizes=\"auto, (max-width: 472px) 100vw, 472px\" \/><\/a><\/figure>\n\n\n\n<figure class=\"wp-block-image alignleft size-full is-resized\"><a href=\"https:\/\/siteguillaumetesting2.online\/index.php\/produit\/chococo\/\"><img loading=\"lazy\" decoding=\"async\" width=\"472\" height=\"472\" src=\"https:\/\/siteguillaumetesting2.online\/wp-content\/uploads\/2023\/11\/Stickers-chococo.png\" alt=\"\" class=\"wp-image-402\" style=\"width:100px;height:auto\" srcset=\"https:\/\/siteguillaumetesting2.online\/wp-content\/uploads\/2023\/11\/Stickers-chococo.png 472w, https:\/\/siteguillaumetesting2.online\/wp-content\/uploads\/2023\/11\/Stickers-chococo-300x300.png 300w, https:\/\/siteguillaumetesting2.online\/wp-content\/uploads\/2023\/11\/Stickers-chococo-100x100.png 100w, https:\/\/siteguillaumetesting2.online\/wp-content\/uploads\/2023\/11\/Stickers-chococo-150x150.png 150w\" sizes=\"auto, (max-width: 472px) 100vw, 472px\" \/><\/a><\/figure>\n<\/div>\n\n\n\n<div class=\"wp-block-group is-nowrap is-layout-flex wp-container-core-group-is-layout-6c531013 wp-block-group-is-layout-flex\"><\/div>\n<\/div>\n<\/div>\n\n\n\n<p class=\"has-text-align-center\"><mark style=\"background-color:rgba(0, 0, 0, 0);color:#59945a\" class=\"has-inline-color\"><\/mark><\/p>\n<\/div><\/div>\n","protected":false},"excerpt":{"rendered":"","protected":false},"author":1,"featured_media":0,"parent":0,"menu_order":0,"comment_status":"closed","ping_status":"closed","template":"","meta":{"site-sidebar-layout":"default","site-content-layout":"","ast-site-content-layout":"default","site-content-style":"default","site-sidebar-style":"default","ast-global-header-display":"","ast-banner-title-visibility":"","ast-main-header-display":"","ast-hfb-above-header-display":"","ast-hfb-below-header-display":"","ast-hfb-mobile-header-display":"","site-post-title":"disabled","ast-breadcrumbs-content":"","ast-featured-img":"","footer-sml-layout":"","theme-transparent-header-meta":"","adv-header-id-meta":"","stick-header-meta":"","header-above-stick-meta":"","header-main-stick-meta":"","header-below-stick-meta":"","astra-migrate-meta-layouts":"default","ast-page-background-enabled":"default","ast-page-background-meta":{"desktop":{"background-color":"var(--ast-global-color-4)","background-image":"","background-repeat":"repeat","background-position":"center center","background-size":"auto","background-attachment":"scroll","background-type":"","background-media":"","overlay-type":"","overlay-color":"","overlay-opacity":"","overlay-gradient":""},"tablet":{"background-color":"","background-image":"","background-repeat":"repeat","background-position":"center center","background-size":"auto","background-attachment":"scroll","background-type":"","background-media":"","overlay-type":"","overlay-color":"","overlay-opacity":"","overlay-gradient":""},"mobile":{"background-color":"","background-image":"","background-repeat":"repeat","background-position":"center center","background-size":"auto","background-attachment":"scroll","background-type":"","background-media":"","overlay-type":"","overlay-color":"","overlay-opacity":"","overlay-gradient":""}},"ast-content-background-meta":{"desktop":{"background-color":"var(--ast-global-color-5)","background-image":"","background-repeat":"repeat","background-position":"center center","background-size":"auto","background-attachment":"scroll","background-type":"","background-media":"","overlay-type":"","overlay-color":"","overlay-opacity":"","overlay-gradient":""},"tablet":{"background-color":"var(--ast-global-color-5)","background-image":"","background-repeat":"repeat","background-position":"center center","background-size":"auto","background-attachment":"scroll","background-type":"","background-media":"","overlay-type":"","overlay-color":"","overlay-opacity":"","overlay-gradient":""},"mobile":{"background-color":"var(--ast-global-color-5)","background-image":"","background-repeat":"repeat","background-position":"center center","background-size":"auto","background-attachment":"scroll","background-type":"","background-media":"","overlay-type":"","overlay-color":"","overlay-opacity":"","overlay-gradient":""}},"_themeisle_gutenberg_block_has_review":false,"footnotes":""},"class_list":["post-309","page","type-page","status-publish","hentry"],"_links":{"self":[{"href":"https:\/\/siteguillaumetesting2.online\/index.php\/wp-json\/wp\/v2\/pages\/309","targetHints":{"allow":["GET"]}}],"collection":[{"href":"https:\/\/siteguillaumetesting2.online\/index.php\/wp-json\/wp\/v2\/pages"}],"about":[{"href":"https:\/\/siteguillaumetesting2.online\/index.php\/wp-json\/wp\/v2\/types\/page"}],"author":[{"embeddable":true,"href":"https:\/\/siteguillaumetesting2.online\/index.php\/wp-json\/wp\/v2\/users\/1"}],"replies":[{"embeddable":true,"href":"https:\/\/siteguillaumetesting2.online\/index.php\/wp-json\/wp\/v2\/comments?post=309"}],"version-history":[{"count":4,"href":"https:\/\/siteguillaumetesting2.online\/index.php\/wp-json\/wp\/v2\/pages\/309\/revisions"}],"predecessor-version":[{"id":1889,"href":"https:\/\/siteguillaumetesting2.online\/index.php\/wp-json\/wp\/v2\/pages\/309\/revisions\/1889"}],"wp:attachment":[{"href":"https:\/\/siteguillaumetesting2.online\/index.php\/wp-json\/wp\/v2\/media?parent=309"}],"curies":[{"name":"wp","href":"https:\/\/api.w.org\/{rel}","templated":true}]}}