{"id":378,"date":"2023-11-06T20:56:42","date_gmt":"2023-11-06T19:56:42","guid":{"rendered":"https:\/\/siteguillaumetesting2.online\/?page_id=378"},"modified":"2024-10-29T12:01:47","modified_gmt":"2024-10-29T11:01:47","slug":"catalogue","status":"publish","type":"page","link":"https:\/\/siteguillaumetesting2.online\/index.php\/catalogue\/","title":{"rendered":"Catalogue"},"content":{"rendered":"\n<blockquote class=\"wp-block-quote is-layout-flow wp-block-quote-is-layout-flow\">\n<p class=\"has-text-align-center\"><strong>A Potion Sauvage, tout est fait main !<\/strong><\/p>\n\n\n\n<p class=\"has-text-align-center\"><em>De la fabrication des savons jusqu&rsquo;\u00e0 leur emballage (\u00e9tiquettes imprim\u00e9es par nos soins sur du papier fabriqu\u00e9 en France).<\/em><\/p>\n<\/blockquote>\n\n\n\n<div class=\"wp-block-buttons is-content-justification-center is-layout-flex wp-container-core-buttons-is-layout-a89b3969 wp-block-buttons-is-layout-flex\">\n<div class=\"wp-block-button\"><a class=\"wp-block-button__link has-text-align-center wp-element-button\" href=\"https:\/\/siteguillaumetesting2.online\/index.php\/boutique\/\" target=\"_blank\" rel=\"noreferrer noopener\">Boutique en ligne<\/a><\/div>\n<\/div>\n\n\n\n<p><\/p>\n\n\n\n<p class=\"has-text-align-left\">Dans notre catalogue, vous trouverez diff\u00e9rentes gammes de produits. Dans nos savons, vous ne trouverez aucun facilitant ou colorant artificiel, aucune graisse animale, pas d&rsquo;huile de palme ou d&rsquo;huiles essentielles ! Ils sont fabriqu\u00e9s de fa\u00e7on responsable et sont totalement biod\u00e9gradables. Nos savons peuvent donc convenir \u00e0 tous et \u00e0 tout type de peaux.<\/p>\n\n\n\n<ul class=\"wp-block-list\">\n<li>Les <strong>sauvages <\/strong>: ces savons sont con\u00e7us pour un usage quotidien et ils sont adapt\u00e9s \u00e0 tous les types de peaux. Les huiles et beurres v\u00e9g\u00e9taux utilis\u00e9s sont biologiques et les additifs employ\u00e9s pour leurs vertus permettent une coloration naturelle.<\/li>\n\n\n\n<li>Les <strong>potions <\/strong>: pens\u00e9s pour un usage pr\u00e9cis, ces savons sont fabriqu\u00e9s avec des huiles et beurres biologiques et pr\u00e9cieux. Ainsi, ils conviendront aux peaux sensibles et fragiles car ils sont \u00e9labor\u00e9s pour un besoin particulier pour chaque formule. Leur usage peut \u00eatre quotidien ou plus ponctuel, en alternance avec un savon sauvage !<\/li>\n\n\n\n<li>Les <strong>baumes et beurres v\u00e9g\u00e9taux<\/strong> : ils sont \u00e9labor\u00e9s \u00e0 partir de mac\u00e9r\u00e2ts huileux, issus de nos cueillettes. Nous solarisons ensuite les plantes dans une huile d\u2019olive biologique. Nous n\u2019ajoutons pas de conservateur, ils sont donc \u00e0 conserver au frais, \u00e0 l\u2019abri de la lumi\u00e8re.<\/li>\n\n\n\n<li>Les <strong>m\u00e9nagers <\/strong>: cette gamme va s\u2019agrandir sous peu ! Retrouvez pour l\u2019instant un d\u00e9tergent pour la vaisselle et un d\u00e9tachant pour le linge. A venir : lessive et savon atelier \u2026 tr\u00e8s bient\u00f4t !<\/li>\n\n\n\n<li>Les <strong>accessoires <\/strong>: dans une volont\u00e9 z\u00e9ro d\u00e9chet et \u00e9cologique, nous vous proposons des accessoires cousus main afin d\u2019accompagner vos savons dans votre salle de bain, lors de vos d\u00e9placements ou m\u00eame jusque dans la cuisine !<\/li>\n<\/ul>\n\n\n\n<p><\/p>\n\n\n\n<p><\/p>\n\n\n\n<div id=\"wp-block-themeisle-blocks-tabs-ab769a5b\" class=\"wp-block-themeisle-blocks-tabs aligncenter\"><div class=\"wp-block-themeisle-blocks-tabs__content\">\n<div data-title=\"Savonnerie\" class=\"wp-block-themeisle-blocks-tabs-item\"><div class=\"wp-block-themeisle-blocks-tabs-item__header\" tabindex=\"0\">Savonnerie<\/div><div class=\"wp-block-themeisle-blocks-tabs-item__content\">\n<figure class=\"wp-block-image aligncenter size-large is-resized\"><img loading=\"lazy\" decoding=\"async\" width=\"585\" height=\"1024\" src=\"https:\/\/siteguillaumetesting2.online\/wp-content\/uploads\/2024\/01\/Flyer-octobre-2024-1-585x1024.png\" alt=\"\" class=\"wp-image-524\" style=\"width:524px;height:auto\" srcset=\"https:\/\/siteguillaumetesting2.online\/wp-content\/uploads\/2024\/01\/Flyer-octobre-2024-1-585x1024.png 585w, https:\/\/siteguillaumetesting2.online\/wp-content\/uploads\/2024\/01\/Flyer-octobre-2024-1-171x300.png 171w, https:\/\/siteguillaumetesting2.online\/wp-content\/uploads\/2024\/01\/Flyer-octobre-2024-1-768x1344.png 768w, https:\/\/siteguillaumetesting2.online\/wp-content\/uploads\/2024\/01\/Flyer-octobre-2024-1-878x1536.png 878w, https:\/\/siteguillaumetesting2.online\/wp-content\/uploads\/2024\/01\/Flyer-octobre-2024-1-250x437.png 250w, https:\/\/siteguillaumetesting2.online\/wp-content\/uploads\/2024\/01\/Flyer-octobre-2024-1-200x350.png 200w, https:\/\/siteguillaumetesting2.online\/wp-content\/uploads\/2024\/01\/Flyer-octobre-2024-1.png 1143w\" sizes=\"auto, (max-width: 585px) 100vw, 585px\" \/><\/figure>\n<\/div><\/div>\n\n\n\n<div data-title=\"Les sauvages\" class=\"wp-block-themeisle-blocks-tabs-item\"><div class=\"wp-block-themeisle-blocks-tabs-item__header\" tabindex=\"0\">Les sauvages<\/div><div class=\"wp-block-themeisle-blocks-tabs-item__content\">\n<figure class=\"wp-block-image aligncenter size-large is-resized\"><img loading=\"lazy\" decoding=\"async\" width=\"585\" height=\"1024\" src=\"https:\/\/siteguillaumetesting2.online\/wp-content\/uploads\/2024\/10\/Flyer-octobre-2024-2-585x1024.png\" alt=\"\" class=\"wp-image-1226\" style=\"width:524px;height:auto\" srcset=\"https:\/\/siteguillaumetesting2.online\/wp-content\/uploads\/2024\/10\/Flyer-octobre-2024-2-585x1024.png 585w, https:\/\/siteguillaumetesting2.online\/wp-content\/uploads\/2024\/10\/Flyer-octobre-2024-2-171x300.png 171w, https:\/\/siteguillaumetesting2.online\/wp-content\/uploads\/2024\/10\/Flyer-octobre-2024-2-768x1344.png 768w, https:\/\/siteguillaumetesting2.online\/wp-content\/uploads\/2024\/10\/Flyer-octobre-2024-2-878x1536.png 878w, https:\/\/siteguillaumetesting2.online\/wp-content\/uploads\/2024\/10\/Flyer-octobre-2024-2-250x437.png 250w, https:\/\/siteguillaumetesting2.online\/wp-content\/uploads\/2024\/10\/Flyer-octobre-2024-2-200x350.png 200w, https:\/\/siteguillaumetesting2.online\/wp-content\/uploads\/2024\/10\/Flyer-octobre-2024-2.png 1143w\" sizes=\"auto, (max-width: 585px) 100vw, 585px\" \/><\/figure>\n<\/div><\/div>\n\n\n\n<div data-title=\"Les potions\" class=\"wp-block-themeisle-blocks-tabs-item\"><div class=\"wp-block-themeisle-blocks-tabs-item__header\" tabindex=\"0\">Les potions<\/div><div class=\"wp-block-themeisle-blocks-tabs-item__content\">\n<figure class=\"wp-block-image aligncenter size-large is-resized\"><img loading=\"lazy\" decoding=\"async\" width=\"585\" height=\"1024\" src=\"https:\/\/siteguillaumetesting2.online\/wp-content\/uploads\/2024\/01\/Flyer-fevrier-2025-3-585x1024.png\" alt=\"\" class=\"wp-image-526\" style=\"width:526px;height:auto\" srcset=\"https:\/\/siteguillaumetesting2.online\/wp-content\/uploads\/2024\/01\/Flyer-fevrier-2025-3-585x1024.png 585w, https:\/\/siteguillaumetesting2.online\/wp-content\/uploads\/2024\/01\/Flyer-fevrier-2025-3-171x300.png 171w, https:\/\/siteguillaumetesting2.online\/wp-content\/uploads\/2024\/01\/Flyer-fevrier-2025-3-768x1344.png 768w, https:\/\/siteguillaumetesting2.online\/wp-content\/uploads\/2024\/01\/Flyer-fevrier-2025-3-878x1536.png 878w, https:\/\/siteguillaumetesting2.online\/wp-content\/uploads\/2024\/01\/Flyer-fevrier-2025-3-250x437.png 250w, https:\/\/siteguillaumetesting2.online\/wp-content\/uploads\/2024\/01\/Flyer-fevrier-2025-3-200x350.png 200w, https:\/\/siteguillaumetesting2.online\/wp-content\/uploads\/2024\/01\/Flyer-fevrier-2025-3.png 1143w\" sizes=\"auto, (max-width: 585px) 100vw, 585px\" \/><\/figure>\n<\/div><\/div>\n\n\n\n<div data-title=\"Les baumes\" class=\"wp-block-themeisle-blocks-tabs-item\"><div class=\"wp-block-themeisle-blocks-tabs-item__header\" tabindex=\"0\">Les baumes<\/div><div class=\"wp-block-themeisle-blocks-tabs-item__content\">\n<figure class=\"wp-block-image aligncenter size-large is-resized\"><img loading=\"lazy\" decoding=\"async\" width=\"585\" height=\"1024\" src=\"https:\/\/siteguillaumetesting2.online\/wp-content\/uploads\/2024\/01\/Flyer-nouvelle-version-585x1024.png\" alt=\"\" class=\"wp-image-1227\" style=\"width:527px;height:auto\" srcset=\"https:\/\/siteguillaumetesting2.online\/wp-content\/uploads\/2024\/01\/Flyer-nouvelle-version-585x1024.png 585w, https:\/\/siteguillaumetesting2.online\/wp-content\/uploads\/2024\/01\/Flyer-nouvelle-version-171x300.png 171w, https:\/\/siteguillaumetesting2.online\/wp-content\/uploads\/2024\/01\/Flyer-nouvelle-version-768x1344.png 768w, https:\/\/siteguillaumetesting2.online\/wp-content\/uploads\/2024\/01\/Flyer-nouvelle-version-878x1536.png 878w, https:\/\/siteguillaumetesting2.online\/wp-content\/uploads\/2024\/01\/Flyer-nouvelle-version-250x437.png 250w, https:\/\/siteguillaumetesting2.online\/wp-content\/uploads\/2024\/01\/Flyer-nouvelle-version-200x350.png 200w, https:\/\/siteguillaumetesting2.online\/wp-content\/uploads\/2024\/01\/Flyer-nouvelle-version.png 1143w\" sizes=\"auto, (max-width: 585px) 100vw, 585px\" \/><\/figure>\n<\/div><\/div>\n\n\n\n<div data-title=\"Les beurres\" class=\"wp-block-themeisle-blocks-tabs-item\"><div class=\"wp-block-themeisle-blocks-tabs-item__header\" tabindex=\"0\">Les beurres<\/div><div class=\"wp-block-themeisle-blocks-tabs-item__content\">\n<figure class=\"wp-block-image aligncenter size-large is-resized\"><img loading=\"lazy\" decoding=\"async\" width=\"585\" height=\"1024\" src=\"https:\/\/siteguillaumetesting2.online\/wp-content\/uploads\/2024\/01\/Flyer-octobre-2024-5-585x1024.png\" alt=\"\" class=\"wp-image-1228\" style=\"width:529px;height:auto\" srcset=\"https:\/\/siteguillaumetesting2.online\/wp-content\/uploads\/2024\/01\/Flyer-octobre-2024-5-585x1024.png 585w, https:\/\/siteguillaumetesting2.online\/wp-content\/uploads\/2024\/01\/Flyer-octobre-2024-5-171x300.png 171w, https:\/\/siteguillaumetesting2.online\/wp-content\/uploads\/2024\/01\/Flyer-octobre-2024-5-768x1344.png 768w, https:\/\/siteguillaumetesting2.online\/wp-content\/uploads\/2024\/01\/Flyer-octobre-2024-5-878x1536.png 878w, https:\/\/siteguillaumetesting2.online\/wp-content\/uploads\/2024\/01\/Flyer-octobre-2024-5-250x437.png 250w, https:\/\/siteguillaumetesting2.online\/wp-content\/uploads\/2024\/01\/Flyer-octobre-2024-5-200x350.png 200w, https:\/\/siteguillaumetesting2.online\/wp-content\/uploads\/2024\/01\/Flyer-octobre-2024-5.png 1143w\" sizes=\"auto, (max-width: 585px) 100vw, 585px\" \/><\/figure>\n<\/div><\/div>\n\n\n\n<div data-title=\"Les m\u00e9nagers\" class=\"wp-block-themeisle-blocks-tabs-item\"><div class=\"wp-block-themeisle-blocks-tabs-item__header\" tabindex=\"0\">Les m\u00e9nagers<\/div><div class=\"wp-block-themeisle-blocks-tabs-item__content\">\n<figure class=\"wp-block-image size-large is-resized\"><img loading=\"lazy\" decoding=\"async\" width=\"585\" height=\"1024\" src=\"https:\/\/siteguillaumetesting2.online\/wp-content\/uploads\/2024\/10\/Flyer-octobre-2024-6-585x1024.png\" alt=\"\" class=\"wp-image-1230\" style=\"width:529px;height:auto\" srcset=\"https:\/\/siteguillaumetesting2.online\/wp-content\/uploads\/2024\/10\/Flyer-octobre-2024-6-585x1024.png 585w, https:\/\/siteguillaumetesting2.online\/wp-content\/uploads\/2024\/10\/Flyer-octobre-2024-6-171x300.png 171w, https:\/\/siteguillaumetesting2.online\/wp-content\/uploads\/2024\/10\/Flyer-octobre-2024-6-768x1344.png 768w, https:\/\/siteguillaumetesting2.online\/wp-content\/uploads\/2024\/10\/Flyer-octobre-2024-6-878x1536.png 878w, https:\/\/siteguillaumetesting2.online\/wp-content\/uploads\/2024\/10\/Flyer-octobre-2024-6-250x437.png 250w, https:\/\/siteguillaumetesting2.online\/wp-content\/uploads\/2024\/10\/Flyer-octobre-2024-6-200x350.png 200w, https:\/\/siteguillaumetesting2.online\/wp-content\/uploads\/2024\/10\/Flyer-octobre-2024-6.png 1143w\" sizes=\"auto, (max-width: 585px) 100vw, 585px\" \/><\/figure>\n<\/div><\/div>\n\n\n\n<div data-title=\"Les accessoires\" class=\"wp-block-themeisle-blocks-tabs-item\"><div class=\"wp-block-themeisle-blocks-tabs-item__header\" tabindex=\"0\">Les accessoires<\/div><div class=\"wp-block-themeisle-blocks-tabs-item__content\">\n<figure class=\"wp-block-image aligncenter size-large is-resized\"><img loading=\"lazy\" decoding=\"async\" width=\"878\" height=\"1536\" src=\"https:\/\/siteguillaumetesting2.online\/wp-content\/uploads\/2024\/01\/Flyer-aout-24-5-878x1536.png\" alt=\"\" class=\"wp-image-527\" style=\"width:536px;height:auto\" srcset=\"https:\/\/siteguillaumetesting2.online\/wp-content\/uploads\/2024\/01\/Flyer-aout-24-5-878x1536.png 878w, https:\/\/siteguillaumetesting2.online\/wp-content\/uploads\/2024\/01\/Flyer-aout-24-5-171x300.png 171w, https:\/\/siteguillaumetesting2.online\/wp-content\/uploads\/2024\/01\/Flyer-aout-24-5-585x1024.png 585w, https:\/\/siteguillaumetesting2.online\/wp-content\/uploads\/2024\/01\/Flyer-aout-24-5-768x1344.png 768w, https:\/\/siteguillaumetesting2.online\/wp-content\/uploads\/2024\/01\/Flyer-aout-24-5-250x437.png 250w, https:\/\/siteguillaumetesting2.online\/wp-content\/uploads\/2024\/01\/Flyer-aout-24-5-200x350.png 200w, https:\/\/siteguillaumetesting2.online\/wp-content\/uploads\/2024\/01\/Flyer-aout-24-5.png 1143w\" sizes=\"auto, (max-width: 878px) 100vw, 878px\" \/><\/figure>\n<\/div><\/div>\n<\/div><\/div>\n\n\n\n<p><\/p>\n\n\n\n<div id=\"wp-block-themeisle-blocks-button-group-f416e105\" class=\"wp-block-themeisle-blocks-button-group wp-block-buttons align-center-desktop\">\n<div id=\"wp-block-themeisle-blocks-button-aacb5216\" class=\"wp-block-themeisle-blocks-button wp-block-button\"><a href=\"https:\/\/siteguillaumetesting2.online\/wp-content\/uploads\/2024\/01\/Flyer-nouvelle-version-1.pdf\" target=\"_blank\" rel=\"noopener noreferrer\" class=\"wp-block-button__link\"><span>T\u00e9l\u00e9charger le catalogue<\/span><\/a><\/div>\n<\/div>\n\n\n\n<p><\/p>\n\n\n\n<div style=\"height:45px\" aria-hidden=\"true\" class=\"wp-block-spacer\"><\/div>\n\n\n\n<p><\/p>\n","protected":false},"excerpt":{"rendered":"<p>A Potion Sauvage, tout est fait main ! De la fabrication des savons jusqu&rsquo;\u00e0 leur emballage (\u00e9tiquettes imprim\u00e9es par nos [&hellip;]<\/p>\n","protected":false},"author":1,"featured_media":0,"parent":0,"menu_order":0,"comment_status":"closed","ping_status":"closed","template":"","meta":{"site-sidebar-layout":"default","site-content-layout":"","ast-site-content-layout":"default","site-content-style":"default","site-sidebar-style":"default","ast-global-header-display":"","ast-banner-title-visibility":"","ast-main-header-display":"","ast-hfb-above-header-display":"","ast-hfb-below-header-display":"","ast-hfb-mobile-header-display":"","site-post-title":"","ast-breadcrumbs-content":"","ast-featured-img":"","footer-sml-layout":"","theme-transparent-header-meta":"","adv-header-id-meta":"","stick-header-meta":"","header-above-stick-meta":"","header-main-stick-meta":"","header-below-stick-meta":"","astra-migrate-meta-layouts":"default","ast-page-background-enabled":"default","ast-page-background-meta":{"desktop":{"background-color":"var(--ast-global-color-4)","background-image":"","background-repeat":"repeat","background-position":"center center","background-size":"auto","background-attachment":"scroll","background-type":"","background-media":"","overlay-type":"","overlay-color":"","overlay-opacity":"","overlay-gradient":""},"tablet":{"background-color":"","background-image":"","background-repeat":"repeat","background-position":"center center","background-size":"auto","background-attachment":"scroll","background-type":"","background-media":"","overlay-type":"","overlay-color":"","overlay-opacity":"","overlay-gradient":""},"mobile":{"background-color":"","background-image":"","background-repeat":"repeat","background-position":"center center","background-size":"auto","background-attachment":"scroll","background-type":"","background-media":"","overlay-type":"","overlay-color":"","overlay-opacity":"","overlay-gradient":""}},"ast-content-background-meta":{"desktop":{"background-color":"var(--ast-global-color-5)","background-image":"","background-repeat":"repeat","background-position":"center center","background-size":"auto","background-attachment":"scroll","background-type":"","background-media":"","overlay-type":"","overlay-color":"","overlay-opacity":"","overlay-gradient":""},"tablet":{"background-color":"var(--ast-global-color-5)","background-image":"","background-repeat":"repeat","background-position":"center center","background-size":"auto","background-attachment":"scroll","background-type":"","background-media":"","overlay-type":"","overlay-color":"","overlay-opacity":"","overlay-gradient":""},"mobile":{"background-color":"var(--ast-global-color-5)","background-image":"","background-repeat":"repeat","background-position":"center center","background-size":"auto","background-attachment":"scroll","background-type":"","background-media":"","overlay-type":"","overlay-color":"","overlay-opacity":"","overlay-gradient":""}},"_themeisle_gutenberg_block_has_review":false,"footnotes":""},"class_list":["post-378","page","type-page","status-publish","hentry"],"_links":{"self":[{"href":"https:\/\/siteguillaumetesting2.online\/index.php\/wp-json\/wp\/v2\/pages\/378","targetHints":{"allow":["GET"]}}],"collection":[{"href":"https:\/\/siteguillaumetesting2.online\/index.php\/wp-json\/wp\/v2\/pages"}],"about":[{"href":"https:\/\/siteguillaumetesting2.online\/index.php\/wp-json\/wp\/v2\/types\/page"}],"author":[{"embeddable":true,"href":"https:\/\/siteguillaumetesting2.online\/index.php\/wp-json\/wp\/v2\/users\/1"}],"replies":[{"embeddable":true,"href":"https:\/\/siteguillaumetesting2.online\/index.php\/wp-json\/wp\/v2\/comments?post=378"}],"version-history":[{"count":0,"href":"https:\/\/siteguillaumetesting2.online\/index.php\/wp-json\/wp\/v2\/pages\/378\/revisions"}],"wp:attachment":[{"href":"https:\/\/siteguillaumetesting2.online\/index.php\/wp-json\/wp\/v2\/media?parent=378"}],"curies":[{"name":"wp","href":"https:\/\/api.w.org\/{rel}","templated":true}]}}