{"id":558,"date":"2024-01-29T13:40:27","date_gmt":"2024-01-29T12:40:27","guid":{"rendered":"https:\/\/siteguillaumetesting2.online\/?page_id=558"},"modified":"2024-04-17T12:10:36","modified_gmt":"2024-04-17T10:10:36","slug":"points-de-vente","status":"publish","type":"page","link":"https:\/\/siteguillaumetesting2.online\/index.php\/points-de-vente\/","title":{"rendered":"O\u00f9 nous trouver"},"content":{"rendered":"\n<div style=\"height:12px\" aria-hidden=\"true\" class=\"wp-block-spacer\"><\/div>\n\n\n\n<div id=\"wp-block-themeisle-blocks-button-group-d6a5f84f\" class=\"wp-block-themeisle-blocks-button-group wp-block-buttons align-center-desktop\">\n<div id=\"wp-block-themeisle-blocks-button-1339ea32\" class=\"wp-block-themeisle-blocks-button wp-block-button\"><a href=\"https:\/\/siteguillaumetesting2.online\/index.php\/la-savonnerie\/\" target=\"_self\" rel=\"noopener noreferrer\" class=\"wp-block-button__link\"><span><strong>La savonnerie<\/strong><\/span><\/a><\/div>\n\n\n\n<div id=\"wp-block-themeisle-blocks-button-59148b18\" class=\"wp-block-themeisle-blocks-button wp-block-button\"><a href=\"https:\/\/siteguillaumetesting2.online\/index.php\/dates-a-retenir\/\" target=\"_self\" rel=\"noopener noreferrer\" class=\"wp-block-button__link\"><span><strong>\u00c9v\u00e9nements \u00e0 venir<\/strong><\/span><\/a><\/div>\n\n\n\n<div id=\"wp-block-themeisle-blocks-button-7eba3995\" class=\"wp-block-themeisle-blocks-button wp-block-button\"><a href=\"https:\/\/siteguillaumetesting2.online\/index.php\/points-de-vente-2\/\" target=\"_self\" rel=\"noopener noreferrer\" class=\"wp-block-button__link\"><span><strong>Points de vente<\/strong><\/span><\/a><\/div>\n<\/div>\n\n\n\n<div style=\"height:38px\" aria-hidden=\"true\" class=\"wp-block-spacer\"><\/div>\n\n\n\n<figure class=\"wp-block-image aligncenter size-large is-resized\"><img loading=\"lazy\" decoding=\"async\" width=\"1024\" height=\"477\" src=\"https:\/\/siteguillaumetesting2.online\/wp-content\/uploads\/2024\/04\/gamme-1-1024x477.jpg\" alt=\"\" class=\"wp-image-1070\" style=\"width:588px;height:auto\" srcset=\"https:\/\/siteguillaumetesting2.online\/wp-content\/uploads\/2024\/04\/gamme-1-1024x477.jpg 1024w, https:\/\/siteguillaumetesting2.online\/wp-content\/uploads\/2024\/04\/gamme-1-300x140.jpg 300w, https:\/\/siteguillaumetesting2.online\/wp-content\/uploads\/2024\/04\/gamme-1-768x358.jpg 768w, https:\/\/siteguillaumetesting2.online\/wp-content\/uploads\/2024\/04\/gamme-1-1536x716.jpg 1536w, https:\/\/siteguillaumetesting2.online\/wp-content\/uploads\/2024\/04\/gamme-1-1320x615.jpg 1320w, https:\/\/siteguillaumetesting2.online\/wp-content\/uploads\/2024\/04\/gamme-1.jpg 1920w\" sizes=\"auto, (max-width: 1024px) 100vw, 1024px\" \/><\/figure>\n","protected":false},"excerpt":{"rendered":"","protected":false},"author":1,"featured_media":0,"parent":0,"menu_order":0,"comment_status":"closed","ping_status":"closed","template":"","meta":{"site-sidebar-layout":"default","site-content-layout":"","ast-site-content-layout":"default","site-content-style":"default","site-sidebar-style":"default","ast-global-header-display":"","ast-banner-title-visibility":"","ast-main-header-display":"","ast-hfb-above-header-display":"","ast-hfb-below-header-display":"","ast-hfb-mobile-header-display":"","site-post-title":"","ast-breadcrumbs-content":"","ast-featured-img":"","footer-sml-layout":"","theme-transparent-header-meta":"","adv-header-id-meta":"","stick-header-meta":"","header-above-stick-meta":"","header-main-stick-meta":"","header-below-stick-meta":"","astra-migrate-meta-layouts":"default","ast-page-background-enabled":"default","ast-page-background-meta":{"desktop":{"background-color":"var(--ast-global-color-4)","background-image":"","background-repeat":"repeat","background-position":"center center","background-size":"auto","background-attachment":"scroll","background-type":"","background-media":"","overlay-type":"","overlay-color":"","overlay-opacity":"","overlay-gradient":""},"tablet":{"background-color":"","background-image":"","background-repeat":"repeat","background-position":"center center","background-size":"auto","background-attachment":"scroll","background-type":"","background-media":"","overlay-type":"","overlay-color":"","overlay-opacity":"","overlay-gradient":""},"mobile":{"background-color":"","background-image":"","background-repeat":"repeat","background-position":"center center","background-size":"auto","background-attachment":"scroll","background-type":"","background-media":"","overlay-type":"","overlay-color":"","overlay-opacity":"","overlay-gradient":""}},"ast-content-background-meta":{"desktop":{"background-color":"var(--ast-global-color-5)","background-image":"","background-repeat":"repeat","background-position":"center center","background-size":"auto","background-attachment":"scroll","background-type":"","background-media":"","overlay-type":"","overlay-color":"","overlay-opacity":"","overlay-gradient":""},"tablet":{"background-color":"var(--ast-global-color-5)","background-image":"","background-repeat":"repeat","background-position":"center center","background-size":"auto","background-attachment":"scroll","background-type":"","background-media":"","overlay-type":"","overlay-color":"","overlay-opacity":"","overlay-gradient":""},"mobile":{"background-color":"var(--ast-global-color-5)","background-image":"","background-repeat":"repeat","background-position":"center center","background-size":"auto","background-attachment":"scroll","background-type":"","background-media":"","overlay-type":"","overlay-color":"","overlay-opacity":"","overlay-gradient":""}},"_themeisle_gutenberg_block_has_review":false,"footnotes":""},"class_list":["post-558","page","type-page","status-publish","hentry"],"_links":{"self":[{"href":"https:\/\/siteguillaumetesting2.online\/index.php\/wp-json\/wp\/v2\/pages\/558","targetHints":{"allow":["GET"]}}],"collection":[{"href":"https:\/\/siteguillaumetesting2.online\/index.php\/wp-json\/wp\/v2\/pages"}],"about":[{"href":"https:\/\/siteguillaumetesting2.online\/index.php\/wp-json\/wp\/v2\/types\/page"}],"author":[{"embeddable":true,"href":"https:\/\/siteguillaumetesting2.online\/index.php\/wp-json\/wp\/v2\/users\/1"}],"replies":[{"embeddable":true,"href":"https:\/\/siteguillaumetesting2.online\/index.php\/wp-json\/wp\/v2\/comments?post=558"}],"version-history":[{"count":0,"href":"https:\/\/siteguillaumetesting2.online\/index.php\/wp-json\/wp\/v2\/pages\/558\/revisions"}],"wp:attachment":[{"href":"https:\/\/siteguillaumetesting2.online\/index.php\/wp-json\/wp\/v2\/media?parent=558"}],"curies":[{"name":"wp","href":"https:\/\/api.w.org\/{rel}","templated":true}]}}