{"id":1110,"date":"2024-06-11T11:08:58","date_gmt":"2024-06-11T09:08:58","guid":{"rendered":"https:\/\/siteguillaumetesting2.online\/?post_type=product&#038;p=1110"},"modified":"2026-01-28T11:01:32","modified_gmt":"2026-01-28T10:01:32","slug":"detachant","status":"publish","type":"product","link":"https:\/\/siteguillaumetesting2.online\/index.php\/produit\/detachant\/","title":{"rendered":"D\u00e9tachant"},"content":{"rendered":"<p class=\"cvGsUA direction-ltr align-justify para-style-body\"><strong><span class=\"OYPEnA text-decoration-none text-strikethrough-none\">Savon d\u00e9tachant, saponifi\u00e9 \u00e0 froid, sousgras \u00e0 10% <\/span><\/strong><em><span class=\"OYPEnA text-decoration-none text-strikethrough-none\">(ne convient pas \u00e0 un usage cosm\u00e9tique)<\/span><\/em><span class=\"OYPEnA text-decoration-none text-strikethrough-none\">. <\/span>60 g<\/p>\n<p>&nbsp;<\/p>\n<p data-start=\"96\" data-end=\"152\"><strong data-start=\"96\" data-end=\"150\">\ud83e\uddfc L\u2019alli\u00e9 naturel contre les taches du quotidien \ud83e\uddfc\u2728<\/strong><\/p>\n<p data-start=\"154\" data-end=\"415\">Un savon solide artisanal, formul\u00e9 sp\u00e9cialement pour \u00e9liminer efficacement les taches tenaces sur les textiles, tout en restant doux pour l\u2019environnement. Sa composition simple et naturelle en fait une alternative \u00e9cologique et saine aux d\u00e9tachants chimiques.<\/p>\n<p data-start=\"154\" data-end=\"415\">\n<p data-start=\"422\" data-end=\"442\">\ud83c\udf3c <strong>Bienfaits :<\/strong><\/p>\n<ul>\n<li data-start=\"445\" data-end=\"508\">\u00c9limine les taches de graisse, vin, fruits, herbe, sang, etc.<\/li>\n<li data-start=\"511\" data-end=\"565\">Convient \u00e0 tous types de textiles (coton, lin, etc.)<\/li>\n<li data-start=\"568\" data-end=\"626\">Formule naturelle, biod\u00e9gradable et sans additifs nocifs<\/li>\n<li data-start=\"629\" data-end=\"669\">Compact et pratique, il dure longtemps !<\/li>\n<\/ul>\n<p>&nbsp;<\/p>\n<p data-start=\"676\" data-end=\"709\">\ud83d\udca1 <strong>Conseils d\u2019utilisation :<\/strong><\/p>\n<ul>\n<li data-start=\"712\" data-end=\"752\">Humidifier le tissu tach\u00e9 et le savon.<\/li>\n<li data-start=\"755\" data-end=\"799\">Frotter directement le savon sur la tache.<\/li>\n<li data-start=\"802\" data-end=\"834\">Laisser agir quelques minutes.<\/li>\n<li data-start=\"837\" data-end=\"894\">Rincer \u00e0 l\u2019eau claire ou mettre directement en machine.<\/li>\n<\/ul>\n<p data-start=\"896\" data-end=\"978\">\ud83d\udc49 Id\u00e9al en compl\u00e9ment du savon vaisselle solide pour une maison z\u00e9ro d\u00e9chet ! \ud83c\udf0d<\/p>\n<p data-start=\"896\" data-end=\"978\">\n<p data-start=\"985\" data-end=\"1021\">\ud83c\udf3f <strong>Ingr\u00e9dients cl\u00e9s :<\/strong><\/p>\n<ul>\n<li data-start=\"1024\" data-end=\"1097\"><strong data-start=\"1100\" data-end=\"1117\">Huile de coco<\/strong> : apporte un fort pouvoir nettoyant et d\u00e9graissant<\/li>\n<li data-start=\"1173\" data-end=\"1253\"><strong data-start=\"1173\" data-end=\"1204\">Carbonate de sodium (soude)<\/strong> : renforce l\u2019action d\u00e9tachante et d\u00e9graissante<\/li>\n<\/ul>\n<p class=\"cvGsUA direction-ltr align-justify para-style-body\"><span class=\"OYPEnA text-decoration-none text-strikethrough-none\">\u00a0<\/span><\/p>\n<p class=\"cvGsUA direction-ltr align-justify para-style-body\"><span class=\"OYPEnA text-decoration-none text-strikethrough-none\">Ingr\u00e9dients : beurre de coco.<\/span><\/p>\n","protected":false},"excerpt":{"rendered":"<p>Savon d\u00e9tachant, pour tout type de taches sur textile. 60g<\/p>\n<p>\u2728 <strong>Le secret naturel contre les taches tenaces<\/strong> \ud83d\udc55<br \/>\n\ud83c\udf3c Formul\u00e9 \u00e0 base d\u2019huiles v\u00e9g\u00e9tales saponifi\u00e9es \u00e0 froid.<br \/>\n\ud83d\udca7 \u00c9limine efficacement taches de graisse, vin, herbe, maquillage.<br \/>\n\ud83c\udf31 Alternative saine et \u00e9cologique aux d\u00e9tachants chimiques.<br \/>\n\u267b\ufe0f Respectueux de la peau et de l\u2019environnement.<\/p>\n","protected":false},"featured_media":1111,"comment_status":"open","ping_status":"closed","template":"","meta":{"site-sidebar-layout":"default","site-content-layout":"","ast-site-content-layout":"default","site-content-style":"default","site-sidebar-style":"default","ast-global-header-display":"","ast-banner-title-visibility":"","ast-main-header-display":"","ast-hfb-above-header-display":"","ast-hfb-below-header-display":"","ast-hfb-mobile-header-display":"","site-post-title":"","ast-breadcrumbs-content":"","ast-featured-img":"","footer-sml-layout":"","theme-transparent-header-meta":"default","adv-header-id-meta":"","stick-header-meta":"","header-above-stick-meta":"","header-main-stick-meta":"","header-below-stick-meta":"","astra-migrate-meta-layouts":"set","ast-page-background-enabled":"default","ast-page-background-meta":{"desktop":{"background-color":"var(--ast-global-color-4)","background-image":"","background-repeat":"repeat","background-position":"center center","background-size":"auto","background-attachment":"scroll","background-type":"","background-media":"","overlay-type":"","overlay-color":"","overlay-opacity":"","overlay-gradient":""},"tablet":{"background-color":"","background-image":"","background-repeat":"repeat","background-position":"center center","background-size":"auto","background-attachment":"scroll","background-type":"","background-media":"","overlay-type":"","overlay-color":"","overlay-opacity":"","overlay-gradient":""},"mobile":{"background-color":"","background-image":"","background-repeat":"repeat","background-position":"center center","background-size":"auto","background-attachment":"scroll","background-type":"","background-media":"","overlay-type":"","overlay-color":"","overlay-opacity":"","overlay-gradient":""}},"ast-content-background-meta":{"desktop":{"background-color":"var(--ast-global-color-5)","background-image":"","background-repeat":"repeat","background-position":"center center","background-size":"auto","background-attachment":"scroll","background-type":"","background-media":"","overlay-type":"","overlay-color":"","overlay-opacity":"","overlay-gradient":""},"tablet":{"background-color":"var(--ast-global-color-5)","background-image":"","background-repeat":"repeat","background-position":"center center","background-size":"auto","background-attachment":"scroll","background-type":"","background-media":"","overlay-type":"","overlay-color":"","overlay-opacity":"","overlay-gradient":""},"mobile":{"background-color":"var(--ast-global-color-5)","background-image":"","background-repeat":"repeat","background-position":"center center","background-size":"auto","background-attachment":"scroll","background-type":"","background-media":"","overlay-type":"","overlay-color":"","overlay-opacity":"","overlay-gradient":""}},"_themeisle_gutenberg_block_has_review":false},"product_brand":[],"product_cat":[55],"product_tag":[],"class_list":{"0":"post-1110","1":"product","2":"type-product","3":"status-publish","4":"has-post-thumbnail","6":"product_cat-menager","7":"desktop-align-left","8":"tablet-align-left","9":"mobile-align-left","11":"first","12":"instock","13":"shipping-taxable","14":"purchasable","15":"product-type-simple"},"supplier_id":null,"supplier_sku":"","barcode":null,"atum_controlled":true,"out_stock_date":null,"out_stock_threshold":null,"inheritable":false,"inbound_stock":0,"stock_on_hold":0,"sold_today":0,"sales_last_days":0,"reserved_stock":0,"customer_returns":0,"warehouse_damage":0,"lost_in_post":0,"other_logs":0,"out_stock_days":0,"lost_sales":0,"has_location":false,"update_date":"2026-04-05T10:16:07","atum_locations":[],"atum_stock_status":"instock","restock_status":false,"low_stock_amount":"","sales_update_date":"2026-04-05T10:16:07","calc_backorders":null,"_links":{"self":[{"href":"https:\/\/siteguillaumetesting2.online\/index.php\/wp-json\/wp\/v2\/product\/1110","targetHints":{"allow":["GET"]}}],"collection":[{"href":"https:\/\/siteguillaumetesting2.online\/index.php\/wp-json\/wp\/v2\/product"}],"about":[{"href":"https:\/\/siteguillaumetesting2.online\/index.php\/wp-json\/wp\/v2\/types\/product"}],"replies":[{"embeddable":true,"href":"https:\/\/siteguillaumetesting2.online\/index.php\/wp-json\/wp\/v2\/comments?post=1110"}],"wp:featuredmedia":[{"embeddable":true,"href":"https:\/\/siteguillaumetesting2.online\/index.php\/wp-json\/wp\/v2\/media\/1111"}],"wp:attachment":[{"href":"https:\/\/siteguillaumetesting2.online\/index.php\/wp-json\/wp\/v2\/media?parent=1110"}],"wp:term":[{"taxonomy":"product_brand","embeddable":true,"href":"https:\/\/siteguillaumetesting2.online\/index.php\/wp-json\/wp\/v2\/product_brand?post=1110"},{"taxonomy":"product_cat","embeddable":true,"href":"https:\/\/siteguillaumetesting2.online\/index.php\/wp-json\/wp\/v2\/product_cat?post=1110"},{"taxonomy":"product_tag","embeddable":true,"href":"https:\/\/siteguillaumetesting2.online\/index.php\/wp-json\/wp\/v2\/product_tag?post=1110"}],"curies":[{"name":"wp","href":"https:\/\/api.w.org\/{rel}","templated":true}]}}