{"id":1203,"date":"2024-10-10T12:37:37","date_gmt":"2024-10-10T10:37:37","guid":{"rendered":"https:\/\/siteguillaumetesting2.online\/?post_type=product&#038;p=1203"},"modified":"2026-02-17T21:53:38","modified_gmt":"2026-02-17T20:53:38","slug":"halab","status":"publish","type":"product","link":"https:\/\/siteguillaumetesting2.online\/index.php\/produit\/halab\/","title":{"rendered":"Halab"},"content":{"rendered":"<p class=\"cvGsUA direction-ltr align-justify para-style-body\"><strong><span class=\"OYPEnA text-decoration-none text-strikethrough-none\">Savon corps, saponifi\u00e9 \u00e0 froid, surgras \u00e0 6%.<\/span><\/strong><span class=\"OYPEnA text-decoration-none text-strikethrough-none\">\u00a0Id\u00e9al pour un usage quotidien, m\u00eame pour les peaux sensibles, mixtes ou sujettes aux imperfections.<\/span><\/p>\n<p>85 g<\/p>\n<p>&nbsp;<\/p>\n<p data-start=\"142\" data-end=\"177\"><strong data-start=\"142\" data-end=\"175\">\u2728 Tradition &amp; authenticit\u00e9 inspir\u00e9es d\u2019Alep\u00a0 \ud83e\uddfc\u2728<\/strong><\/p>\n<p data-start=\"179\" data-end=\"503\"><span class=\"OYPEnA text-decoration-none text-strikethrough-none\">Adapt\u00e9 aux peaux fragiles et sensibles. Le savon <strong data-start=\"224\" data-end=\"233\">Halab<\/strong> est une adaptation saponifi\u00e9e \u00e0 froid du c\u00e9l\u00e8bre savon d&rsquo;Alep ! Deux ingr\u00e9dients composent ce savon : l&rsquo;<strong data-start=\"266\" data-end=\"283\">huile d\u2019olive<\/strong> et l\u2019<strong data-start=\"289\" data-end=\"318\">huile de baies de laurier (30%)<\/strong>. Ces huiles pr\u00e9cieuses sont reconnues pour leurs vertus purifiantes, apaisantes et cicatrisantes pour la peau. L&rsquo;huile de baies de laurier parfume ce savon d&rsquo;une douce odeur aromatique, l\u00e9g\u00e8rement poivr\u00e9e et tr\u00e8s fra\u00eeche !<\/span><\/p>\n<p data-start=\"179\" data-end=\"503\">\n<p data-start=\"505\" data-end=\"525\">\ud83c\udf3c <strong data-start=\"508\" data-end=\"523\">Bienfaits :<\/strong><\/p>\n<ul>\n<li data-start=\"528\" data-end=\"567\">Nettoie en profondeur tout en douceur<\/li>\n<li data-start=\"570\" data-end=\"600\">Purifie et \u00e9quilibre la peau<\/li>\n<li data-start=\"603\" data-end=\"639\">Apaise les irritations et rougeurs<\/li>\n<li data-start=\"642\" data-end=\"694\">Convient \u00e0 tous les types de peaux, m\u00eame d\u00e9licates<\/li>\n<\/ul>\n<p>&nbsp;<\/p>\n<p data-start=\"926\" data-end=\"962\">\ud83c\udf3f <strong data-start=\"929\" data-end=\"960\">Ingr\u00e9dients cl\u00e9s :<\/strong><\/p>\n<ul>\n<li data-start=\"965\" data-end=\"1026\"><strong data-start=\"965\" data-end=\"982\">Huile d\u2019olive<\/strong> : nourrissante, protectrice, adoucissante<\/li>\n<li data-start=\"1029\" data-end=\"1098\"><strong data-start=\"1029\" data-end=\"1058\">Huile de baies de laurier<\/strong> : purifiante, antiseptique, apaisante<\/li>\n<\/ul>\n<p>&nbsp;<\/p>\n<p class=\"cvGsUA direction-ltr align-justify para-style-body\"><span class=\"OYPEnA text-decoration-none text-strikethrough-none\">Ingr\u00e9dients : huile d&rsquo;olive, huile de baies de laurier.<\/span><\/p>\n<p><em>Ingredients : <span class=\"OYPEnA text-decoration-none text-strikethrough-none\"><span class=\"OYPEnA font-feature-liga-off font-feature-clig-off font-feature-calt-off text-decoration-none text-strikethrough-none\">olea europaea fruit oil, aqua, laurus nobilis fruit oil, sodium hydroxide.<\/span><br \/>\n<\/span><\/em><\/p>\n","protected":false},"excerpt":{"rendered":"<p><strong><span class=\"OYPEnA text-decoration-none text-strikethrough-none\">Savon corps (30% d&rsquo;huile de baies de laurier), surgras \u00e0 6% et adapt\u00e9 aux peaux fragiles et sensibles.<\/span><\/strong><\/p>\n<p>\ud83e\uded2 Allie huile d\u2019olive et huile de laurier bio pour purifier et prot\u00e9ger la peau.<br \/>\n\ud83c\udf3c Convient aux peaux sensibles et \u00e0 probl\u00e8mes.<br \/>\n\ud83d\udca7 Hydrate, apaise et laisse la peau confortable.<br \/>\n\ud83d\uded1 Formule simple et respectueuse de votre peau.<\/p>\n","protected":false},"featured_media":1204,"comment_status":"open","ping_status":"closed","template":"","meta":{"site-sidebar-layout":"default","site-content-layout":"","ast-site-content-layout":"default","site-content-style":"default","site-sidebar-style":"default","ast-global-header-display":"","ast-banner-title-visibility":"","ast-main-header-display":"","ast-hfb-above-header-display":"","ast-hfb-below-header-display":"","ast-hfb-mobile-header-display":"","site-post-title":"","ast-breadcrumbs-content":"","ast-featured-img":"","footer-sml-layout":"","theme-transparent-header-meta":"default","adv-header-id-meta":"","stick-header-meta":"","header-above-stick-meta":"","header-main-stick-meta":"","header-below-stick-meta":"","astra-migrate-meta-layouts":"set","ast-page-background-enabled":"default","ast-page-background-meta":{"desktop":{"background-color":"var(--ast-global-color-4)","background-image":"","background-repeat":"repeat","background-position":"center center","background-size":"auto","background-attachment":"scroll","background-type":"","background-media":"","overlay-type":"","overlay-color":"","overlay-opacity":"","overlay-gradient":""},"tablet":{"background-color":"","background-image":"","background-repeat":"repeat","background-position":"center center","background-size":"auto","background-attachment":"scroll","background-type":"","background-media":"","overlay-type":"","overlay-color":"","overlay-opacity":"","overlay-gradient":""},"mobile":{"background-color":"","background-image":"","background-repeat":"repeat","background-position":"center center","background-size":"auto","background-attachment":"scroll","background-type":"","background-media":"","overlay-type":"","overlay-color":"","overlay-opacity":"","overlay-gradient":""}},"ast-content-background-meta":{"desktop":{"background-color":"var(--ast-global-color-5)","background-image":"","background-repeat":"repeat","background-position":"center center","background-size":"auto","background-attachment":"scroll","background-type":"","background-media":"","overlay-type":"","overlay-color":"","overlay-opacity":"","overlay-gradient":""},"tablet":{"background-color":"var(--ast-global-color-5)","background-image":"","background-repeat":"repeat","background-position":"center center","background-size":"auto","background-attachment":"scroll","background-type":"","background-media":"","overlay-type":"","overlay-color":"","overlay-opacity":"","overlay-gradient":""},"mobile":{"background-color":"var(--ast-global-color-5)","background-image":"","background-repeat":"repeat","background-position":"center center","background-size":"auto","background-attachment":"scroll","background-type":"","background-media":"","overlay-type":"","overlay-color":"","overlay-opacity":"","overlay-gradient":""}},"_themeisle_gutenberg_block_has_review":false},"product_brand":[],"product_cat":[31],"product_tag":[],"class_list":{"0":"post-1203","1":"product","2":"type-product","3":"status-publish","4":"has-post-thumbnail","6":"product_cat-savon-potion","7":"desktop-align-left","8":"tablet-align-left","9":"mobile-align-left","11":"first","12":"instock","13":"shipping-taxable","14":"purchasable","15":"product-type-simple"},"supplier_id":null,"supplier_sku":"","barcode":null,"atum_controlled":true,"out_stock_date":null,"out_stock_threshold":null,"inheritable":false,"inbound_stock":0,"stock_on_hold":0,"sold_today":0,"sales_last_days":0,"reserved_stock":0,"customer_returns":0,"warehouse_damage":0,"lost_in_post":0,"other_logs":0,"out_stock_days":0,"lost_sales":0,"has_location":false,"update_date":"2026-04-05T10:16:09","atum_locations":[],"atum_stock_status":"instock","restock_status":false,"low_stock_amount":"","sales_update_date":"2026-04-05T10:16:09","calc_backorders":null,"_links":{"self":[{"href":"https:\/\/siteguillaumetesting2.online\/index.php\/wp-json\/wp\/v2\/product\/1203","targetHints":{"allow":["GET"]}}],"collection":[{"href":"https:\/\/siteguillaumetesting2.online\/index.php\/wp-json\/wp\/v2\/product"}],"about":[{"href":"https:\/\/siteguillaumetesting2.online\/index.php\/wp-json\/wp\/v2\/types\/product"}],"replies":[{"embeddable":true,"href":"https:\/\/siteguillaumetesting2.online\/index.php\/wp-json\/wp\/v2\/comments?post=1203"}],"wp:featuredmedia":[{"embeddable":true,"href":"https:\/\/siteguillaumetesting2.online\/index.php\/wp-json\/wp\/v2\/media\/1204"}],"wp:attachment":[{"href":"https:\/\/siteguillaumetesting2.online\/index.php\/wp-json\/wp\/v2\/media?parent=1203"}],"wp:term":[{"taxonomy":"product_brand","embeddable":true,"href":"https:\/\/siteguillaumetesting2.online\/index.php\/wp-json\/wp\/v2\/product_brand?post=1203"},{"taxonomy":"product_cat","embeddable":true,"href":"https:\/\/siteguillaumetesting2.online\/index.php\/wp-json\/wp\/v2\/product_cat?post=1203"},{"taxonomy":"product_tag","embeddable":true,"href":"https:\/\/siteguillaumetesting2.online\/index.php\/wp-json\/wp\/v2\/product_tag?post=1203"}],"curies":[{"name":"wp","href":"https:\/\/api.w.org\/{rel}","templated":true}]}}