{"id":1220,"date":"2024-10-28T17:27:27","date_gmt":"2024-10-28T16:27:27","guid":{"rendered":"https:\/\/siteguillaumetesting2.online\/?post_type=product&#038;p=1220"},"modified":"2026-03-01T16:07:21","modified_gmt":"2026-03-01T15:07:21","slug":"plantain","status":"publish","type":"product","link":"https:\/\/siteguillaumetesting2.online\/index.php\/produit\/plantain\/","title":{"rendered":"Plantain"},"content":{"rendered":"<p>20 ml<\/p>\n<p data-start=\"146\" data-end=\"185\">\ud83c\udf43 <strong>Apaisant &amp; r\u00e9parateur de la nature<\/strong> \ud83c\udf43<\/p>\n<p data-start=\"187\" data-end=\"521\">Un baume multi-usages 100 % naturel, formul\u00e9 \u00e0 partir de mac\u00e9rat de plantain solaris\u00e9, reconnu depuis toujours pour ses propri\u00e9t\u00e9s <strong>apaisantes<\/strong> et <strong>r\u00e9paratrices<\/strong>. Id\u00e9al pour soulager les petites irritations cutan\u00e9es du quotidien &amp; les piq\u00fbres (d&rsquo;insectes ou de plantes !). Sa texture fondante p\u00e9n\u00e8tre facilement, sans laisser de film gras, tout en prot\u00e9geant et nourrissant la peau. Il soulagera les irritations et apaisera imm\u00e9diatement les d\u00e9mangeaisons.<\/p>\n<p data-start=\"523\" data-end=\"543\">\ud83c\udf3c <strong data-start=\"526\" data-end=\"541\">Bienfaits :<\/strong><\/p>\n<ul>\n<li data-start=\"546\" data-end=\"592\">Soulage les d\u00e9mangeaisons et petites piq\u00fbres<\/li>\n<li data-start=\"595\" data-end=\"631\">Apaise les irritations et rougeurs<\/li>\n<li data-start=\"634\" data-end=\"669\">Favorise la r\u00e9paration de la peau<\/li>\n<li data-start=\"672\" data-end=\"703\">Prot\u00e8ge et nourrit en douceur<\/li>\n<\/ul>\n<p>&nbsp;<\/p>\n<p data-start=\"705\" data-end=\"887\">\ud83d\udca1 <strong data-start=\"708\" data-end=\"736\">Conseils d\u2019utilisation :<\/strong><br data-start=\"736\" data-end=\"739\" \/>Pr\u00e9lever une noisette de baume et appliquer directement sur la zone concern\u00e9e (peau propre et s\u00e8che). \u00c0 utiliser au besoin, pour toute la famille.<\/p>\n<p data-start=\"889\" data-end=\"925\">\ud83c\udf3f <strong data-start=\"892\" data-end=\"923\">Ingr\u00e9dients cl\u00e9s :<\/strong><\/p>\n<ul>\n<li data-start=\"928\" data-end=\"1004\"><strong data-start=\"928\" data-end=\"950\">Plantain (mac\u00e9rat)<\/strong> : apaisant, anti-inflammatoire, cicatrisant naturel<\/li>\n<li><strong data-start=\"1139\" data-end=\"1201\">Huile d&rsquo;olive (mac\u00e9rat)<\/strong> : assouplissante, r\u00e9g\u00e9n\u00e9rante<\/li>\n<li data-start=\"1007\" data-end=\"1067\"><strong data-start=\"1070\" data-end=\"1088\">Cire d\u2019abeille<\/strong> : protectrice, forme un film doux sur la peau<\/li>\n<\/ul>\n<p>&nbsp;<\/p>\n<p>Ingr\u00e9dients\u00a0: mac\u00e9r\u00e2t huileux de plantain et cire d\u2019abeille bio.<\/p>\n<p><em>Ingredients\u00a0: olea europaea fruit oil*, cera alba*, plantago lanceolata leaf extract (*produits issus de l\u2019agriculture biologique).<\/em><\/p>\n<p>&nbsp;<\/p>\n<p><strong>Tous nos baumes et beurres v\u00e9g\u00e9taux sont \u00e9labor\u00e9s \u00e0 partir de mac\u00e9r\u00e2ts huileux, issus de nos cueillettes. Nous solarisons ensuite les plantes dans une huile d\u2019olive biologique. Nous n\u2019ajoutons pas de conservateur, ils sont donc \u00e0 conserver au frais, \u00e0 l\u2019abri de la lumi\u00e8re.<\/strong><\/p>\n","protected":false},"excerpt":{"rendered":"<p>Baume plantain \u00e0 base d&rsquo;un mac\u00e9r\u00e2t huileux de plantain et de cire d&rsquo;abeille bio.\u00a0Apaisant.\u00a020 ml<\/p>\n<p><strong>Un indispensable de la trousse familiale<\/strong> \ud83c\udf31<br \/>\n\ud83c\udf3c Apaise les irritations, piq\u00fbres et rougeurs.<br \/>\n\ud83d\udca7 Favorise la r\u00e9g\u00e9n\u00e9ration naturelle de la peau.<br \/>\n\ud83c\udf31 \u00c9labor\u00e9 avec mac\u00e9r\u00e2t de plantain bio.<br \/>\n\ud83d\uded1 Sans parfum, sans huiles essentielles.<\/p>\n<p>&nbsp;<\/p>\n","protected":false},"featured_media":1221,"comment_status":"open","ping_status":"closed","template":"","meta":{"site-sidebar-layout":"default","site-content-layout":"","ast-site-content-layout":"default","site-content-style":"default","site-sidebar-style":"default","ast-global-header-display":"","ast-banner-title-visibility":"","ast-main-header-display":"","ast-hfb-above-header-display":"","ast-hfb-below-header-display":"","ast-hfb-mobile-header-display":"","site-post-title":"","ast-breadcrumbs-content":"","ast-featured-img":"","footer-sml-layout":"","theme-transparent-header-meta":"default","adv-header-id-meta":"","stick-header-meta":"","header-above-stick-meta":"","header-main-stick-meta":"","header-below-stick-meta":"","astra-migrate-meta-layouts":"set","ast-page-background-enabled":"default","ast-page-background-meta":{"desktop":{"background-color":"var(--ast-global-color-4)","background-image":"","background-repeat":"repeat","background-position":"center center","background-size":"auto","background-attachment":"scroll","background-type":"","background-media":"","overlay-type":"","overlay-color":"","overlay-opacity":"","overlay-gradient":""},"tablet":{"background-color":"","background-image":"","background-repeat":"repeat","background-position":"center center","background-size":"auto","background-attachment":"scroll","background-type":"","background-media":"","overlay-type":"","overlay-color":"","overlay-opacity":"","overlay-gradient":""},"mobile":{"background-color":"","background-image":"","background-repeat":"repeat","background-position":"center center","background-size":"auto","background-attachment":"scroll","background-type":"","background-media":"","overlay-type":"","overlay-color":"","overlay-opacity":"","overlay-gradient":""}},"ast-content-background-meta":{"desktop":{"background-color":"var(--ast-global-color-5)","background-image":"","background-repeat":"repeat","background-position":"center center","background-size":"auto","background-attachment":"scroll","background-type":"","background-media":"","overlay-type":"","overlay-color":"","overlay-opacity":"","overlay-gradient":""},"tablet":{"background-color":"var(--ast-global-color-5)","background-image":"","background-repeat":"repeat","background-position":"center center","background-size":"auto","background-attachment":"scroll","background-type":"","background-media":"","overlay-type":"","overlay-color":"","overlay-opacity":"","overlay-gradient":""},"mobile":{"background-color":"var(--ast-global-color-5)","background-image":"","background-repeat":"repeat","background-position":"center center","background-size":"auto","background-attachment":"scroll","background-type":"","background-media":"","overlay-type":"","overlay-color":"","overlay-opacity":"","overlay-gradient":""}},"_themeisle_gutenberg_block_has_review":false},"product_brand":[],"product_cat":[119],"product_tag":[],"class_list":{"0":"post-1220","1":"product","2":"type-product","3":"status-publish","4":"has-post-thumbnail","6":"product_cat-baumes-beurres","7":"desktop-align-left","8":"tablet-align-left","9":"mobile-align-left","11":"first","12":"instock","13":"shipping-taxable","14":"purchasable","15":"product-type-simple"},"supplier_id":null,"supplier_sku":"","barcode":null,"atum_controlled":true,"out_stock_date":null,"out_stock_threshold":null,"inheritable":false,"inbound_stock":0,"stock_on_hold":0,"sold_today":0,"sales_last_days":0,"reserved_stock":0,"customer_returns":0,"warehouse_damage":0,"lost_in_post":0,"other_logs":0,"out_stock_days":0,"lost_sales":0,"has_location":false,"update_date":"2026-04-05T10:16:09","atum_locations":[],"atum_stock_status":"instock","restock_status":false,"low_stock_amount":"","sales_update_date":"2026-04-05T10:16:09","calc_backorders":null,"_links":{"self":[{"href":"https:\/\/siteguillaumetesting2.online\/index.php\/wp-json\/wp\/v2\/product\/1220","targetHints":{"allow":["GET"]}}],"collection":[{"href":"https:\/\/siteguillaumetesting2.online\/index.php\/wp-json\/wp\/v2\/product"}],"about":[{"href":"https:\/\/siteguillaumetesting2.online\/index.php\/wp-json\/wp\/v2\/types\/product"}],"replies":[{"embeddable":true,"href":"https:\/\/siteguillaumetesting2.online\/index.php\/wp-json\/wp\/v2\/comments?post=1220"}],"wp:featuredmedia":[{"embeddable":true,"href":"https:\/\/siteguillaumetesting2.online\/index.php\/wp-json\/wp\/v2\/media\/1221"}],"wp:attachment":[{"href":"https:\/\/siteguillaumetesting2.online\/index.php\/wp-json\/wp\/v2\/media?parent=1220"}],"wp:term":[{"taxonomy":"product_brand","embeddable":true,"href":"https:\/\/siteguillaumetesting2.online\/index.php\/wp-json\/wp\/v2\/product_brand?post=1220"},{"taxonomy":"product_cat","embeddable":true,"href":"https:\/\/siteguillaumetesting2.online\/index.php\/wp-json\/wp\/v2\/product_cat?post=1220"},{"taxonomy":"product_tag","embeddable":true,"href":"https:\/\/siteguillaumetesting2.online\/index.php\/wp-json\/wp\/v2\/product_tag?post=1220"}],"curies":[{"name":"wp","href":"https:\/\/api.w.org\/{rel}","templated":true}]}}