{"id":1237,"date":"2024-10-28T17:58:05","date_gmt":"2024-10-28T16:58:05","guid":{"rendered":"https:\/\/siteguillaumetesting2.online\/?post_type=product&#038;p=1237"},"modified":"2026-02-17T21:53:38","modified_gmt":"2026-02-17T20:53:38","slug":"bobaume","status":"publish","type":"product","link":"https:\/\/siteguillaumetesting2.online\/index.php\/produit\/bobaume\/","title":{"rendered":"B\u00f4&rsquo;baume"},"content":{"rendered":"<p>20 ml<\/p>\n<p data-start=\"91\" data-end=\"126\"><strong>\u2728\ud83c\udf31 Soin r\u00e9parateur &amp; cicatrisant<\/strong> \ud83c\udf31\u2728<\/p>\n<p data-start=\"128\" data-end=\"460\">Un baume <strong>multi-usages<\/strong> pens\u00e9 pour les petits bobos du quotidien. Formul\u00e9 \u00e0 partir de plantes locales reconnues pour leurs propri\u00e9t\u00e9s cicatrisantes et apaisantes, le <strong data-start=\"292\" data-end=\"304\">B\u00f4\u2019Baume<\/strong> aide \u00e0 r\u00e9parer les petites plaies, \u00e9raflures, ger\u00e7ures ou zones fragilis\u00e9es de la peau. Sa texture fondante p\u00e9n\u00e8tre rapidement sans laisser de film gras.<\/p>\n<p data-start=\"128\" data-end=\"460\">\n<p data-start=\"462\" data-end=\"482\">\ud83c\udf3c <strong data-start=\"465\" data-end=\"480\">Bienfaits :<\/strong><\/p>\n<ul>\n<li data-start=\"485\" data-end=\"547\">Favorise la cicatrisation des petites plaies et \u00e9gratignures<\/li>\n<li data-start=\"550\" data-end=\"586\">Apaise les irritations et rougeurs<\/li>\n<li data-start=\"589\" data-end=\"626\">Prot\u00e8ge et r\u00e9pare les zones ab\u00eem\u00e9es<\/li>\n<li data-start=\"629\" data-end=\"691\">Convient \u00e0 toute la famille pour les petits bobos quotidiens<\/li>\n<\/ul>\n<p>&nbsp;<\/p>\n<p data-start=\"693\" data-end=\"882\">\ud83d\udca1 <strong data-start=\"696\" data-end=\"724\">Conseils d\u2019utilisation :<\/strong><br data-start=\"724\" data-end=\"727\" \/>Appliquer une fine couche sur la zone concern\u00e9e, propre et s\u00e8che. Masser l\u00e9g\u00e8rement pour faire p\u00e9n\u00e9trer. Utiliser autant de fois que n\u00e9cessaire.<\/p>\n<p data-start=\"693\" data-end=\"882\">\n<p data-start=\"884\" data-end=\"920\">\ud83c\udf3f <strong data-start=\"887\" data-end=\"918\">Ingr\u00e9dients cl\u00e9s &amp; vertus :<\/strong><\/p>\n<ul>\n<li data-start=\"923\" data-end=\"980\"><strong data-start=\"923\" data-end=\"935\">Plantain<\/strong> <strong>(mac\u00e9rat)<\/strong> : cicatrisant, apaisant, r\u00e9parateur cutan\u00e9<\/li>\n<li data-start=\"983\" data-end=\"1044\"><strong data-start=\"983\" data-end=\"996\">Sauge (mac\u00e9rat) <\/strong>: adoucissante, anti-inflammatoire, r\u00e9g\u00e9n\u00e9rante<\/li>\n<li data-start=\"1047\" data-end=\"1107\"><strong data-start=\"1047\" data-end=\"1067\">Huile d&rsquo;olive (mac\u00e9rat)<\/strong> : nourrissante, protectrice, r\u00e9paratrice<\/li>\n<li data-start=\"1047\" data-end=\"1107\"><strong>Miel<\/strong> : antibact\u00e9rien, antifongique, stimule les d\u00e9fenses immunitaires<\/li>\n<li data-start=\"1110\" data-end=\"1182\"><strong data-start=\"1110\" data-end=\"1128\">Cire d\u2019abeille<\/strong> : protectrice, cr\u00e9e une barri\u00e8re douce et naturelle<\/li>\n<\/ul>\n<p>&nbsp;<\/p>\n<p>Un baume \u00e0 avoir sur soi, partout, tout le temps\u00a0!<\/p>\n<p>&nbsp;<\/p>\n<p>Ingr\u00e9dients\u00a0: mac\u00e9r\u00e2ts huileux de sauge et de plantain, cire d\u2019abeille bio, miel.<\/p>\n<p><em>Ingredients\u00a0: olea europaea fruit oil*, cera alba*, salvia officinalis, plantago lanceolata leaf extract, mel (*produits issus de l\u2019agriculture biologique).<\/em><\/p>\n<p><strong>Tous nos baumes et beurres v\u00e9g\u00e9taux sont \u00e9labor\u00e9s \u00e0 partir de mac\u00e9r\u00e2ts huileux, issus de nos cueillettes. Nous solarisons ensuite les plantes dans une huile d\u2019olive biologique. Nous n\u2019ajoutons pas de conservateur, ils sont donc \u00e0 conserver au frais, \u00e0 l\u2019abri de la lumi\u00e8re.<\/strong><\/p>\n","protected":false},"excerpt":{"rendered":"<p>Baume pour les petites blessures du quotidien, \u00e0 base de mac\u00e9r\u00e2t huileux de sauge et de plantain, cire d\u2019abeille bio, miel.\u00a0Assainissant et cicatrisant.\u00a020 ml<\/p>\n<p><strong>Un alli\u00e9 du quotidien pour toute la famille<\/strong> \ud83d\udc9a<br \/>\n\ud83c\udf3c Apaise et r\u00e9pare les petites plaies, ger\u00e7ures et \u00e9raflures.<br \/>\n\ud83d\udca7 Nourrit les zones s\u00e8ches (mains, coudes, talons, l\u00e8vres).<br \/>\n\ud83c\udf31 Favorise la cicatrisation gr\u00e2ce \u00e0 sa formule bio et simple.<br \/>\n\ud83d\uded1 Sans parfum, sans conservateur, sans huiles essentielles.<\/p>\n","protected":false},"featured_media":1238,"comment_status":"open","ping_status":"closed","template":"","meta":{"site-sidebar-layout":"default","site-content-layout":"","ast-site-content-layout":"default","site-content-style":"default","site-sidebar-style":"default","ast-global-header-display":"","ast-banner-title-visibility":"","ast-main-header-display":"","ast-hfb-above-header-display":"","ast-hfb-below-header-display":"","ast-hfb-mobile-header-display":"","site-post-title":"","ast-breadcrumbs-content":"","ast-featured-img":"","footer-sml-layout":"","theme-transparent-header-meta":"default","adv-header-id-meta":"","stick-header-meta":"","header-above-stick-meta":"","header-main-stick-meta":"","header-below-stick-meta":"","astra-migrate-meta-layouts":"set","ast-page-background-enabled":"default","ast-page-background-meta":{"desktop":{"background-color":"var(--ast-global-color-4)","background-image":"","background-repeat":"repeat","background-position":"center center","background-size":"auto","background-attachment":"scroll","background-type":"","background-media":"","overlay-type":"","overlay-color":"","overlay-opacity":"","overlay-gradient":""},"tablet":{"background-color":"","background-image":"","background-repeat":"repeat","background-position":"center center","background-size":"auto","background-attachment":"scroll","background-type":"","background-media":"","overlay-type":"","overlay-color":"","overlay-opacity":"","overlay-gradient":""},"mobile":{"background-color":"","background-image":"","background-repeat":"repeat","background-position":"center center","background-size":"auto","background-attachment":"scroll","background-type":"","background-media":"","overlay-type":"","overlay-color":"","overlay-opacity":"","overlay-gradient":""}},"ast-content-background-meta":{"desktop":{"background-color":"var(--ast-global-color-5)","background-image":"","background-repeat":"repeat","background-position":"center center","background-size":"auto","background-attachment":"scroll","background-type":"","background-media":"","overlay-type":"","overlay-color":"","overlay-opacity":"","overlay-gradient":""},"tablet":{"background-color":"var(--ast-global-color-5)","background-image":"","background-repeat":"repeat","background-position":"center center","background-size":"auto","background-attachment":"scroll","background-type":"","background-media":"","overlay-type":"","overlay-color":"","overlay-opacity":"","overlay-gradient":""},"mobile":{"background-color":"var(--ast-global-color-5)","background-image":"","background-repeat":"repeat","background-position":"center center","background-size":"auto","background-attachment":"scroll","background-type":"","background-media":"","overlay-type":"","overlay-color":"","overlay-opacity":"","overlay-gradient":""}},"_themeisle_gutenberg_block_has_review":false},"product_brand":[],"product_cat":[119],"product_tag":[],"class_list":{"0":"post-1237","1":"product","2":"type-product","3":"status-publish","4":"has-post-thumbnail","6":"product_cat-baumes-beurres","7":"desktop-align-left","8":"tablet-align-left","9":"mobile-align-left","11":"first","12":"instock","13":"shipping-taxable","14":"purchasable","15":"product-type-simple"},"supplier_id":null,"supplier_sku":"","barcode":null,"atum_controlled":true,"out_stock_date":null,"out_stock_threshold":null,"inheritable":false,"inbound_stock":0,"stock_on_hold":0,"sold_today":0,"sales_last_days":0,"reserved_stock":0,"customer_returns":0,"warehouse_damage":0,"lost_in_post":0,"other_logs":0,"out_stock_days":0,"lost_sales":0,"has_location":false,"update_date":"2026-04-05T10:16:09","atum_locations":[],"atum_stock_status":"instock","restock_status":false,"low_stock_amount":"","sales_update_date":"2026-04-05T10:16:09","calc_backorders":null,"_links":{"self":[{"href":"https:\/\/siteguillaumetesting2.online\/index.php\/wp-json\/wp\/v2\/product\/1237","targetHints":{"allow":["GET"]}}],"collection":[{"href":"https:\/\/siteguillaumetesting2.online\/index.php\/wp-json\/wp\/v2\/product"}],"about":[{"href":"https:\/\/siteguillaumetesting2.online\/index.php\/wp-json\/wp\/v2\/types\/product"}],"replies":[{"embeddable":true,"href":"https:\/\/siteguillaumetesting2.online\/index.php\/wp-json\/wp\/v2\/comments?post=1237"}],"wp:featuredmedia":[{"embeddable":true,"href":"https:\/\/siteguillaumetesting2.online\/index.php\/wp-json\/wp\/v2\/media\/1238"}],"wp:attachment":[{"href":"https:\/\/siteguillaumetesting2.online\/index.php\/wp-json\/wp\/v2\/media?parent=1237"}],"wp:term":[{"taxonomy":"product_brand","embeddable":true,"href":"https:\/\/siteguillaumetesting2.online\/index.php\/wp-json\/wp\/v2\/product_brand?post=1237"},{"taxonomy":"product_cat","embeddable":true,"href":"https:\/\/siteguillaumetesting2.online\/index.php\/wp-json\/wp\/v2\/product_cat?post=1237"},{"taxonomy":"product_tag","embeddable":true,"href":"https:\/\/siteguillaumetesting2.online\/index.php\/wp-json\/wp\/v2\/product_tag?post=1237"}],"curies":[{"name":"wp","href":"https:\/\/api.w.org\/{rel}","templated":true}]}}