{"id":1240,"date":"2024-10-28T18:00:29","date_gmt":"2024-10-28T17:00:29","guid":{"rendered":"https:\/\/siteguillaumetesting2.online\/?post_type=product&#038;p=1240"},"modified":"2026-01-20T22:42:16","modified_gmt":"2026-01-20T21:42:16","slug":"levres","status":"publish","type":"product","link":"https:\/\/siteguillaumetesting2.online\/index.php\/produit\/levres\/","title":{"rendered":"L\u00e8vres"},"content":{"rendered":"<p>20ml<\/p>\n<p data-start=\"82\" data-end=\"119\"><strong>\u2728 Douceur &amp; protection au naturel<\/strong> \ud83d\udc8b\u2728<\/p>\n<p data-start=\"121\" data-end=\"445\">Un baume fondant et gourmand qui prend soin de vos l\u00e8vres au quotidien. Formul\u00e9 avec des mac\u00e9rats solaris\u00e9s, il prot\u00e8ge des agressions ext\u00e9rieures (froid, vent, soleil) et r\u00e9pare les l\u00e8vres s\u00e8ches ou gerc\u00e9es. Il offrira une hydratation et une barri\u00e8re protectrice \u00e0 vos l\u00e8vres\u00a0! Sans parfum ni colorant artificiel, il respecte la sensibilit\u00e9 de la peau fine des l\u00e8vres.<\/p>\n<p>&nbsp;<\/p>\n<p data-start=\"447\" data-end=\"467\">\ud83c\udf3c <strong data-start=\"450\" data-end=\"465\">Bienfaits :<\/strong><\/p>\n<ul>\n<li data-start=\"470\" data-end=\"502\">Nourrit et hydrate intens\u00e9ment<\/li>\n<li data-start=\"505\" data-end=\"538\">R\u00e9pare les ger\u00e7ures et fissures<\/li>\n<li data-start=\"541\" data-end=\"577\">Prot\u00e8ge des agressions ext\u00e9rieures<\/li>\n<li data-start=\"580\" data-end=\"631\">Laisse les l\u00e8vres souples, douces et confortables<\/li>\n<\/ul>\n<p>&nbsp;<\/p>\n<p data-start=\"633\" data-end=\"825\">\ud83d\udca1 <strong data-start=\"636\" data-end=\"664\">Conseils d\u2019utilisation :<\/strong><br data-start=\"664\" data-end=\"667\" \/>Appliquer au doigt aussi souvent que n\u00e9cessaire, en particulier en hiver ou par temps sec. Peut aussi \u00eatre utilis\u00e9 en base avant un rouge \u00e0 l\u00e8vres.<\/p>\n<p data-start=\"827\" data-end=\"863\">\ud83c\udf3f <strong data-start=\"830\" data-end=\"861\">Ingr\u00e9dients cl\u00e9s &amp; vertus :<\/strong><\/p>\n<ul>\n<li data-start=\"84\" data-end=\"151\"><strong data-start=\"84\" data-end=\"106\">Plantain (mac\u00e9rat)<\/strong> : cicatrisant, apaisant, r\u00e9parateur cutan\u00e9<\/li>\n<li data-start=\"154\" data-end=\"218\"><strong data-start=\"154\" data-end=\"177\">Pissenlit (mac\u00e9rat)<\/strong> : relaxant, assouplissant, adoucissant<\/li>\n<li data-start=\"221\" data-end=\"281\"><strong data-start=\"221\" data-end=\"238\">Huile d\u2019olive<\/strong> <strong>(mac\u00e9rat)<\/strong> : nourrissante, protectrice, r\u00e9g\u00e9n\u00e9rante<\/li>\n<li data-start=\"284\" data-end=\"351\"><strong data-start=\"284\" data-end=\"302\">Cire d\u2019abeille<\/strong> : protectrice, adoucissante, filmog\u00e8ne naturel<\/li>\n<\/ul>\n<p>&nbsp;<\/p>\n<p>&nbsp;<\/p>\n<p>Utilisation\u00a0: pr\u00e9lever une noisette avec le doigt et masser la zone concern\u00e9e jusqu\u2019\u00e0 p\u00e9n\u00e9tration. Appliquer autant de fois que n\u00e9cessaire.<\/p>\n<p>Ingr\u00e9dients\u00a0: mac\u00e9r\u00e2ts huileux de pissenlit et plantain, cire d\u2019abeille bio.<\/p>\n<p><em>Ingredients\u00a0: olea europaea fruit oil*, cera alba*, taraxacum officinale extract, plantago lanceolata leaf extract (*produits issus de l\u2019agriculture biologique)<\/em><\/p>\n<p>&nbsp;<\/p>\n<p><strong>Tous nos baumes et beurres v\u00e9g\u00e9taux sont \u00e9labor\u00e9s \u00e0 partir de mac\u00e9r\u00e2ts huileux, issus de nos cueillettes. Nous solarisons ensuite les plantes dans une huile d\u2019olive biologique. Nous n\u2019ajoutons pas de conservateur, ils sont donc \u00e0 conserver au frais, \u00e0 l\u2019abri de la lumi\u00e8re.<\/strong><\/p>\n","protected":false},"excerpt":{"rendered":"<p>Baume \u00e0 l\u00e8vres, \u00e0 base de mac\u00e9r\u00e2ts huileux de pissenlit et plantain, cire d\u2019abeille bio.\u00a0 Hydratant et protecteur.\u00a020 ml<\/p>\n<p><strong>L\u2019indispensable de votre sac<\/strong> \ud83d\udc8b<br \/>\n\ud83c\udf3c R\u00e9pare et apaise les l\u00e8vres gerc\u00e9es.<br \/>\n\ud83d\udca7 Nourrit en profondeur et prot\u00e8ge durablement.<br \/>\n\ud83c\udf31 Formule simple et bio, respectueuse de votre peau.<br \/>\n\ud83d\uded1 Sans parfum, sans conservateur, sans huiles essentielles.<\/p>\n","protected":false},"featured_media":1241,"comment_status":"open","ping_status":"closed","template":"","meta":{"site-sidebar-layout":"default","site-content-layout":"","ast-site-content-layout":"default","site-content-style":"default","site-sidebar-style":"default","ast-global-header-display":"","ast-banner-title-visibility":"","ast-main-header-display":"","ast-hfb-above-header-display":"","ast-hfb-below-header-display":"","ast-hfb-mobile-header-display":"","site-post-title":"","ast-breadcrumbs-content":"","ast-featured-img":"","footer-sml-layout":"","theme-transparent-header-meta":"default","adv-header-id-meta":"","stick-header-meta":"","header-above-stick-meta":"","header-main-stick-meta":"","header-below-stick-meta":"","astra-migrate-meta-layouts":"set","ast-page-background-enabled":"default","ast-page-background-meta":{"desktop":{"background-color":"var(--ast-global-color-4)","background-image":"","background-repeat":"repeat","background-position":"center center","background-size":"auto","background-attachment":"scroll","background-type":"","background-media":"","overlay-type":"","overlay-color":"","overlay-opacity":"","overlay-gradient":""},"tablet":{"background-color":"","background-image":"","background-repeat":"repeat","background-position":"center center","background-size":"auto","background-attachment":"scroll","background-type":"","background-media":"","overlay-type":"","overlay-color":"","overlay-opacity":"","overlay-gradient":""},"mobile":{"background-color":"","background-image":"","background-repeat":"repeat","background-position":"center center","background-size":"auto","background-attachment":"scroll","background-type":"","background-media":"","overlay-type":"","overlay-color":"","overlay-opacity":"","overlay-gradient":""}},"ast-content-background-meta":{"desktop":{"background-color":"var(--ast-global-color-5)","background-image":"","background-repeat":"repeat","background-position":"center center","background-size":"auto","background-attachment":"scroll","background-type":"","background-media":"","overlay-type":"","overlay-color":"","overlay-opacity":"","overlay-gradient":""},"tablet":{"background-color":"var(--ast-global-color-5)","background-image":"","background-repeat":"repeat","background-position":"center center","background-size":"auto","background-attachment":"scroll","background-type":"","background-media":"","overlay-type":"","overlay-color":"","overlay-opacity":"","overlay-gradient":""},"mobile":{"background-color":"var(--ast-global-color-5)","background-image":"","background-repeat":"repeat","background-position":"center center","background-size":"auto","background-attachment":"scroll","background-type":"","background-media":"","overlay-type":"","overlay-color":"","overlay-opacity":"","overlay-gradient":""}},"_themeisle_gutenberg_block_has_review":false},"product_brand":[],"product_cat":[119],"product_tag":[],"class_list":{"0":"post-1240","1":"product","2":"type-product","3":"status-publish","4":"has-post-thumbnail","6":"product_cat-baumes-beurres","7":"desktop-align-left","8":"tablet-align-left","9":"mobile-align-left","11":"first","12":"outofstock","13":"shipping-taxable","14":"purchasable","15":"product-type-simple"},"supplier_id":null,"supplier_sku":"","barcode":null,"atum_controlled":true,"out_stock_date":"2026-01-20 22:42:16","out_stock_threshold":null,"inheritable":false,"inbound_stock":0,"stock_on_hold":0,"sold_today":0,"sales_last_days":0,"reserved_stock":0,"customer_returns":0,"warehouse_damage":0,"lost_in_post":0,"other_logs":0,"out_stock_days":74,"lost_sales":0,"has_location":false,"update_date":"2026-04-05T10:16:09","atum_locations":[],"atum_stock_status":"outofstock","restock_status":false,"low_stock_amount":"","sales_update_date":"2026-04-05T10:16:09","calc_backorders":null,"_links":{"self":[{"href":"https:\/\/siteguillaumetesting2.online\/index.php\/wp-json\/wp\/v2\/product\/1240","targetHints":{"allow":["GET"]}}],"collection":[{"href":"https:\/\/siteguillaumetesting2.online\/index.php\/wp-json\/wp\/v2\/product"}],"about":[{"href":"https:\/\/siteguillaumetesting2.online\/index.php\/wp-json\/wp\/v2\/types\/product"}],"replies":[{"embeddable":true,"href":"https:\/\/siteguillaumetesting2.online\/index.php\/wp-json\/wp\/v2\/comments?post=1240"}],"wp:featuredmedia":[{"embeddable":true,"href":"https:\/\/siteguillaumetesting2.online\/index.php\/wp-json\/wp\/v2\/media\/1241"}],"wp:attachment":[{"href":"https:\/\/siteguillaumetesting2.online\/index.php\/wp-json\/wp\/v2\/media?parent=1240"}],"wp:term":[{"taxonomy":"product_brand","embeddable":true,"href":"https:\/\/siteguillaumetesting2.online\/index.php\/wp-json\/wp\/v2\/product_brand?post=1240"},{"taxonomy":"product_cat","embeddable":true,"href":"https:\/\/siteguillaumetesting2.online\/index.php\/wp-json\/wp\/v2\/product_cat?post=1240"},{"taxonomy":"product_tag","embeddable":true,"href":"https:\/\/siteguillaumetesting2.online\/index.php\/wp-json\/wp\/v2\/product_tag?post=1240"}],"curies":[{"name":"wp","href":"https:\/\/api.w.org\/{rel}","templated":true}]}}