{"id":1243,"date":"2024-10-28T18:04:23","date_gmt":"2024-10-28T17:04:23","guid":{"rendered":"https:\/\/siteguillaumetesting2.online\/?post_type=product&#038;p=1243"},"modified":"2025-10-24T14:52:03","modified_gmt":"2025-10-24T12:52:03","slug":"soin-cheveux","status":"publish","type":"product","link":"https:\/\/siteguillaumetesting2.online\/index.php\/produit\/soin-cheveux\/","title":{"rendered":"Soin Cheveux"},"content":{"rendered":"<p>40 ml<\/p>\n<p data-start=\"110\" data-end=\"168\"><strong data-start=\"110\" data-end=\"166\">\u2728 Nutrition et vitalit\u00e9 pour une chevelure \u00e9clatante \u2728<\/strong><\/p>\n<p data-start=\"170\" data-end=\"445\">Un baume capillaire riche et fondant, con\u00e7u pour nourrir, r\u00e9parer et prot\u00e9ger les cheveux, m\u00eame les plus secs ou ab\u00eem\u00e9s. Gr\u00e2ce \u00e0 l\u2019alliance de beurres et huiles v\u00e9g\u00e9tales pr\u00e9cieuses, il redonne brillance, souplesse et force \u00e0 la chevelure, tout en apaisant le cuir chevelu.<\/p>\n<p data-start=\"170\" data-end=\"445\">\n<p data-start=\"452\" data-end=\"472\">\ud83c\udf3c <strong>Bienfaits :<\/strong><\/p>\n<ul>\n<li data-start=\"475\" data-end=\"532\">Nourrit intens\u00e9ment les cheveux secs, boucl\u00e9s ou cr\u00e9pus<\/li>\n<li data-start=\"535\" data-end=\"586\">Renforce la fibre capillaire et stimule la pousse<\/li>\n<li data-start=\"589\" data-end=\"630\">Apporte brillance, douceur et souplesse<\/li>\n<li data-start=\"633\" data-end=\"695\">Apaise le cuir chevelu et prot\u00e8ge des agressions ext\u00e9rieures<\/li>\n<\/ul>\n<p>&nbsp;<\/p>\n<p data-start=\"702\" data-end=\"735\">\ud83d\udca1 <strong>Conseils d\u2019utilisation :<\/strong><\/p>\n<ul>\n<li data-start=\"738\" data-end=\"907\"><strong data-start=\"738\" data-end=\"763\">En masque nourrissant<\/strong> : appliquer une petite noisette sur cheveux secs ou humides, sur les pointes uniquement ou toute la chevelure, en fonction des besoins. Laisser poser environ 1h (ou toute la nuit), puis laver avec un shampoing doux.<\/li>\n<\/ul>\n<p data-start=\"1052\" data-end=\"1149\">\n<p data-start=\"1052\" data-end=\"1149\">\n<p data-start=\"1156\" data-end=\"1192\">\ud83c\udf3f <strong>Ingr\u00e9dients cl\u00e9s :<\/strong><\/p>\n<ul>\n<li data-start=\"1195\" data-end=\"1260\"><strong data-start=\"1195\" data-end=\"1215\">Beurre de karit\u00e9<\/strong> : nourrit, prot\u00e8ge et r\u00e9pare en profondeur<\/li>\n<li data-start=\"1263\" data-end=\"1331\"><strong data-start=\"1263\" data-end=\"1283\">Beurre de mangue<\/strong> : renforce la cuticule du cheveu et lui apporte \u00e9clat et brillance, il nourrit, r\u00e9pare en profondeur et assouplit la fibre capillaire, il pr\u00e9vient en plus la formation des fourches<\/li>\n<li data-start=\"1334\" data-end=\"1416\"><strong data-start=\"1334\" data-end=\"1352\">Huile de ricin<\/strong> : stimule la pousse, fortifie et densifie la fibre capillaire. \u00c0 l\u2019instar des silicones issus de la p\u00e9trochimie, l\u2019huile de ricin pour les cheveux agit comme un agent filmog\u00e8ne naturel qui ne les \u00e9touffe pas. Elle prot\u00e8gera vos cheveux des agressions ext\u00e9rieures.<\/li>\n<li data-start=\"1419\" data-end=\"1510\"><strong data-start=\"1419\" data-end=\"1448\">Huile de noyaux d\u2019abricot<\/strong> : l\u00e9g\u00e8re et revitalisante, apporte \u00e9clat aux cheveux ternes et fourchus<\/li>\n<li data-start=\"1513\" data-end=\"1596\"><strong data-start=\"1513\" data-end=\"1533\">Sauge (mac\u00e9rat)<\/strong> : purifiant, r\u00e9gule le cuir chevelu et fortifie la chevelure. Utile pour pr\u00e9venir les pellicules et le graissage des cheveux<\/li>\n<li data-start=\"1599\" data-end=\"1671\"><strong data-start=\"1599\" data-end=\"1616\">Huile d\u2019olive (mac\u00e9rat)<\/strong> : protectrice et nourrissante, riche en antioxydants<\/li>\n<\/ul>\n<p>&nbsp;<\/p>\n<p>Ingr\u00e9dients\u00a0: beurre de karit\u00e9, beurre de mangue, huile de ricin, huile de noyaux d\u2019abricot, mac\u00e9r\u00e2t huileux de sauge.<\/p>\n<p><em>Ingredients\u00a0: butyrospermum parkii butter*, mangifera indica seed butter*, ricinus communis seed oil*, prunus armeniaca kernel oil*, olea europaea fruit oil*, salvia officinalis (*produits issus de l\u2019agriculture biologique).<\/em><\/p>\n<p>&nbsp;<\/p>\n<p><strong>Tous nos baumes et beurres v\u00e9g\u00e9taux sont \u00e9labor\u00e9s \u00e0 partir de mac\u00e9r\u00e2ts huileux, issus de nos cueillettes. Nous solarisons ensuite les plantes dans une huile d\u2019olive biologique. Nous n\u2019ajoutons pas de conservateur, ils sont donc \u00e0 conserver au frais, \u00e0 l\u2019abri de la lumi\u00e8re.<\/strong><\/p>\n","protected":false},"excerpt":{"rendered":"<p>Soin cheveux, \u00e0 utiliser comme un masque. A base de beurre de karit\u00e9, beurre de mangue, huile de ricin, huile de noyaux d\u2019abricot, mac\u00e9r\u00e2t huileux de sauge.\u00a0Hydratant, r\u00e9parateur et protecteur pour le cuir chevelu. Redonne \u00e9clat, force et brillance \u00e0 vos cheveux.\u00a040 ml<\/p>\n<p><strong>Le soin capillaire 100 % naturel<\/strong> \ud83d\udc86\u200d\u2640\ufe0f<br \/>\n\ud83c\udf3c Masque riche avant shampoing, pour cheveux secs ou ab\u00eem\u00e9s.<br \/>\n\ud83d\udca7 Redonne douceur, force et \u00e9clat.<br \/>\n\ud83c\udf31 Formul\u00e9 uniquement avec des beurres &amp; huiles bio.<br \/>\n\ud83d\uded1 Sans parfum, sans conservateur, sans huiles essentielles.<\/p>\n","protected":false},"featured_media":1244,"comment_status":"open","ping_status":"closed","template":"","meta":{"site-sidebar-layout":"default","site-content-layout":"","ast-site-content-layout":"default","site-content-style":"default","site-sidebar-style":"default","ast-global-header-display":"","ast-banner-title-visibility":"","ast-main-header-display":"","ast-hfb-above-header-display":"","ast-hfb-below-header-display":"","ast-hfb-mobile-header-display":"","site-post-title":"","ast-breadcrumbs-content":"","ast-featured-img":"","footer-sml-layout":"","theme-transparent-header-meta":"default","adv-header-id-meta":"","stick-header-meta":"","header-above-stick-meta":"","header-main-stick-meta":"","header-below-stick-meta":"","astra-migrate-meta-layouts":"set","ast-page-background-enabled":"default","ast-page-background-meta":{"desktop":{"background-color":"var(--ast-global-color-4)","background-image":"","background-repeat":"repeat","background-position":"center center","background-size":"auto","background-attachment":"scroll","background-type":"","background-media":"","overlay-type":"","overlay-color":"","overlay-opacity":"","overlay-gradient":""},"tablet":{"background-color":"","background-image":"","background-repeat":"repeat","background-position":"center center","background-size":"auto","background-attachment":"scroll","background-type":"","background-media":"","overlay-type":"","overlay-color":"","overlay-opacity":"","overlay-gradient":""},"mobile":{"background-color":"","background-image":"","background-repeat":"repeat","background-position":"center center","background-size":"auto","background-attachment":"scroll","background-type":"","background-media":"","overlay-type":"","overlay-color":"","overlay-opacity":"","overlay-gradient":""}},"ast-content-background-meta":{"desktop":{"background-color":"var(--ast-global-color-5)","background-image":"","background-repeat":"repeat","background-position":"center center","background-size":"auto","background-attachment":"scroll","background-type":"","background-media":"","overlay-type":"","overlay-color":"","overlay-opacity":"","overlay-gradient":""},"tablet":{"background-color":"var(--ast-global-color-5)","background-image":"","background-repeat":"repeat","background-position":"center center","background-size":"auto","background-attachment":"scroll","background-type":"","background-media":"","overlay-type":"","overlay-color":"","overlay-opacity":"","overlay-gradient":""},"mobile":{"background-color":"var(--ast-global-color-5)","background-image":"","background-repeat":"repeat","background-position":"center center","background-size":"auto","background-attachment":"scroll","background-type":"","background-media":"","overlay-type":"","overlay-color":"","overlay-opacity":"","overlay-gradient":""}},"_themeisle_gutenberg_block_has_review":false},"product_brand":[],"product_cat":[119],"product_tag":[],"class_list":{"0":"post-1243","1":"product","2":"type-product","3":"status-publish","4":"has-post-thumbnail","6":"product_cat-baumes-beurres","7":"desktop-align-left","8":"tablet-align-left","9":"mobile-align-left","11":"first","12":"instock","13":"shipping-taxable","14":"purchasable","15":"product-type-simple"},"supplier_id":null,"supplier_sku":"","barcode":null,"atum_controlled":true,"out_stock_date":null,"out_stock_threshold":null,"inheritable":false,"inbound_stock":0,"stock_on_hold":0,"sold_today":0,"sales_last_days":0,"reserved_stock":0,"customer_returns":0,"warehouse_damage":0,"lost_in_post":0,"other_logs":0,"out_stock_days":0,"lost_sales":0,"has_location":false,"update_date":"2026-04-05T10:16:09","atum_locations":[],"atum_stock_status":"instock","restock_status":false,"low_stock_amount":"","sales_update_date":"2026-04-05T10:16:09","calc_backorders":null,"_links":{"self":[{"href":"https:\/\/siteguillaumetesting2.online\/index.php\/wp-json\/wp\/v2\/product\/1243","targetHints":{"allow":["GET"]}}],"collection":[{"href":"https:\/\/siteguillaumetesting2.online\/index.php\/wp-json\/wp\/v2\/product"}],"about":[{"href":"https:\/\/siteguillaumetesting2.online\/index.php\/wp-json\/wp\/v2\/types\/product"}],"replies":[{"embeddable":true,"href":"https:\/\/siteguillaumetesting2.online\/index.php\/wp-json\/wp\/v2\/comments?post=1243"}],"wp:featuredmedia":[{"embeddable":true,"href":"https:\/\/siteguillaumetesting2.online\/index.php\/wp-json\/wp\/v2\/media\/1244"}],"wp:attachment":[{"href":"https:\/\/siteguillaumetesting2.online\/index.php\/wp-json\/wp\/v2\/media?parent=1243"}],"wp:term":[{"taxonomy":"product_brand","embeddable":true,"href":"https:\/\/siteguillaumetesting2.online\/index.php\/wp-json\/wp\/v2\/product_brand?post=1243"},{"taxonomy":"product_cat","embeddable":true,"href":"https:\/\/siteguillaumetesting2.online\/index.php\/wp-json\/wp\/v2\/product_cat?post=1243"},{"taxonomy":"product_tag","embeddable":true,"href":"https:\/\/siteguillaumetesting2.online\/index.php\/wp-json\/wp\/v2\/product_tag?post=1243"}],"curies":[{"name":"wp","href":"https:\/\/api.w.org\/{rel}","templated":true}]}}