{"id":1249,"date":"2024-10-28T18:10:55","date_gmt":"2024-10-28T17:10:55","guid":{"rendered":"https:\/\/siteguillaumetesting2.online\/?post_type=product&#038;p=1249"},"modified":"2026-01-20T17:58:57","modified_gmt":"2026-01-20T16:58:57","slug":"jouvence","status":"publish","type":"product","link":"https:\/\/siteguillaumetesting2.online\/index.php\/produit\/jouvence\/","title":{"rendered":"Jouvence"},"content":{"rendered":"<p>40 ml<\/p>\n<p data-start=\"118\" data-end=\"150\">\ud83c\udf38 <strong>Soin r\u00e9g\u00e9n\u00e9rant &amp; ultra hydratant<\/strong> \ud83c\udf38\u2728<\/p>\n<p data-start=\"152\" data-end=\"422\">Un baume onctueux con\u00e7u pour redonner \u00e9clat et vitalit\u00e9 \u00e0 la peau. Riche en beurres et huiles v\u00e9g\u00e9tales pr\u00e9cieuses, il nourrit intens\u00e9ment, am\u00e9liore l\u2019\u00e9lasticit\u00e9 de la peau et aide \u00e0 pr\u00e9venir les signes du vieillissement cutan\u00e9. Id\u00e9al pour les peaux matures, s\u00e8ches ou fatigu\u00e9es.<\/p>\n<p>Id\u00e9al pour toutes les zones s\u00e8ches ou fragiles du corps (crevasses, ger\u00e7ures, pieds, main, visage \u2026), ce beurre apportera une forte hydratation \u00e0 votre peau, gr\u00e2ce au <strong>beurre de mangue<\/strong>. Il est en effet reconnu pour maintenir l\u2019hydratation de la peau et pr\u00e9venir le vieillissement cutan\u00e9. Il peut \u00eatre appliqu\u00e9 sur une peau qui a subi une agression ext\u00e9rieure.<\/p>\n<p>Le mac\u00e9r\u00e2t huileux de <strong>pissenlit<\/strong> contribue au maintien de l&rsquo;hydratation\u00a0de l\u2019\u00e9piderme et pr\u00e9vient le\u00a0vieillissement cutan\u00e9\u00a0gr\u00e2ce \u00e0 son fort pouvoir\u00a0antioxydant.\u00a0Ses propri\u00e9t\u00e9s antioxydantes et anti-inflammatoires contribuent \u00e0 apaiser les irritations cutan\u00e9es et \u00e0 favoriser une peau saine.<\/p>\n<p>La <strong>fleur de cerisier<\/strong> est connue pour ses propri\u00e9t\u00e9s adoucissantes et hydratantes pour la peau. Elle est id\u00e9ale pour redonner de l\u2019\u00e9clat aux \u00e9pidermes fragilis\u00e9s et contribue \u00e0 prot\u00e9ger la peau des agressions ext\u00e9rieures (soleil, froid, pollution \u2026). Elle est \u00e9galement anti-oxydantes et favorise la r\u00e9g\u00e9n\u00e9ration cellulaire.<\/p>\n<p data-start=\"152\" data-end=\"422\">\n<p data-start=\"424\" data-end=\"444\">\ud83c\udf3c <strong data-start=\"427\" data-end=\"442\">Bienfaits :<\/strong><\/p>\n<ul>\n<li data-start=\"447\" data-end=\"479\">R\u00e9g\u00e9n\u00e8re et revitalise la peau<\/li>\n<li data-start=\"482\" data-end=\"521\">Aide \u00e0 lisser et raffermir les tissus<\/li>\n<li data-start=\"524\" data-end=\"547\">Nourrit en profondeur<\/li>\n<li data-start=\"550\" data-end=\"580\">Redonne confort et souplesse<\/li>\n<\/ul>\n<p>&nbsp;<\/p>\n<p data-start=\"582\" data-end=\"796\">\ud83d\udca1 <strong data-start=\"585\" data-end=\"613\">Conseils d\u2019utilisation :<\/strong><br data-start=\"613\" data-end=\"616\" \/>Appliquer une noisette de beurre en massage doux sur la zone concern\u00e9e, autant de fois que n\u00e9cessaire.<\/p>\n<p data-start=\"582\" data-end=\"796\">\n<p data-start=\"798\" data-end=\"834\">\ud83c\udf3f <strong data-start=\"801\" data-end=\"832\">Ingr\u00e9dients cl\u00e9s :<\/strong><\/p>\n<ul>\n<li data-start=\"63\" data-end=\"127\"><strong data-start=\"63\" data-end=\"83\">Beurre de mangue<\/strong> : nourrissant, assouplissant, adoucissant<\/li>\n<li data-start=\"130\" data-end=\"199\"><strong data-start=\"130\" data-end=\"161\">Fleurs de cerisier (mac\u00e9rat)<\/strong> : r\u00e9g\u00e9n\u00e9rantes, tonifiantes, illuminantes<\/li>\n<li data-start=\"202\" data-end=\"272\"><strong data-start=\"202\" data-end=\"234\">Pissenlit (mac\u00e9rat)<\/strong> : apaisant, relaxant, assouplissant<\/li>\n<li data-start=\"275\" data-end=\"335\"><strong data-start=\"275\" data-end=\"292\">Huile d\u2019olive (mac\u00e9rat)<\/strong> : nourrissante, protectrice, r\u00e9g\u00e9n\u00e9rante<\/li>\n<\/ul>\n<p>&nbsp;<\/p>\n<p>&nbsp;<\/p>\n<p>Ingr\u00e9dients\u00a0: beurre de mangue, mac\u00e9r\u00e2ts huileux de cerisier et pissenlit.<\/p>\n<p><em>Ingredients\u00a0: mangifera indica seed butter*, olea europaea fruit oil*, taraxacum officinale extract, prunus cerasus flower extract (*produits issus de l\u2019agriculture biologique)<\/em><\/p>\n<p>&nbsp;<\/p>\n<p><strong>Tous nos baumes et beurres v\u00e9g\u00e9taux sont \u00e9labor\u00e9s \u00e0 partir de mac\u00e9r\u00e2ts huileux, issus de nos cueillettes. Nous solarisons ensuite les plantes dans une huile d\u2019olive biologique. Nous n\u2019ajoutons pas de conservateur, ils sont donc \u00e0 conserver au frais, \u00e0 l\u2019abri de la lumi\u00e8re.<\/strong><\/p>\n","protected":false},"excerpt":{"rendered":"<p>Beurre ultra hydratant et r\u00e9parateur, \u00e0 base de beurre de mangue, mac\u00e9r\u00e2ts huileux de cerisier et pissenlit.<\/p>\n<p>Id\u00e9al pour les zones fragiles (visage, crevasses, ger\u00e7ures) ou s\u00e8ches. Protecteur des agressions ext\u00e9rieures (vent, froid, pollution).\u00a040 ml<\/p>\n<p><strong>Un tr\u00e9sor d\u2019\u00e9lasticit\u00e9 et de confort<\/strong> \ud83c\udf38<br \/>\n\ud83c\udf3c Riche et fondant, il nourrit intens\u00e9ment la peau.<br \/>\n\ud83d\udca7 Maintient l\u2019\u00e9lasticit\u00e9 et lutte contre le dess\u00e8chement.<br \/>\n\ud83c\udf31 Convient en soin visage et zones fragiles.<br \/>\n\ud83d\uded1 Sans parfum, sans conservateur, sans huiles essentielles.<\/p>\n","protected":false},"featured_media":1250,"comment_status":"open","ping_status":"closed","template":"","meta":{"site-sidebar-layout":"default","site-content-layout":"","ast-site-content-layout":"default","site-content-style":"default","site-sidebar-style":"default","ast-global-header-display":"","ast-banner-title-visibility":"","ast-main-header-display":"","ast-hfb-above-header-display":"","ast-hfb-below-header-display":"","ast-hfb-mobile-header-display":"","site-post-title":"","ast-breadcrumbs-content":"","ast-featured-img":"","footer-sml-layout":"","theme-transparent-header-meta":"default","adv-header-id-meta":"","stick-header-meta":"","header-above-stick-meta":"","header-main-stick-meta":"","header-below-stick-meta":"","astra-migrate-meta-layouts":"set","ast-page-background-enabled":"default","ast-page-background-meta":{"desktop":{"background-color":"var(--ast-global-color-4)","background-image":"","background-repeat":"repeat","background-position":"center center","background-size":"auto","background-attachment":"scroll","background-type":"","background-media":"","overlay-type":"","overlay-color":"","overlay-opacity":"","overlay-gradient":""},"tablet":{"background-color":"","background-image":"","background-repeat":"repeat","background-position":"center center","background-size":"auto","background-attachment":"scroll","background-type":"","background-media":"","overlay-type":"","overlay-color":"","overlay-opacity":"","overlay-gradient":""},"mobile":{"background-color":"","background-image":"","background-repeat":"repeat","background-position":"center center","background-size":"auto","background-attachment":"scroll","background-type":"","background-media":"","overlay-type":"","overlay-color":"","overlay-opacity":"","overlay-gradient":""}},"ast-content-background-meta":{"desktop":{"background-color":"var(--ast-global-color-5)","background-image":"","background-repeat":"repeat","background-position":"center center","background-size":"auto","background-attachment":"scroll","background-type":"","background-media":"","overlay-type":"","overlay-color":"","overlay-opacity":"","overlay-gradient":""},"tablet":{"background-color":"var(--ast-global-color-5)","background-image":"","background-repeat":"repeat","background-position":"center center","background-size":"auto","background-attachment":"scroll","background-type":"","background-media":"","overlay-type":"","overlay-color":"","overlay-opacity":"","overlay-gradient":""},"mobile":{"background-color":"var(--ast-global-color-5)","background-image":"","background-repeat":"repeat","background-position":"center center","background-size":"auto","background-attachment":"scroll","background-type":"","background-media":"","overlay-type":"","overlay-color":"","overlay-opacity":"","overlay-gradient":""}},"_themeisle_gutenberg_block_has_review":false},"product_brand":[],"product_cat":[119],"product_tag":[],"class_list":{"0":"post-1249","1":"product","2":"type-product","3":"status-publish","4":"has-post-thumbnail","6":"product_cat-baumes-beurres","7":"desktop-align-left","8":"tablet-align-left","9":"mobile-align-left","11":"first","12":"instock","13":"shipping-taxable","14":"purchasable","15":"product-type-simple"},"supplier_id":null,"supplier_sku":"","barcode":null,"atum_controlled":true,"out_stock_date":null,"out_stock_threshold":null,"inheritable":false,"inbound_stock":0,"stock_on_hold":0,"sold_today":0,"sales_last_days":0,"reserved_stock":0,"customer_returns":0,"warehouse_damage":0,"lost_in_post":0,"other_logs":0,"out_stock_days":0,"lost_sales":0,"has_location":false,"update_date":"2026-04-05T10:16:09","atum_locations":[],"atum_stock_status":"instock","restock_status":false,"low_stock_amount":"","sales_update_date":"2026-04-05T10:16:09","calc_backorders":null,"_links":{"self":[{"href":"https:\/\/siteguillaumetesting2.online\/index.php\/wp-json\/wp\/v2\/product\/1249","targetHints":{"allow":["GET"]}}],"collection":[{"href":"https:\/\/siteguillaumetesting2.online\/index.php\/wp-json\/wp\/v2\/product"}],"about":[{"href":"https:\/\/siteguillaumetesting2.online\/index.php\/wp-json\/wp\/v2\/types\/product"}],"replies":[{"embeddable":true,"href":"https:\/\/siteguillaumetesting2.online\/index.php\/wp-json\/wp\/v2\/comments?post=1249"}],"wp:featuredmedia":[{"embeddable":true,"href":"https:\/\/siteguillaumetesting2.online\/index.php\/wp-json\/wp\/v2\/media\/1250"}],"wp:attachment":[{"href":"https:\/\/siteguillaumetesting2.online\/index.php\/wp-json\/wp\/v2\/media?parent=1249"}],"wp:term":[{"taxonomy":"product_brand","embeddable":true,"href":"https:\/\/siteguillaumetesting2.online\/index.php\/wp-json\/wp\/v2\/product_brand?post=1249"},{"taxonomy":"product_cat","embeddable":true,"href":"https:\/\/siteguillaumetesting2.online\/index.php\/wp-json\/wp\/v2\/product_cat?post=1249"},{"taxonomy":"product_tag","embeddable":true,"href":"https:\/\/siteguillaumetesting2.online\/index.php\/wp-json\/wp\/v2\/product_tag?post=1249"}],"curies":[{"name":"wp","href":"https:\/\/api.w.org\/{rel}","templated":true}]}}