{"id":1252,"date":"2024-10-28T18:14:09","date_gmt":"2024-10-28T17:14:09","guid":{"rendered":"https:\/\/siteguillaumetesting2.online\/?post_type=product&#038;p=1252"},"modified":"2026-03-29T01:02:08","modified_gmt":"2026-03-29T00:02:08","slug":"apres-soleil-2","status":"publish","type":"product","link":"https:\/\/siteguillaumetesting2.online\/index.php\/produit\/apres-soleil-2\/","title":{"rendered":"Apr\u00e8s-soleil"},"content":{"rendered":"<p>40 ml<\/p>\n<p data-start=\"204\" data-end=\"274\"><strong data-start=\"204\" data-end=\"272\">\u2600\ufe0f Un baume r\u00e9parateur et apaisant apr\u00e8s une journ\u00e9e au soleil \u2600\ufe0f\ud83c\udf19<\/strong><\/p>\n<p data-start=\"276\" data-end=\"551\">Con\u00e7u pour choyer la peau apr\u00e8s l\u2019exposition solaire, ce baume riche en beurre de mangue et en sauge apaise, nourrit et aide \u00e0 r\u00e9g\u00e9n\u00e9rer l\u2019\u00e9piderme. Sa texture fondante enveloppe la peau d\u2019un voile r\u00e9confortant qui soulage imm\u00e9diatement les sensations de chaleur et de tiraillements.<\/p>\n<p data-start=\"553\" data-end=\"757\">\n<p data-start=\"764\" data-end=\"784\">\ud83c\udf3c <strong>Bienfaits :<\/strong><\/p>\n<ul>\n<li data-start=\"787\" data-end=\"832\">Apaise et soulage les \u00e9chauffements cutan\u00e9s<\/li>\n<li data-start=\"835\" data-end=\"888\">Nourrit en profondeur et pr\u00e9vient la d\u00e9shydratation<\/li>\n<li data-start=\"891\" data-end=\"950\">Aide la peau \u00e0 retrouver confort, \u00e9lasticit\u00e9 et souplesse<\/li>\n<li data-start=\"953\" data-end=\"1020\">R\u00e9g\u00e9n\u00e8re la peau fragilis\u00e9e par le soleil, l\u2019eau sal\u00e9e ou le vent<\/li>\n<\/ul>\n<p>&nbsp;<\/p>\n<p>\ud83d\udca1 <strong>Conseils d\u2019utilisation :<\/strong><\/p>\n<p data-start=\"1061\" data-end=\"1286\">Apr\u00e8s la douche, pr\u00e9lever une petite noisette du beurre et masser doucement sur la peau propre et s\u00e8che (corps, \u00e9paules, jambes).<br data-start=\"1190\" data-end=\"1193\" \/>Laisser p\u00e9n\u00e9trer naturellement.<br data-start=\"1224\" data-end=\"1227\" \/>\u26a0\ufe0f <strong data-start=\"556\" data-end=\"580\">Pr\u00e9caution d\u2019usage :<\/strong> ce soin est \u00e0 appliquer <strong data-start=\"605\" data-end=\"627\">uniquement le soir<\/strong>, apr\u00e8s l\u2019exposition au soleil. <strong data-start=\"659\" data-end=\"679\">Ne pas s\u2019exposer<\/strong> directement au soleil apr\u00e8s application.<\/p>\n<p data-start=\"1061\" data-end=\"1286\">\n<p data-start=\"1293\" data-end=\"1329\">\ud83c\udf3f<strong> Ingr\u00e9dients cl\u00e9s :<\/strong><\/p>\n<ul>\n<li data-start=\"1332\" data-end=\"1413\"><strong data-start=\"1332\" data-end=\"1352\">Beurre de mangue<\/strong> : nourrissant, assouplissant, prot\u00e8ge de la d\u00e9shydratation<\/li>\n<li data-start=\"1416\" data-end=\"1474\"><strong data-start=\"1416\" data-end=\"1425\">Sauge (mac\u00e9rat)<\/strong>\u00a0: apaisante, purifiante et r\u00e9paratrice cutan\u00e9e<\/li>\n<li data-start=\"1477\" data-end=\"1549\"><strong data-start=\"1477\" data-end=\"1494\">Huile d\u2019olive (mac\u00e9rat)<\/strong> : riche en antioxydants, protectrice et adoucissante<\/li>\n<\/ul>\n<p>&nbsp;<\/p>\n<p>&nbsp;<\/p>\n<p>Utilisation\u00a0: pr\u00e9lever une noisette et masser la zone souhait\u00e9e jusqu\u2019\u00e0 p\u00e9n\u00e9tration. Appliquer autant de fois que n\u00e9cessaire.<\/p>\n<p>Ingr\u00e9dients\u00a0: beurre de mangue, mac\u00e9r\u00e2t huileux de sauge.<\/p>\n<p><em>Ingredients\u00a0: mangifera indica seed butter*, olea europaea fruit oil*, salvia officinalis (*produits issus de l\u2019agriculture biologique)<\/em><\/p>\n<p>&nbsp;<\/p>\n<p><strong>Tous nos baumes et beurres v\u00e9g\u00e9taux sont \u00e9labor\u00e9s \u00e0 partir de mac\u00e9r\u00e2ts huileux, issus de nos cueillettes. Nous solarisons ensuite les plantes dans une huile d\u2019olive biologique. Nous n\u2019ajoutons pas de conservateur, ils sont donc \u00e0 conserver au frais, \u00e0 l\u2019abri de la lumi\u00e8re.<\/strong><\/p>\n","protected":false},"excerpt":{"rendered":"<p>Beurre apaisant, \u00e0 base de beurre de mangue, mac\u00e9r\u00e2t huileux de sauge.\u00a0Apaise la peau et la prot\u00e8ge des agressions ext\u00e9rieures.\u00a040 ml<\/p>\n<p>\ud83c\udf3f <strong>Baume r\u00e9parateur<\/strong> enrichi pour apaiser les coups de soleil, rafra\u00eechir et hydrater apr\u00e8s exposition.<br \/>\n\ud83d\udca7 Texture douce, fondante, id\u00e9ale pour calmer les tiraillements et nourrir la peau.<br \/>\n\ud83d\uded1 Sans parfum, sans conservateur, ni huiles essentielles \u2014 parfait pour les peaux sensibles ou irrit\u00e9es.<\/p>\n","protected":false},"featured_media":1253,"comment_status":"open","ping_status":"closed","template":"","meta":{"site-sidebar-layout":"default","site-content-layout":"","ast-site-content-layout":"default","site-content-style":"default","site-sidebar-style":"default","ast-global-header-display":"","ast-banner-title-visibility":"","ast-main-header-display":"","ast-hfb-above-header-display":"","ast-hfb-below-header-display":"","ast-hfb-mobile-header-display":"","site-post-title":"","ast-breadcrumbs-content":"","ast-featured-img":"","footer-sml-layout":"","theme-transparent-header-meta":"default","adv-header-id-meta":"","stick-header-meta":"","header-above-stick-meta":"","header-main-stick-meta":"","header-below-stick-meta":"","astra-migrate-meta-layouts":"set","ast-page-background-enabled":"default","ast-page-background-meta":{"desktop":{"background-color":"var(--ast-global-color-4)","background-image":"","background-repeat":"repeat","background-position":"center center","background-size":"auto","background-attachment":"scroll","background-type":"","background-media":"","overlay-type":"","overlay-color":"","overlay-opacity":"","overlay-gradient":""},"tablet":{"background-color":"","background-image":"","background-repeat":"repeat","background-position":"center center","background-size":"auto","background-attachment":"scroll","background-type":"","background-media":"","overlay-type":"","overlay-color":"","overlay-opacity":"","overlay-gradient":""},"mobile":{"background-color":"","background-image":"","background-repeat":"repeat","background-position":"center center","background-size":"auto","background-attachment":"scroll","background-type":"","background-media":"","overlay-type":"","overlay-color":"","overlay-opacity":"","overlay-gradient":""}},"ast-content-background-meta":{"desktop":{"background-color":"var(--ast-global-color-5)","background-image":"","background-repeat":"repeat","background-position":"center center","background-size":"auto","background-attachment":"scroll","background-type":"","background-media":"","overlay-type":"","overlay-color":"","overlay-opacity":"","overlay-gradient":""},"tablet":{"background-color":"var(--ast-global-color-5)","background-image":"","background-repeat":"repeat","background-position":"center center","background-size":"auto","background-attachment":"scroll","background-type":"","background-media":"","overlay-type":"","overlay-color":"","overlay-opacity":"","overlay-gradient":""},"mobile":{"background-color":"var(--ast-global-color-5)","background-image":"","background-repeat":"repeat","background-position":"center center","background-size":"auto","background-attachment":"scroll","background-type":"","background-media":"","overlay-type":"","overlay-color":"","overlay-opacity":"","overlay-gradient":""}},"_themeisle_gutenberg_block_has_review":false},"product_brand":[],"product_cat":[119],"product_tag":[],"class_list":{"0":"post-1252","1":"product","2":"type-product","3":"status-publish","4":"has-post-thumbnail","6":"product_cat-baumes-beurres","7":"desktop-align-left","8":"tablet-align-left","9":"mobile-align-left","11":"first","12":"instock","13":"shipping-taxable","14":"purchasable","15":"product-type-simple"},"supplier_id":null,"supplier_sku":"","barcode":null,"atum_controlled":true,"out_stock_date":null,"out_stock_threshold":null,"inheritable":false,"inbound_stock":0,"stock_on_hold":0,"sold_today":0,"sales_last_days":0,"reserved_stock":0,"customer_returns":0,"warehouse_damage":0,"lost_in_post":0,"other_logs":0,"out_stock_days":0,"lost_sales":0,"has_location":false,"update_date":"2026-04-05T10:16:09","atum_locations":[],"atum_stock_status":"instock","restock_status":false,"low_stock_amount":"","sales_update_date":"2026-04-05T10:16:09","calc_backorders":null,"_links":{"self":[{"href":"https:\/\/siteguillaumetesting2.online\/index.php\/wp-json\/wp\/v2\/product\/1252","targetHints":{"allow":["GET"]}}],"collection":[{"href":"https:\/\/siteguillaumetesting2.online\/index.php\/wp-json\/wp\/v2\/product"}],"about":[{"href":"https:\/\/siteguillaumetesting2.online\/index.php\/wp-json\/wp\/v2\/types\/product"}],"replies":[{"embeddable":true,"href":"https:\/\/siteguillaumetesting2.online\/index.php\/wp-json\/wp\/v2\/comments?post=1252"}],"wp:featuredmedia":[{"embeddable":true,"href":"https:\/\/siteguillaumetesting2.online\/index.php\/wp-json\/wp\/v2\/media\/1253"}],"wp:attachment":[{"href":"https:\/\/siteguillaumetesting2.online\/index.php\/wp-json\/wp\/v2\/media?parent=1252"}],"wp:term":[{"taxonomy":"product_brand","embeddable":true,"href":"https:\/\/siteguillaumetesting2.online\/index.php\/wp-json\/wp\/v2\/product_brand?post=1252"},{"taxonomy":"product_cat","embeddable":true,"href":"https:\/\/siteguillaumetesting2.online\/index.php\/wp-json\/wp\/v2\/product_cat?post=1252"},{"taxonomy":"product_tag","embeddable":true,"href":"https:\/\/siteguillaumetesting2.online\/index.php\/wp-json\/wp\/v2\/product_tag?post=1252"}],"curies":[{"name":"wp","href":"https:\/\/api.w.org\/{rel}","templated":true}]}}