{"id":1860,"date":"2025-11-04T19:09:51","date_gmt":"2025-11-04T18:09:51","guid":{"rendered":"https:\/\/siteguillaumetesting2.online\/?post_type=product&#038;p=1860"},"modified":"2026-02-27T22:21:06","modified_gmt":"2026-02-27T21:21:06","slug":"trousse-de-toilette-vert-bleu","status":"publish","type":"product","link":"https:\/\/siteguillaumetesting2.online\/index.php\/produit\/trousse-de-toilette-vert-bleu\/","title":{"rendered":"Trousse de toilette vert bleu"},"content":{"rendered":"<p>Trousse de toilette en velours c\u00f4tel\u00e9 vert\/bleu et int\u00e9rieur coton, motif imprim\u00e9.<\/p>\n<p data-start=\"146\" data-end=\"221\"><strong data-start=\"146\" data-end=\"219\">\ud83c\udf92 L\u2019accessoire pratique et \u00e9l\u00e9gant pour vos essentiels du quotidien \u2728\ud83e\uddf3<\/strong><\/p>\n<p data-start=\"223\" data-end=\"509\">Fabriqu\u00e9e artisanalement avec des mat\u00e9riaux de qualit\u00e9, cette <strong>trousse de toilette<\/strong> est l\u2019alli\u00e9e id\u00e9ale pour transporter vos produits de soin, vos savons solides et vos accessoires z\u00e9ro d\u00e9chet. Compacte mais spacieuse, elle vous accompagne aussi bien en voyage qu\u2019au quotidien, que ce soit pour vos affaires de toilette mais pas que !<\/p>\n<p data-start=\"516\" data-end=\"536\">\ud83c\udf3c <strong>Bienfaits :<\/strong><\/p>\n<ul>\n<li data-start=\"539\" data-end=\"618\">Pratique et polyvalente : id\u00e9ale pour savons, brosses \u00e0 dents, accessoires \ud83c\udf3f<\/li>\n<li data-start=\"621\" data-end=\"687\">Compacte, elle se glisse facilement dans un sac ou une valise \ud83c\udf92<\/li>\n<li data-start=\"690\" data-end=\"718\">Lavable et r\u00e9utilisable \u267b\ufe0f<\/li>\n<li data-start=\"721\" data-end=\"764\">Fabrication artisanale, unique et durable<\/li>\n<\/ul>\n<p>&nbsp;<\/p>\n<p data-start=\"771\" data-end=\"804\">\ud83d\udca1 <strong>Conseils d\u2019utilisation :<\/strong><\/p>\n<p data-start=\"805\" data-end=\"1007\">Rangez vos essentiels (savons, baumes, accessoires, huiles) dans la trousse pour vos d\u00e9placements.<br data-start=\"904\" data-end=\"907\" \/>\ud83d\udc49 Astuce :\u00a0parfaite en duo avec une <strong data-start=\"944\" data-end=\"964\">pochette \u00e0 savon et \/ ou un filet,<\/strong> pour un kit de voyage 100 % z\u00e9ro d\u00e9chet.<\/p>\n<ul>\n<li><em>Cousue main.<\/em><\/li>\n<li><em>Base rectangulaire d\u2019environ 24 cm x 9 cm. Hauteur 18 cm.<\/em><\/li>\n<li><em>Fermeture \u00e9clair en laiton.<\/em><\/li>\n<\/ul>\n<p>&nbsp;<\/p>\n","protected":false},"excerpt":{"rendered":"<p>Trousse de toilette en velours c\u00f4tel\u00e9.<\/p>\n<p><strong>Id\u00e9ale pour les d\u00e9placements du quotidien !<\/strong><\/p>\n<ul>\n<li data-start=\"539\" data-end=\"618\">Pratique et polyvalente : id\u00e9ale pour savons, brosses \u00e0 dents, accessoires \ud83c\udf3f<\/li>\n<li data-start=\"621\" data-end=\"687\">Compacte, elle se glisse facilement dans un sac ou une valise \ud83c\udf92<\/li>\n<li data-start=\"690\" data-end=\"718\">Lavable et r\u00e9utilisable \u267b\ufe0f<\/li>\n<li data-start=\"721\" data-end=\"764\">Fabrication artisanale, unique et durable<\/li>\n<\/ul>\n","protected":false},"featured_media":1863,"comment_status":"open","ping_status":"closed","template":"","meta":{"site-sidebar-layout":"default","site-content-layout":"","ast-site-content-layout":"default","site-content-style":"default","site-sidebar-style":"default","ast-global-header-display":"","ast-banner-title-visibility":"","ast-main-header-display":"","ast-hfb-above-header-display":"","ast-hfb-below-header-display":"","ast-hfb-mobile-header-display":"","site-post-title":"","ast-breadcrumbs-content":"","ast-featured-img":"","footer-sml-layout":"","theme-transparent-header-meta":"default","adv-header-id-meta":"","stick-header-meta":"","header-above-stick-meta":"","header-main-stick-meta":"","header-below-stick-meta":"","astra-migrate-meta-layouts":"set","ast-page-background-enabled":"default","ast-page-background-meta":{"desktop":{"background-color":"var(--ast-global-color-4)","background-image":"","background-repeat":"repeat","background-position":"center center","background-size":"auto","background-attachment":"scroll","background-type":"","background-media":"","overlay-type":"","overlay-color":"","overlay-opacity":"","overlay-gradient":""},"tablet":{"background-color":"","background-image":"","background-repeat":"repeat","background-position":"center center","background-size":"auto","background-attachment":"scroll","background-type":"","background-media":"","overlay-type":"","overlay-color":"","overlay-opacity":"","overlay-gradient":""},"mobile":{"background-color":"","background-image":"","background-repeat":"repeat","background-position":"center center","background-size":"auto","background-attachment":"scroll","background-type":"","background-media":"","overlay-type":"","overlay-color":"","overlay-opacity":"","overlay-gradient":""}},"ast-content-background-meta":{"desktop":{"background-color":"var(--ast-global-color-5)","background-image":"","background-repeat":"repeat","background-position":"center center","background-size":"auto","background-attachment":"scroll","background-type":"","background-media":"","overlay-type":"","overlay-color":"","overlay-opacity":"","overlay-gradient":""},"tablet":{"background-color":"var(--ast-global-color-5)","background-image":"","background-repeat":"repeat","background-position":"center center","background-size":"auto","background-attachment":"scroll","background-type":"","background-media":"","overlay-type":"","overlay-color":"","overlay-opacity":"","overlay-gradient":""},"mobile":{"background-color":"var(--ast-global-color-5)","background-image":"","background-repeat":"repeat","background-position":"center center","background-size":"auto","background-attachment":"scroll","background-type":"","background-media":"","overlay-type":"","overlay-color":"","overlay-opacity":"","overlay-gradient":""}},"_themeisle_gutenberg_block_has_review":false},"product_brand":[],"product_cat":[118],"product_tag":[],"class_list":{"0":"post-1860","1":"product","2":"type-product","3":"status-publish","4":"has-post-thumbnail","6":"product_cat-ephemeres","7":"desktop-align-left","8":"tablet-align-left","9":"mobile-align-left","11":"first","12":"instock","13":"shipping-taxable","14":"purchasable","15":"product-type-simple"},"supplier_id":null,"supplier_sku":"","barcode":null,"atum_controlled":true,"out_stock_date":null,"out_stock_threshold":null,"inheritable":false,"inbound_stock":0,"stock_on_hold":0,"sold_today":0,"sales_last_days":0,"reserved_stock":0,"customer_returns":0,"warehouse_damage":0,"lost_in_post":0,"other_logs":0,"out_stock_days":0,"lost_sales":0,"has_location":false,"update_date":"2026-04-05T10:16:08","atum_locations":[],"atum_stock_status":"instock","restock_status":false,"low_stock_amount":"","sales_update_date":"2026-04-05T10:16:08","calc_backorders":null,"_links":{"self":[{"href":"https:\/\/siteguillaumetesting2.online\/index.php\/wp-json\/wp\/v2\/product\/1860","targetHints":{"allow":["GET"]}}],"collection":[{"href":"https:\/\/siteguillaumetesting2.online\/index.php\/wp-json\/wp\/v2\/product"}],"about":[{"href":"https:\/\/siteguillaumetesting2.online\/index.php\/wp-json\/wp\/v2\/types\/product"}],"replies":[{"embeddable":true,"href":"https:\/\/siteguillaumetesting2.online\/index.php\/wp-json\/wp\/v2\/comments?post=1860"}],"wp:featuredmedia":[{"embeddable":true,"href":"https:\/\/siteguillaumetesting2.online\/index.php\/wp-json\/wp\/v2\/media\/1863"}],"wp:attachment":[{"href":"https:\/\/siteguillaumetesting2.online\/index.php\/wp-json\/wp\/v2\/media?parent=1860"}],"wp:term":[{"taxonomy":"product_brand","embeddable":true,"href":"https:\/\/siteguillaumetesting2.online\/index.php\/wp-json\/wp\/v2\/product_brand?post=1860"},{"taxonomy":"product_cat","embeddable":true,"href":"https:\/\/siteguillaumetesting2.online\/index.php\/wp-json\/wp\/v2\/product_cat?post=1860"},{"taxonomy":"product_tag","embeddable":true,"href":"https:\/\/siteguillaumetesting2.online\/index.php\/wp-json\/wp\/v2\/product_tag?post=1860"}],"curies":[{"name":"wp","href":"https:\/\/api.w.org\/{rel}","templated":true}]}}