{"id":1941,"date":"2025-12-01T17:34:45","date_gmt":"2025-12-01T16:34:45","guid":{"rendered":"https:\/\/siteguillaumetesting2.online\/?post_type=product&#038;p=1941"},"modified":"2026-01-21T08:22:13","modified_gmt":"2026-01-21T07:22:13","slug":"trousse-noel-52e","status":"publish","type":"product","link":"https:\/\/siteguillaumetesting2.online\/index.php\/produit\/trousse-noel-52e\/","title":{"rendered":"Trousse No\u00ebl 52\u20ac"},"content":{"rendered":"<p data-start=\"306\" data-end=\"727\">Offrez un cadeau \u00e0 la fois pratique, \u00e9l\u00e9gant et profond\u00e9ment tourn\u00e9 vers le naturel gr\u00e2ce \u00e0 la <strong data-start=\"401\" data-end=\"439\">Trousse de Toilette Potion Sauvage<\/strong>. Con\u00e7ue pour durer, robuste et esth\u00e9tique, elle accueille une s\u00e9lection de soins artisanaux qui composent une routine compl\u00e8te : nettoyer, exfolier, purifier, nourrir et d\u00e9maquiller.<br data-start=\"622\" data-end=\"625\" \/>Un ensemble d\u00e9j\u00e0 pr\u00eat \u00e0 offrir, parfait pour les amateurs de cosm\u00e9tiques naturels et minimalistes \ud83c\udf81\u2728.<\/p>\n<h5 data-start=\"734\" data-end=\"783\">\ud83c\udf3f <strong data-start=\"740\" data-end=\"783\">Un contenant durable, nomade et \u00e9l\u00e9gant<\/strong><\/h5>\n<p data-start=\"785\" data-end=\"875\">La trousse de toilette Potion Sauvage est pens\u00e9e pour accompagner toutes les aventures : solide et pratique \ud83e\uddf5, parfaite pour organiser ses essentiels et id\u00e9ale pour les voyages, les week-ends et le quotidien. Elle remplace avantageusement les coffrets classiques et continue d\u2019\u00eatre utile longtemps apr\u00e8s que les produits soient utilis\u00e9s. Un cadeau durable et responsable \u267b\ufe0f.<\/p>\n<h5 data-start=\"1177\" data-end=\"1256\">\u2728 <strong data-start=\"1181\" data-end=\"1256\">\u00c0 l\u2019int\u00e9rieur, cinq essentiels pour une routine compl\u00e8te et naturelle :<\/strong><\/h5>\n<p>&nbsp;<\/p>\n<h6 data-start=\"1258\" data-end=\"1302\">\ud83e\uddfc <strong data-start=\"1265\" data-end=\"1302\">Filet \u00e0 savon \u2013 \u00c9cologique &amp; fut\u00e9<\/strong><\/h6>\n<p data-start=\"1303\" data-end=\"1544\">Ce filet permet de faire mousser facilement les chutes de savon et de prolonger leur dur\u00e9e de vie. Parfait pour un usage z\u00e9ro d\u00e9chet !<br data-start=\"1437\" data-end=\"1440\" \/>\ud83d\udc9a Anti-gaspillage<br data-start=\"1458\" data-end=\"1461\" \/>\ud83d\udc9a Pratique sous la douche<br data-start=\"1487\" data-end=\"1490\" \/>\ud83d\udc9a Doux pour la peau gr\u00e2ce \u00e0 son l\u00e9ger effet exfoliant<\/p>\n<h6 data-start=\"1551\" data-end=\"1597\">\u26ab <strong data-start=\"1557\" data-end=\"1597\">Savon Charbon \u2013 D\u00e9tox &amp; purification<\/strong><\/h6>\n<p data-start=\"1598\" data-end=\"1802\">Formul\u00e9 avec du charbon actif, ce savon est un alli\u00e9 incontournable pour les peaux mixtes \u00e0 grasses.<br data-start=\"1698\" data-end=\"1701\" \/>\ud83d\udda4 Absorbe l\u2019exc\u00e8s de s\u00e9bum<br data-start=\"1728\" data-end=\"1731\" \/>\ud83d\udda4 Purifie en profondeur<br data-start=\"1755\" data-end=\"1758\" \/>\ud83d\udda4 Laisse une sensation de fra\u00eecheur intense<\/p>\n<p data-start=\"1804\" data-end=\"1838\">Un geste purifiant au quotidien \u2728.<\/p>\n<h6 data-start=\"1845\" data-end=\"1892\"><span class=\"x1xsqp64 xiy17q3 x1o6pynw x19co3pv xdj266r xjn30re xat24cr x1hb08if x2b8uid\" data-testid=\"emoji\"><span class=\"xexx8yu xcaqkgz x18d9i69 xbwkkl7 x3jgonx x1bhl96m\">\ud83c\udf31<\/span><\/span> <strong data-start=\"1852\" data-end=\"1892\">B\u00f4&rsquo;Baume \u2013 Le baume polyvalent !<\/strong><\/h6>\n<p data-start=\"1893\" data-end=\"2050\">Un baume fondant les petites blessures du quotidien, \u00e0 base de mac\u00e9r\u00e2t huileux de sauge et de plantain, cire d\u2019abeille bio, miel.<\/p>\n<ul>\n<li data-start=\"485\" data-end=\"547\">Favorise la cicatrisation des petites plaies et \u00e9gratignures<\/li>\n<li data-start=\"550\" data-end=\"586\">Apaise les irritations et rougeurs<\/li>\n<li data-start=\"589\" data-end=\"626\">Prot\u00e8ge et r\u00e9pare les zones ab\u00eem\u00e9es<\/li>\n<li data-start=\"629\" data-end=\"691\">Convient \u00e0 toute la famille pour les petits bobos quotidiens<\/li>\n<\/ul>\n<p data-start=\"2052\" data-end=\"2108\">Un baume \u00e0 avoir sur soi, partout, tout le temps !<\/p>\n<h6 data-start=\"2115\" data-end=\"2172\">\ud83e\uddf4 <strong data-start=\"2122\" data-end=\"2172\">Beurre d\u00e9maquillant \u2013 D\u00e9licatesse &amp; efficacit\u00e9<\/strong><\/h6>\n<p data-start=\"2173\" data-end=\"2377\">Un soin riche et fondant qui \u00e9limine maquillage, impuret\u00e9s et pollution.<br data-start=\"2245\" data-end=\"2248\" \/>\ud83c\udf19 S\u2019utilise le soir pour une peau parfaitement nette<br data-start=\"2301\" data-end=\"2304\" \/>\ud83c\udf19 Nourrit tout en nettoyant<br data-start=\"2332\" data-end=\"2335\" \/>\ud83c\udf19 Laisse la peau douce, souple et apais\u00e9e<\/p>\n<p data-start=\"2379\" data-end=\"2426\">Un indispensable de la routine clean beauty \ud83e\udd0d.<\/p>\n<h6 data-start=\"2433\" data-end=\"2492\">\ud83c\udf30 <strong data-start=\"2440\" data-end=\"2492\">Savon Visage Exfoliant Amandes \u2013 \u00c9clat &amp; douceur<\/strong><\/h6>\n<p data-start=\"2493\" data-end=\"2680\">Enrichi en poudre d\u2019amande, ce savon exfolie d\u00e9licatement sans agresser la peau.<br data-start=\"2573\" data-end=\"2576\" \/>\u2728 \u00c9limine les cellules mortes<br data-start=\"2605\" data-end=\"2608\" \/>\u2728 Laisse la peau plus douce et lumineuse<br data-start=\"2648\" data-end=\"2651\" \/>\u2728 Parfait pour un teint frais<\/p>\n<p data-start=\"2682\" data-end=\"2721\">Un soin 2-en-1 naturel et sensoriel \ud83c\udf38.<\/p>\n<p data-start=\"3004\" data-end=\"3099\">Pratique, \u00e9l\u00e9gante, naturelle et d\u00e9j\u00e0 pr\u00eate \u00e0 offrir, elle saura faire plaisir \u00e0 coup s\u00fbr \ud83c\udf3f\ud83d\udc9b.<\/p>\n","protected":false},"excerpt":{"rendered":"<h6 data-start=\"3158\" data-end=\"3234\"><strong data-start=\"3164\" data-end=\"3234\">Routine Naturelle Compl\u00e8te \ud83c\udf3f<\/strong><\/h6>\n<p data-start=\"3236\" data-end=\"3312\">Un cadeau pr\u00eat \u00e0 offrir, pratique et 100 % naturel !<\/p>\n<p data-start=\"3236\" data-end=\"3312\">La trousse contient :<\/p>\n<ul data-start=\"3314\" data-end=\"3566\">\n<li data-start=\"3314\" data-end=\"3367\">\n<p data-start=\"3316\" data-end=\"3367\">\ud83e\uddfc <strong data-start=\"3319\" data-end=\"3336\">Filet \u00e0 savon<\/strong> \u2013 Pratique pour faire s\u00e9cher le savon et exfolier la peau<\/p>\n<\/li>\n<li data-start=\"3368\" data-end=\"3411\">\n<p data-start=\"3370\" data-end=\"3411\">\u26ab <strong data-start=\"3372\" data-end=\"3389\">Savon Charbon<\/strong> \u2013 D\u00e9tox &amp; purifiant<\/p>\n<\/li>\n<li data-start=\"3412\" data-end=\"3459\">\n<p data-start=\"3414\" data-end=\"3459\">\ud83d\udc95 <strong data-start=\"2843\" data-end=\"2855\">B\u00f4\u2019Baume<\/strong> \u2013 Hydratation multi-usage<\/p>\n<\/li>\n<li data-start=\"3460\" data-end=\"3508\">\n<p data-start=\"3462\" data-end=\"3508\">\ud83e\uddf4 <strong data-start=\"3465\" data-end=\"3488\">Beurre d\u00e9maquillant<\/strong> \u2013 Doux, efficace &amp; hydratant<\/p>\n<\/li>\n<li data-start=\"3509\" data-end=\"3566\">\n<p data-start=\"3511\" data-end=\"3566\">\ud83c\udf30 <strong data-start=\"3514\" data-end=\"3548\">Savon Visage Exfoliant Amandes<\/strong> \u2013 \u00c9clat &amp; douceur<\/p>\n<\/li>\n<\/ul>\n<p data-start=\"3568\" data-end=\"3654\">Une trousse \u00e9l\u00e9gante et durable pour une routine compl\u00e8te, naturelle et sensorielle \u2728.<\/p>\n","protected":false},"featured_media":1942,"comment_status":"open","ping_status":"closed","template":"","meta":{"site-sidebar-layout":"default","site-content-layout":"","ast-site-content-layout":"default","site-content-style":"default","site-sidebar-style":"default","ast-global-header-display":"","ast-banner-title-visibility":"","ast-main-header-display":"","ast-hfb-above-header-display":"","ast-hfb-below-header-display":"","ast-hfb-mobile-header-display":"","site-post-title":"","ast-breadcrumbs-content":"","ast-featured-img":"","footer-sml-layout":"","theme-transparent-header-meta":"default","adv-header-id-meta":"","stick-header-meta":"","header-above-stick-meta":"","header-main-stick-meta":"","header-below-stick-meta":"","astra-migrate-meta-layouts":"set","ast-page-background-enabled":"default","ast-page-background-meta":{"desktop":{"background-color":"var(--ast-global-color-4)","background-image":"","background-repeat":"repeat","background-position":"center center","background-size":"auto","background-attachment":"scroll","background-type":"","background-media":"","overlay-type":"","overlay-color":"","overlay-opacity":"","overlay-gradient":""},"tablet":{"background-color":"","background-image":"","background-repeat":"repeat","background-position":"center center","background-size":"auto","background-attachment":"scroll","background-type":"","background-media":"","overlay-type":"","overlay-color":"","overlay-opacity":"","overlay-gradient":""},"mobile":{"background-color":"","background-image":"","background-repeat":"repeat","background-position":"center center","background-size":"auto","background-attachment":"scroll","background-type":"","background-media":"","overlay-type":"","overlay-color":"","overlay-opacity":"","overlay-gradient":""}},"ast-content-background-meta":{"desktop":{"background-color":"var(--ast-global-color-5)","background-image":"","background-repeat":"repeat","background-position":"center center","background-size":"auto","background-attachment":"scroll","background-type":"","background-media":"","overlay-type":"","overlay-color":"","overlay-opacity":"","overlay-gradient":""},"tablet":{"background-color":"var(--ast-global-color-5)","background-image":"","background-repeat":"repeat","background-position":"center center","background-size":"auto","background-attachment":"scroll","background-type":"","background-media":"","overlay-type":"","overlay-color":"","overlay-opacity":"","overlay-gradient":""},"mobile":{"background-color":"var(--ast-global-color-5)","background-image":"","background-repeat":"repeat","background-position":"center center","background-size":"auto","background-attachment":"scroll","background-type":"","background-media":"","overlay-type":"","overlay-color":"","overlay-opacity":"","overlay-gradient":""}},"_themeisle_gutenberg_block_has_review":false},"product_brand":[],"product_cat":[124],"product_tag":[],"class_list":{"0":"post-1941","1":"product","2":"type-product","3":"status-publish","4":"has-post-thumbnail","6":"product_cat-cadeaux-2","7":"desktop-align-left","8":"tablet-align-left","9":"mobile-align-left","11":"first","12":"outofstock","13":"shipping-taxable","14":"purchasable","15":"product-type-simple"},"supplier_id":null,"supplier_sku":"","barcode":null,"atum_controlled":true,"out_stock_date":"2026-01-21 08:22:13","out_stock_threshold":null,"inheritable":false,"inbound_stock":0,"stock_on_hold":0,"sold_today":0,"sales_last_days":0,"reserved_stock":0,"customer_returns":0,"warehouse_damage":0,"lost_in_post":0,"other_logs":0,"out_stock_days":74,"lost_sales":0,"has_location":false,"update_date":"2026-04-05T10:16:08","atum_locations":[],"atum_stock_status":"outofstock","restock_status":false,"low_stock_amount":"","sales_update_date":"2026-04-05T10:16:08","calc_backorders":null,"_links":{"self":[{"href":"https:\/\/siteguillaumetesting2.online\/index.php\/wp-json\/wp\/v2\/product\/1941","targetHints":{"allow":["GET"]}}],"collection":[{"href":"https:\/\/siteguillaumetesting2.online\/index.php\/wp-json\/wp\/v2\/product"}],"about":[{"href":"https:\/\/siteguillaumetesting2.online\/index.php\/wp-json\/wp\/v2\/types\/product"}],"replies":[{"embeddable":true,"href":"https:\/\/siteguillaumetesting2.online\/index.php\/wp-json\/wp\/v2\/comments?post=1941"}],"wp:featuredmedia":[{"embeddable":true,"href":"https:\/\/siteguillaumetesting2.online\/index.php\/wp-json\/wp\/v2\/media\/1942"}],"wp:attachment":[{"href":"https:\/\/siteguillaumetesting2.online\/index.php\/wp-json\/wp\/v2\/media?parent=1941"}],"wp:term":[{"taxonomy":"product_brand","embeddable":true,"href":"https:\/\/siteguillaumetesting2.online\/index.php\/wp-json\/wp\/v2\/product_brand?post=1941"},{"taxonomy":"product_cat","embeddable":true,"href":"https:\/\/siteguillaumetesting2.online\/index.php\/wp-json\/wp\/v2\/product_cat?post=1941"},{"taxonomy":"product_tag","embeddable":true,"href":"https:\/\/siteguillaumetesting2.online\/index.php\/wp-json\/wp\/v2\/product_tag?post=1941"}],"curies":[{"name":"wp","href":"https:\/\/api.w.org\/{rel}","templated":true}]}}