{"id":1943,"date":"2025-12-01T17:50:59","date_gmt":"2025-12-01T16:50:59","guid":{"rendered":"https:\/\/siteguillaumetesting2.online\/?post_type=product&#038;p=1943"},"modified":"2025-12-10T19:33:21","modified_gmt":"2025-12-10T18:33:21","slug":"trousse-noel-80e","status":"publish","type":"product","link":"https:\/\/siteguillaumetesting2.online\/index.php\/produit\/trousse-noel-80e\/","title":{"rendered":"Trousse No\u00ebl 80\u20ac"},"content":{"rendered":"<h3 data-start=\"240\" data-end=\"352\"><strong data-start=\"246\" data-end=\"352\">La Routine Naturelle Ultime, Compos\u00e9e de 10 Essentiels Artisanaux<\/strong><\/h3>\n<p data-start=\"354\" data-end=\"679\">D\u00e9couvrez la <strong data-start=\"367\" data-end=\"405\">Trousse de Toilette Potion Sauvage<\/strong>, un cadeau g\u00e9n\u00e9reux, \u00e9l\u00e9gant et ultra-complet, imagin\u00e9 pour offrir le meilleur du soin naturel. Cette trousse durable renferme <strong data-start=\"533\" data-end=\"559\">10 produits artisanaux<\/strong> pour le visage et le corps, accompagn\u00e9s d\u2019accessoires pratiques pour un rituel beaut\u00e9 entier, sensoriel et responsable.<\/p>\n<p data-start=\"681\" data-end=\"831\">Un cadeau d\u00e9j\u00e0 pr\u00eat \u00e0 offrir \ud83c\udf81, id\u00e9al pour les amoureux du naturel, les voyageurs, ou toute personne souhaitant prendre soin de sa peau avec douceur.<\/p>\n<h4 data-start=\"838\" data-end=\"900\">\ud83c\udf3f <strong data-start=\"844\" data-end=\"900\">Une trousse durable, \u00e9l\u00e9gante et pens\u00e9e pour voyager<\/strong><\/h4>\n<p data-start=\"902\" data-end=\"950\">Cette trousse de toilette Potion Sauvage est solide et \u00e9l\u00e9gante \ud83e\uddf5, suffisante pour accueillir une routine compl\u00e8te, parfaite pour le quotidien comme pour les week-ends, r\u00e9utilisable \u00e0 l\u2019infini, elle remplace les coffrets jetables \u267b\ufe0f.\u00a0Un contenant utile, esth\u00e9tique et respectueux de l\u2019environnement.<\/p>\n<h5 data-start=\"1226\" data-end=\"1277\">\u2728 <strong data-start=\"1230\" data-end=\"1277\">\u00c0 l\u2019int\u00e9rieur, 10 indispensables naturels :<\/strong><\/h5>\n<p>&nbsp;<\/p>\n<h6 data-start=\"1302\" data-end=\"1348\">\ud83e\uddfc <strong data-start=\"1309\" data-end=\"1348\">Filet \u00e0 savon \u2013 L\u2019alli\u00e9 z\u00e9ro d\u00e9chet<\/strong><\/h6>\n<p data-start=\"1349\" data-end=\"1508\">Permet de faire mousser facilement le savon et d&rsquo;utiliser les chutes jusqu\u2019au bout. Anti-gaspillage, effet exfoliant l\u00e9ger, parfait sous la douche<\/p>\n<h6 data-start=\"1515\" data-end=\"1572\">\ud83e\uddf3 <strong data-start=\"1522\" data-end=\"1572\">Pochette \u00e0 savon \u2013 Transport propre &amp; pratique<\/strong><\/h6>\n<p data-start=\"1573\" data-end=\"1691\">Id\u00e9ale pour emporter un savon solide sans mouiller le reste de vos affaires. Un indispensable pour les d\u00e9placements \u2728.<\/p>\n<h6 data-start=\"1715\" data-end=\"1762\">\ud83c\udf38 <strong data-start=\"1722\" data-end=\"1762\">Baume \u00e0 l\u00e8vres \u2013 Hydratation intense<\/strong><\/h6>\n<p data-start=\"1763\" data-end=\"1839\">Un baume nourrissant pour prot\u00e9ger et adoucir les l\u00e8vres en toute saison \ud83d\udc97.<\/p>\n<h6 data-start=\"1846\" data-end=\"1891\">\u2728 <strong data-start=\"1852\" data-end=\"1891\">Beurre Jouvence \u2013 Nutrition &amp; \u00e9clat<\/strong><\/h6>\n<p data-start=\"1892\" data-end=\"2046\">Un soin riche et fondant qui nourrit intens\u00e9ment la peau, l\u2019apaise et lui redonne douceur et souplesse. Parfait pour le visage ou les zones s\u00e8ches \ud83c\udf3f\ud83d\udca7.<\/p>\n<h6 data-start=\"2078\" data-end=\"2127\">\ud83e\udd0d <strong data-start=\"2085\" data-end=\"2127\">Savon Visage Nature \u2013 Puret\u00e9 &amp; douceur<\/strong><\/h6>\n<p data-start=\"2128\" data-end=\"2214\">Sans parfum et formul\u00e9 avec simplicit\u00e9, il respecte m\u00eame les peaux les plus sensibles.<\/p>\n<h6 data-start=\"2221\" data-end=\"2283\">\ud83c\udf43 <strong data-start=\"2228\" data-end=\"2283\">Savon Visage Exfoliant Th\u00e9 Noir \u2013 Nettoyage &amp; \u00e9clat<\/strong><\/h6>\n<p data-start=\"2284\" data-end=\"2387\">Enrichi en th\u00e9 noir exfoliant, il nettoie en profondeur et r\u00e9v\u00e8le un teint plus lumineux et uniforme \u2728.<\/p>\n<h6 data-start=\"2418\" data-end=\"2463\">\ud83c\udf15 <strong data-start=\"2425\" data-end=\"2463\">Savon Curcuma \u2013 \u00c9clat &amp; apaisement<\/strong><\/h6>\n<p data-start=\"2464\" data-end=\"2530\">Le curcuma illumine le teint et apaise la peau tout en douceur \ud83c\udf3c.<\/p>\n<h6 data-start=\"2537\" data-end=\"2586\">\ud83c\udf6b <strong data-start=\"2544\" data-end=\"2586\">Savon Cho\u2019Coco \u2013 Gourmandise &amp; douceur<\/strong><\/h6>\n<p data-start=\"2587\" data-end=\"2710\">Un savon artisanal chaleureux, m\u00ealant douceur du coco et notes naturelles \u00e9voquant le cacao. Un vrai moment cocooning \ud83e\udd0e.<\/p>\n<h6 data-start=\"2717\" data-end=\"2763\">\ud83c\udf3f <strong data-start=\"2724\" data-end=\"2763\">Savon Halab \u2013 Tradition &amp; \u00e9quilibre<\/strong><\/h6>\n<p data-start=\"2764\" data-end=\"2863\">Inspir\u00e9 du savon d\u2019Alep : huile d\u2019olive + huile de baies de laurier pour purifier et apaiser durablement \ud83d\udc9a.<\/p>\n<h6 data-start=\"2870\" data-end=\"2925\">\ud83e\udd0d <strong data-start=\"2877\" data-end=\"2925\">Savon Castille \u2013 Minimalisme &amp; peau sensible<\/strong><\/h6>\n<p data-start=\"2926\" data-end=\"3016\">Un savon tr\u00e8s doux compos\u00e9 uniquement d\u2019huile d\u2019olive. Id\u00e9al pour les peaux fragiles.<\/p>\n<p data-start=\"3290\" data-end=\"3408\">Pratique, naturelle, \u00e9l\u00e9gante et incroyablement compl\u00e8te : une trousse qui ravira tous les amoureux du bien-\u00eatre \ud83c\udf3f\ud83d\udc9b.<\/p>\n","protected":false},"excerpt":{"rendered":"<h6 data-start=\"3467\" data-end=\"3538\"><strong data-start=\"3473\" data-end=\"3538\">Routine Naturelle XXL \ud83c\udf3f<\/strong><\/h6>\n<p data-start=\"3540\" data-end=\"3622\">Un cadeau exceptionnel, complet et d\u00e9j\u00e0 pr\u00eat \u00e0 offrir \ud83c\udf81 !<br data-start=\"3598\" data-end=\"3601\" \/>La trousse contient :<\/p>\n<p data-start=\"3624\" data-end=\"3643\"><strong data-start=\"3624\" data-end=\"3641\">ACCESSOIRES :<\/strong><\/p>\n<ul data-start=\"3644\" data-end=\"3730\">\n<li data-start=\"3644\" data-end=\"3682\">\n<p data-start=\"3646\" data-end=\"3682\">\ud83e\uddfc Filet \u00e0 savon \u2013 Pratique pour s\u00e9cher votre savon<\/p>\n<\/li>\n<li data-start=\"3683\" data-end=\"3730\">\n<p data-start=\"3685\" data-end=\"3730\">\ud83e\uddf3 Pochette \u00e0 savon \u2013 Parfaite pour voyager<\/p>\n<\/li>\n<\/ul>\n<p data-start=\"3732\" data-end=\"3745\"><strong data-start=\"3732\" data-end=\"3743\">SOINS :<\/strong><\/p>\n<ul data-start=\"3746\" data-end=\"3828\">\n<li data-start=\"3746\" data-end=\"3781\">\n<p data-start=\"3748\" data-end=\"3781\">\ud83d\udc84 Baume \u00e0 l\u00e8vres \u2013 Nourrissant<\/p>\n<\/li>\n<li data-start=\"3782\" data-end=\"3828\">\n<p data-start=\"3784\" data-end=\"3828\">\u2728 Beurre Jouvence \u2013 Peau douce &amp; \u00e9clatante<\/p>\n<\/li>\n<\/ul>\n<p data-start=\"3830\" data-end=\"3844\"><strong data-start=\"3830\" data-end=\"3842\">SAVONS :<\/strong><\/p>\n<ul data-start=\"3845\" data-end=\"4066\">\n<li data-start=\"3845\" data-end=\"3881\">\n<p data-start=\"3847\" data-end=\"3881\">\ud83e\udd0d Savon Visage Nature \u2013 Douceur<\/p>\n<\/li>\n<li data-start=\"3882\" data-end=\"3928\">\n<p data-start=\"3884\" data-end=\"3928\">\ud83c\udf43 Savon Visage Exfoliant Th\u00e9 Noir \u2013 \u00c9clat<\/p>\n<\/li>\n<li data-start=\"3929\" data-end=\"3960\">\n<p data-start=\"3931\" data-end=\"3960\">\ud83c\udf15 Savon Curcuma \u2013 Apaisant<\/p>\n<\/li>\n<li data-start=\"3961\" data-end=\"4000\">\n<p data-start=\"3963\" data-end=\"4000\">\ud83c\udf6b Savon Cho\u2019Coco \u2013 Gourmand &amp; doux<\/p>\n<\/li>\n<li data-start=\"4001\" data-end=\"4031\">\n<p data-start=\"4003\" data-end=\"4031\">\ud83c\udf3f Savon Halab \u2013 Tradition<\/p>\n<\/li>\n<li data-start=\"4032\" data-end=\"4066\">\n<p data-start=\"4034\" data-end=\"4066\">\ud83e\udd0d Savon Castille \u2013 Ultra doux<\/p>\n<\/li>\n<\/ul>\n<p data-start=\"4068\" data-end=\"4155\">Une trousse \u00e9l\u00e9gante, durable et remplie de soins naturels pour une routine compl\u00e8te \u2728.<\/p>\n","protected":false},"featured_media":1944,"comment_status":"open","ping_status":"closed","template":"","meta":{"site-sidebar-layout":"default","site-content-layout":"","ast-site-content-layout":"default","site-content-style":"default","site-sidebar-style":"default","ast-global-header-display":"","ast-banner-title-visibility":"","ast-main-header-display":"","ast-hfb-above-header-display":"","ast-hfb-below-header-display":"","ast-hfb-mobile-header-display":"","site-post-title":"","ast-breadcrumbs-content":"","ast-featured-img":"","footer-sml-layout":"","theme-transparent-header-meta":"default","adv-header-id-meta":"","stick-header-meta":"","header-above-stick-meta":"","header-main-stick-meta":"","header-below-stick-meta":"","astra-migrate-meta-layouts":"set","ast-page-background-enabled":"default","ast-page-background-meta":{"desktop":{"background-color":"var(--ast-global-color-4)","background-image":"","background-repeat":"repeat","background-position":"center center","background-size":"auto","background-attachment":"scroll","background-type":"","background-media":"","overlay-type":"","overlay-color":"","overlay-opacity":"","overlay-gradient":""},"tablet":{"background-color":"","background-image":"","background-repeat":"repeat","background-position":"center center","background-size":"auto","background-attachment":"scroll","background-type":"","background-media":"","overlay-type":"","overlay-color":"","overlay-opacity":"","overlay-gradient":""},"mobile":{"background-color":"","background-image":"","background-repeat":"repeat","background-position":"center center","background-size":"auto","background-attachment":"scroll","background-type":"","background-media":"","overlay-type":"","overlay-color":"","overlay-opacity":"","overlay-gradient":""}},"ast-content-background-meta":{"desktop":{"background-color":"var(--ast-global-color-5)","background-image":"","background-repeat":"repeat","background-position":"center center","background-size":"auto","background-attachment":"scroll","background-type":"","background-media":"","overlay-type":"","overlay-color":"","overlay-opacity":"","overlay-gradient":""},"tablet":{"background-color":"var(--ast-global-color-5)","background-image":"","background-repeat":"repeat","background-position":"center center","background-size":"auto","background-attachment":"scroll","background-type":"","background-media":"","overlay-type":"","overlay-color":"","overlay-opacity":"","overlay-gradient":""},"mobile":{"background-color":"var(--ast-global-color-5)","background-image":"","background-repeat":"repeat","background-position":"center center","background-size":"auto","background-attachment":"scroll","background-type":"","background-media":"","overlay-type":"","overlay-color":"","overlay-opacity":"","overlay-gradient":""}},"_themeisle_gutenberg_block_has_review":false},"product_brand":[],"product_cat":[124],"product_tag":[],"class_list":{"0":"post-1943","1":"product","2":"type-product","3":"status-publish","4":"has-post-thumbnail","6":"product_cat-cadeaux-2","7":"desktop-align-left","8":"tablet-align-left","9":"mobile-align-left","11":"first","12":"outofstock","13":"shipping-taxable","14":"purchasable","15":"product-type-simple"},"supplier_id":null,"supplier_sku":"","barcode":null,"atum_controlled":true,"out_stock_date":"2025-12-10 19:33:21","out_stock_threshold":null,"inheritable":false,"inbound_stock":0,"stock_on_hold":0,"sold_today":0,"sales_last_days":0,"reserved_stock":0,"customer_returns":0,"warehouse_damage":0,"lost_in_post":0,"other_logs":0,"out_stock_days":115,"lost_sales":0,"has_location":false,"update_date":"2026-04-05T10:16:08","atum_locations":[],"atum_stock_status":"outofstock","restock_status":false,"low_stock_amount":"","sales_update_date":"2026-04-05T10:16:08","calc_backorders":null,"_links":{"self":[{"href":"https:\/\/siteguillaumetesting2.online\/index.php\/wp-json\/wp\/v2\/product\/1943","targetHints":{"allow":["GET"]}}],"collection":[{"href":"https:\/\/siteguillaumetesting2.online\/index.php\/wp-json\/wp\/v2\/product"}],"about":[{"href":"https:\/\/siteguillaumetesting2.online\/index.php\/wp-json\/wp\/v2\/types\/product"}],"replies":[{"embeddable":true,"href":"https:\/\/siteguillaumetesting2.online\/index.php\/wp-json\/wp\/v2\/comments?post=1943"}],"wp:featuredmedia":[{"embeddable":true,"href":"https:\/\/siteguillaumetesting2.online\/index.php\/wp-json\/wp\/v2\/media\/1944"}],"wp:attachment":[{"href":"https:\/\/siteguillaumetesting2.online\/index.php\/wp-json\/wp\/v2\/media?parent=1943"}],"wp:term":[{"taxonomy":"product_brand","embeddable":true,"href":"https:\/\/siteguillaumetesting2.online\/index.php\/wp-json\/wp\/v2\/product_brand?post=1943"},{"taxonomy":"product_cat","embeddable":true,"href":"https:\/\/siteguillaumetesting2.online\/index.php\/wp-json\/wp\/v2\/product_cat?post=1943"},{"taxonomy":"product_tag","embeddable":true,"href":"https:\/\/siteguillaumetesting2.online\/index.php\/wp-json\/wp\/v2\/product_tag?post=1943"}],"curies":[{"name":"wp","href":"https:\/\/api.w.org\/{rel}","templated":true}]}}