{"id":585,"date":"2024-02-28T12:52:23","date_gmt":"2024-02-28T11:52:23","guid":{"rendered":"https:\/\/siteguillaumetesting2.online\/?post_type=product&#038;p=585"},"modified":"2026-03-19T18:46:55","modified_gmt":"2026-03-19T17:46:55","slug":"miel","status":"publish","type":"product","link":"https:\/\/siteguillaumetesting2.online\/index.php\/produit\/miel\/","title":{"rendered":"Miel"},"content":{"rendered":"<p class=\"cvGsUA direction-ltr align-justify para-style-body\"><strong><span class=\"OYPEnA text-decoration-none text-strikethrough-none\">Savon corps, surgras \u00e0 10%, adapt\u00e9 \u00e0 tout type de peaux. <\/span><\/strong>Id\u00e9al pour une utilisation quotidienne, m\u00eame pour les peaux fragiles.<\/p>\n<p>100 g<\/p>\n<p><strong>\ud83d\udc1d\ud83d\udc1d Douceur &amp; soin gr\u00e2ce aux abeilles<\/strong> \ud83d\udc1d\ud83d\udc1d<\/p>\n<p>Un savon surgras \u00e0 10 %, au miel local (5 %), reconnu pour ses vertus cicatrisantes, apaisantes, antiseptiques et nourrissantes. Le beurre de karit\u00e9 hydrate en profondeur et prend soin des peaux sensibles ou ab\u00eem\u00e9es. Sans parfum artificiel, sans huile essentielle, sans colorant \u2014 une composition naturelle et respectueuse de votre peau.<\/p>\n<p>&nbsp;<\/p>\n<p>\ud83c\udf3c <strong>Bienfaits<\/strong> :<\/p>\n<ul>\n<li>R\u00e9pare et apaise les petites irritations<\/li>\n<li>Nourrit la peau en profondeur<\/li>\n<li>Convient aux peaux sensibles, s\u00e8ches ou ab\u00eem\u00e9es<\/li>\n<li>Laisse une sensation de douceur naturelle<\/li>\n<\/ul>\n<p>&nbsp;<\/p>\n<p>\ud83c\udf3f <strong>Ingr\u00e9dients cl\u00e9s<\/strong> :<\/p>\n<ul>\n<li>Miel local (5 %) : cicatrisant, apaisant, antiseptique<\/li>\n<li>Beurre de karit\u00e9 : hydratant, nourrissant et protecteur<\/li>\n<li>Beurre de coco : moussant, purifiant, adoucissant<\/li>\n<li>Huile de p\u00e9pins de raisins : l\u00e9g\u00e8re, antioxydante, r\u00e9gulatrice<\/li>\n<li>Huile de ricin : fortifiante, r\u00e9paratrice, stimulante<\/li>\n<\/ul>\n<p>&nbsp;<\/p>\n<p><em>A noter : les produits de la ruche ne sont pas recommand\u00e9s aux enfants de moins de 1 an.<\/em><\/p>\n<p class=\"cvGsUA direction-ltr align-justify para-style-body\"><span class=\"OYPEnA text-decoration-none text-strikethrough-none\">Ingr\u00e9dients : beurre de karit\u00e9, beurre de coco, huile de p\u00e9pins de raisin, miel, huile de ricin.<\/span><\/p>\n<p><em>Ingredients: b<span class=\"OYPEnA text-decoration-none text-strikethrough-none\">utyrospermum parkii butter, aqua, cocos nucifera oil, sodium hydroxide, vitis vinifera seed oil, mel, ricinus communis seed oil.<\/span><\/em><\/p>\n","protected":false},"excerpt":{"rendered":"<p><strong><span class=\"OYPEnA text-decoration-none text-strikethrough-none\">Savon corps, adapt\u00e9 \u00e0 tout type de peaux.<\/span><\/strong><\/p>\n<p>Surgras \u00e0 10 %, enrichi en miel local (5 %) reconnu pour ses vertus cicatrisantes, apaisantes et nourrissantes.<br \/>\n\ud83d\udc9b Le beurre de karit\u00e9 hydrate en profondeur et prot\u00e8ge les peaux sensibles.<br \/>\n\ud83d\uded1 Sans parfum, sans huile essentielle, sans colorant.<\/p>\n","protected":false},"featured_media":407,"comment_status":"open","ping_status":"closed","template":"","meta":{"site-sidebar-layout":"default","site-content-layout":"","ast-site-content-layout":"default","site-content-style":"default","site-sidebar-style":"default","ast-global-header-display":"","ast-banner-title-visibility":"","ast-main-header-display":"","ast-hfb-above-header-display":"","ast-hfb-below-header-display":"","ast-hfb-mobile-header-display":"","site-post-title":"","ast-breadcrumbs-content":"","ast-featured-img":"","footer-sml-layout":"","theme-transparent-header-meta":"default","adv-header-id-meta":"","stick-header-meta":"","header-above-stick-meta":"","header-main-stick-meta":"","header-below-stick-meta":"","astra-migrate-meta-layouts":"set","ast-page-background-enabled":"default","ast-page-background-meta":{"desktop":{"background-color":"var(--ast-global-color-4)","background-image":"","background-repeat":"repeat","background-position":"center center","background-size":"auto","background-attachment":"scroll","background-type":"","background-media":"","overlay-type":"","overlay-color":"","overlay-opacity":"","overlay-gradient":""},"tablet":{"background-color":"","background-image":"","background-repeat":"repeat","background-position":"center center","background-size":"auto","background-attachment":"scroll","background-type":"","background-media":"","overlay-type":"","overlay-color":"","overlay-opacity":"","overlay-gradient":""},"mobile":{"background-color":"","background-image":"","background-repeat":"repeat","background-position":"center center","background-size":"auto","background-attachment":"scroll","background-type":"","background-media":"","overlay-type":"","overlay-color":"","overlay-opacity":"","overlay-gradient":""}},"ast-content-background-meta":{"desktop":{"background-color":"var(--ast-global-color-5)","background-image":"","background-repeat":"repeat","background-position":"center center","background-size":"auto","background-attachment":"scroll","background-type":"","background-media":"","overlay-type":"","overlay-color":"","overlay-opacity":"","overlay-gradient":""},"tablet":{"background-color":"var(--ast-global-color-5)","background-image":"","background-repeat":"repeat","background-position":"center center","background-size":"auto","background-attachment":"scroll","background-type":"","background-media":"","overlay-type":"","overlay-color":"","overlay-opacity":"","overlay-gradient":""},"mobile":{"background-color":"var(--ast-global-color-5)","background-image":"","background-repeat":"repeat","background-position":"center center","background-size":"auto","background-attachment":"scroll","background-type":"","background-media":"","overlay-type":"","overlay-color":"","overlay-opacity":"","overlay-gradient":""}},"_themeisle_gutenberg_block_has_review":false},"product_brand":[],"product_cat":[23],"product_tag":[26,24,25],"class_list":{"0":"post-585","1":"product","2":"type-product","3":"status-publish","4":"has-post-thumbnail","6":"product_cat-savon-sauvage","7":"product_tag-miel","8":"product_tag-sauvage","9":"product_tag-savon-corps","10":"desktop-align-left","11":"tablet-align-left","12":"mobile-align-left","14":"first","15":"outofstock","16":"shipping-taxable","17":"purchasable","18":"product-type-simple"},"supplier_id":null,"supplier_sku":"","barcode":null,"atum_controlled":true,"out_stock_date":"2026-03-19 18:46:55","out_stock_threshold":null,"inheritable":false,"inbound_stock":0,"stock_on_hold":0,"sold_today":0,"sales_last_days":0,"reserved_stock":0,"customer_returns":0,"warehouse_damage":0,"lost_in_post":0,"other_logs":0,"out_stock_days":19,"lost_sales":0,"has_location":false,"update_date":"2026-04-08T11:23:04","atum_locations":[],"atum_stock_status":"outofstock","restock_status":false,"low_stock_amount":"","sales_update_date":"2026-04-08T11:23:04","calc_backorders":null,"_links":{"self":[{"href":"https:\/\/siteguillaumetesting2.online\/index.php\/wp-json\/wp\/v2\/product\/585","targetHints":{"allow":["GET"]}}],"collection":[{"href":"https:\/\/siteguillaumetesting2.online\/index.php\/wp-json\/wp\/v2\/product"}],"about":[{"href":"https:\/\/siteguillaumetesting2.online\/index.php\/wp-json\/wp\/v2\/types\/product"}],"replies":[{"embeddable":true,"href":"https:\/\/siteguillaumetesting2.online\/index.php\/wp-json\/wp\/v2\/comments?post=585"}],"wp:featuredmedia":[{"embeddable":true,"href":"https:\/\/siteguillaumetesting2.online\/index.php\/wp-json\/wp\/v2\/media\/407"}],"wp:attachment":[{"href":"https:\/\/siteguillaumetesting2.online\/index.php\/wp-json\/wp\/v2\/media?parent=585"}],"wp:term":[{"taxonomy":"product_brand","embeddable":true,"href":"https:\/\/siteguillaumetesting2.online\/index.php\/wp-json\/wp\/v2\/product_brand?post=585"},{"taxonomy":"product_cat","embeddable":true,"href":"https:\/\/siteguillaumetesting2.online\/index.php\/wp-json\/wp\/v2\/product_cat?post=585"},{"taxonomy":"product_tag","embeddable":true,"href":"https:\/\/siteguillaumetesting2.online\/index.php\/wp-json\/wp\/v2\/product_tag?post=585"}],"curies":[{"name":"wp","href":"https:\/\/api.w.org\/{rel}","templated":true}]}}