{"id":590,"date":"2024-02-28T12:51:34","date_gmt":"2024-02-28T11:51:34","guid":{"rendered":"https:\/\/siteguillaumetesting2.online\/?post_type=product&#038;p=590"},"modified":"2026-03-29T01:02:29","modified_gmt":"2026-03-29T00:02:29","slug":"castille","status":"publish","type":"product","link":"https:\/\/siteguillaumetesting2.online\/index.php\/produit\/castille\/","title":{"rendered":"Castille"},"content":{"rendered":"<p class=\"cvGsUA direction-ltr align-justify para-style-body\"><strong><span class=\"OYPEnA text-decoration-none text-strikethrough-none\">Savon corps, saponifi\u00e9 \u00e0 froid, surgras \u00e0 10% et adapt\u00e9 \u00e0 tout type de peaux.<\/span><\/strong><\/p>\n<p>90 g<\/p>\n<p data-start=\"1305\" data-end=\"1331\"><strong data-start=\"1305\" data-end=\"1331\">\ud83c\udf3f Douceur minimaliste \ud83c\udf3f<\/strong><\/p>\n<p data-start=\"1333\" data-end=\"1645\">Un savon surgras tr\u00e8s doux, formul\u00e9 uniquement \u00e0 partir de l\u2019<strong data-start=\"1395\" data-end=\"1412\">huile d\u2019olive<\/strong>. Inspir\u00e9 de la recette traditionnelle ancestrale espagnole, ce savon convient parfaitement aux peaux les plus fragiles, y compris celles des b\u00e9b\u00e9s. Sa mousse tr\u00e8s fine et cr\u00e9meuse lave en douceur tout en respectant l\u2019\u00e9quilibre naturel de la peau.<\/p>\n<p data-start=\"1647\" data-end=\"1665\">\ud83c\udf3c <strong>Bienfaits<\/strong><\/p>\n<ul>\n<li data-start=\"1668\" data-end=\"1724\">Adapt\u00e9 aux peaux tr\u00e8s sensibles, r\u00e9actives ou fragiles<\/li>\n<li data-start=\"1727\" data-end=\"1758\">Hydrate et adoucit en douceur<\/li>\n<li data-start=\"1761\" data-end=\"1790\">Respecte l\u2019\u00e9quilibre cutan\u00e9<\/li>\n<li data-start=\"1793\" data-end=\"1835\">Convient \u00e0 toute la famille<\/li>\n<\/ul>\n<p data-start=\"2049\" data-end=\"2074\">\ud83c\udf3f <strong>Ingr\u00e9dient cl\u00e9 :<\/strong><\/p>\n<ul data-start=\"2075\" data-end=\"2212\">\n<li data-start=\"2075\" data-end=\"2138\">\n<p data-start=\"2077\" data-end=\"2138\"><strong data-start=\"109\" data-end=\"126\">Huile d\u2019olive<\/strong> : nourrissante, protectrice, \u00e9molliente, apaisante<\/p>\n<\/li>\n<\/ul>\n<p data-start=\"2077\" data-end=\"2138\">\n<p data-start=\"2077\" data-end=\"2138\">C\u2019est un savon <strong data-start=\"196\" data-end=\"229\">tr\u00e8s doux<\/strong>, id\u00e9al pour les peaux sensibles et fragiles.<\/p>\n<p class=\"cvGsUA direction-ltr align-justify para-style-body\"><span class=\"OYPEnA text-decoration-none text-strikethrough-none\">Ingr\u00e9dients : huile d&rsquo;olive bio.<br \/>\n<\/span><\/p>\n<p><em>Ingredients: o<span class=\"OYPEnA text-decoration-none text-strikethrough-none\">lea europaea fruit oil, aqua, sodium hydroxide<\/span><\/em><\/p>\n","protected":false},"excerpt":{"rendered":"<p><strong><span class=\"OYPEnA text-decoration-none text-strikethrough-none\">Savon corps, \u00e0 l&rsquo;huile d&rsquo;olive, surgras \u00e0 10% et adapt\u00e9 \u00e0 tout type de peaux.<\/span><\/strong><\/p>\n<p>Compos\u00e9 uniquement d\u2019huile d\u2019olive bio, il nettoie en douceur sans jamais agresser.<br \/>\n\ud83c\udf3c Id\u00e9al pour les peaux sensibles, fragiles et r\u00e9actives, adapt\u00e9 \u00e0 toute la famille.<br \/>\n\ud83d\udca7 L\u2019huile d\u2019olive hydrate, prot\u00e8ge et apporte souplesse.<br \/>\n\ud83d\uded1 Sans parfum, sans colorant, 100 % naturel.<\/p>\n","protected":false},"featured_media":408,"comment_status":"open","ping_status":"closed","template":"","meta":{"site-sidebar-layout":"default","site-content-layout":"","ast-site-content-layout":"default","site-content-style":"default","site-sidebar-style":"default","ast-global-header-display":"","ast-banner-title-visibility":"","ast-main-header-display":"","ast-hfb-above-header-display":"","ast-hfb-below-header-display":"","ast-hfb-mobile-header-display":"","site-post-title":"","ast-breadcrumbs-content":"","ast-featured-img":"","footer-sml-layout":"","theme-transparent-header-meta":"default","adv-header-id-meta":"","stick-header-meta":"","header-above-stick-meta":"","header-main-stick-meta":"","header-below-stick-meta":"","astra-migrate-meta-layouts":"set","ast-page-background-enabled":"default","ast-page-background-meta":{"desktop":{"background-color":"var(--ast-global-color-4)","background-image":"","background-repeat":"repeat","background-position":"center center","background-size":"auto","background-attachment":"scroll","background-type":"","background-media":"","overlay-type":"","overlay-color":"","overlay-opacity":"","overlay-gradient":""},"tablet":{"background-color":"","background-image":"","background-repeat":"repeat","background-position":"center center","background-size":"auto","background-attachment":"scroll","background-type":"","background-media":"","overlay-type":"","overlay-color":"","overlay-opacity":"","overlay-gradient":""},"mobile":{"background-color":"","background-image":"","background-repeat":"repeat","background-position":"center center","background-size":"auto","background-attachment":"scroll","background-type":"","background-media":"","overlay-type":"","overlay-color":"","overlay-opacity":"","overlay-gradient":""}},"ast-content-background-meta":{"desktop":{"background-color":"var(--ast-global-color-5)","background-image":"","background-repeat":"repeat","background-position":"center center","background-size":"auto","background-attachment":"scroll","background-type":"","background-media":"","overlay-type":"","overlay-color":"","overlay-opacity":"","overlay-gradient":""},"tablet":{"background-color":"var(--ast-global-color-5)","background-image":"","background-repeat":"repeat","background-position":"center center","background-size":"auto","background-attachment":"scroll","background-type":"","background-media":"","overlay-type":"","overlay-color":"","overlay-opacity":"","overlay-gradient":""},"mobile":{"background-color":"var(--ast-global-color-5)","background-image":"","background-repeat":"repeat","background-position":"center center","background-size":"auto","background-attachment":"scroll","background-type":"","background-media":"","overlay-type":"","overlay-color":"","overlay-opacity":"","overlay-gradient":""}},"_themeisle_gutenberg_block_has_review":false},"product_brand":[],"product_cat":[23],"product_tag":[28,27,24],"class_list":{"0":"post-590","1":"product","2":"type-product","3":"status-publish","4":"has-post-thumbnail","6":"product_cat-savon-sauvage","7":"product_tag-castille","8":"product_tag-huile-olive","9":"product_tag-sauvage","10":"desktop-align-left","11":"tablet-align-left","12":"mobile-align-left","14":"first","15":"instock","16":"shipping-taxable","17":"purchasable","18":"product-type-simple"},"supplier_id":null,"supplier_sku":"","barcode":null,"atum_controlled":true,"out_stock_date":null,"out_stock_threshold":null,"inheritable":false,"inbound_stock":0,"stock_on_hold":0,"sold_today":0,"sales_last_days":0,"reserved_stock":0,"customer_returns":0,"warehouse_damage":0,"lost_in_post":0,"other_logs":0,"out_stock_days":0,"lost_sales":0,"has_location":false,"update_date":"2026-04-05T10:16:08","atum_locations":[],"atum_stock_status":"instock","restock_status":false,"low_stock_amount":"","sales_update_date":"2026-04-05T10:16:08","calc_backorders":null,"_links":{"self":[{"href":"https:\/\/siteguillaumetesting2.online\/index.php\/wp-json\/wp\/v2\/product\/590","targetHints":{"allow":["GET"]}}],"collection":[{"href":"https:\/\/siteguillaumetesting2.online\/index.php\/wp-json\/wp\/v2\/product"}],"about":[{"href":"https:\/\/siteguillaumetesting2.online\/index.php\/wp-json\/wp\/v2\/types\/product"}],"replies":[{"embeddable":true,"href":"https:\/\/siteguillaumetesting2.online\/index.php\/wp-json\/wp\/v2\/comments?post=590"}],"wp:featuredmedia":[{"embeddable":true,"href":"https:\/\/siteguillaumetesting2.online\/index.php\/wp-json\/wp\/v2\/media\/408"}],"wp:attachment":[{"href":"https:\/\/siteguillaumetesting2.online\/index.php\/wp-json\/wp\/v2\/media?parent=590"}],"wp:term":[{"taxonomy":"product_brand","embeddable":true,"href":"https:\/\/siteguillaumetesting2.online\/index.php\/wp-json\/wp\/v2\/product_brand?post=590"},{"taxonomy":"product_cat","embeddable":true,"href":"https:\/\/siteguillaumetesting2.online\/index.php\/wp-json\/wp\/v2\/product_cat?post=590"},{"taxonomy":"product_tag","embeddable":true,"href":"https:\/\/siteguillaumetesting2.online\/index.php\/wp-json\/wp\/v2\/product_tag?post=590"}],"curies":[{"name":"wp","href":"https:\/\/api.w.org\/{rel}","templated":true}]}}