{"id":593,"date":"2024-02-28T13:54:39","date_gmt":"2024-02-28T12:54:39","guid":{"rendered":"https:\/\/siteguillaumetesting2.online\/?post_type=product&#038;p=593"},"modified":"2026-03-01T16:06:34","modified_gmt":"2026-03-01T15:06:34","slug":"charbon","status":"publish","type":"product","link":"https:\/\/siteguillaumetesting2.online\/index.php\/produit\/charbon\/","title":{"rendered":"Charbon"},"content":{"rendered":"<p class=\"cvGsUA direction-ltr align-justify para-style-body\"><strong><span class=\"OYPEnA text-decoration-none text-strikethrough-none\">Savon corps, surgras \u00e0 6%, adapt\u00e9 \u00e0 tout type de peaux. <\/span><\/strong><span class=\"OYPEnA text-decoration-none text-strikethrough-none\">Utilisation quotidienne possible, en particulier pour les peaux sujettes aux imperfections.<\/span><\/p>\n<p>90 g<\/p>\n<p data-start=\"499\" data-end=\"529\"><strong data-start=\"499\" data-end=\"529\">\u2728 Purifier, d\u00e9toxifier et \u00e9quilibrer naturellement \u2728<\/strong><\/p>\n<p data-start=\"531\" data-end=\"787\">Un savon surgras \u00e0 6 %, enrichi en charbon v\u00e9g\u00e9tal activ\u00e9, reconnu pour son pouvoir d\u00e9toxifiant et assainissant. Id\u00e9al pour les peaux mixtes \u00e0 grasses ou sujettes aux imperfections, il nettoie en profondeur tout en restant doux gr\u00e2ce au beurre de karit\u00e9. <span class=\"OYPEnA text-decoration-none text-strikethrough-none\">L\u2019huile de noyaux d\u2019abricot est connue pour ses vertus nourrissantes et hydratantes. Elle redonne de l\u2019\u00e9lasticit\u00e9 \u00e0 la peau et permet de tonifier l\u2019\u00e9piderme.<\/span><\/p>\n<p data-start=\"789\" data-end=\"807\">\ud83c\udf3c <strong>Bienfaits :<\/strong><\/p>\n<ul>\n<li data-start=\"810\" data-end=\"853\">\u00c9limine les impuret\u00e9s et l\u2019exc\u00e8s de s\u00e9bum<\/li>\n<li data-start=\"856\" data-end=\"907\">Aide \u00e0 purifier les pores et pr\u00e9venir les boutons<\/li>\n<li data-start=\"910\" data-end=\"950\">Laisse la peau nette, douce et fra\u00eeche<\/li>\n<li data-start=\"953\" data-end=\"985\">Convient au visage et au corps<\/li>\n<\/ul>\n<p>&nbsp;<\/p>\n<p data-start=\"1216\" data-end=\"1241\">\ud83c\udf3f <strong>Ingr\u00e9dients cl\u00e9s :<\/strong><\/p>\n<ul>\n<li data-start=\"122\" data-end=\"195\"><strong data-start=\"122\" data-end=\"151\">Huile de noyaux d\u2019abricot<\/strong> : illuminateur, adoucissant, revitalisant<\/li>\n<li data-start=\"198\" data-end=\"258\"><strong data-start=\"198\" data-end=\"218\">Beurre de karit\u00e9<\/strong> : nourrissant, r\u00e9parateur, protecteur<\/li>\n<li data-start=\"261\" data-end=\"316\"><strong data-start=\"261\" data-end=\"279\">Beurre de coco<\/strong> : moussant, purifiant, adoucissant<\/li>\n<li data-start=\"319\" data-end=\"384\"><strong data-start=\"319\" data-end=\"338\">Beurre de cacao<\/strong> : hydratant, antioxydant, protecteur cutan\u00e9<\/li>\n<li data-start=\"387\" data-end=\"446\"><strong data-start=\"387\" data-end=\"405\">Huile de ricin<\/strong> : fortifiante, r\u00e9paratrice, stimulante<\/li>\n<li data-start=\"449\" data-end=\"515\"><strong data-start=\"449\" data-end=\"474\">Charbon v\u00e9g\u00e9tal actif<\/strong> : d\u00e9toxifiant, purifiant, assainissant<\/li>\n<\/ul>\n<p>&nbsp;<\/p>\n<p class=\"cvGsUA direction-ltr align-justify para-style-body\"><span class=\"OYPEnA text-decoration-none text-strikethrough-none\">Ingr\u00e9dients : huile de noyaux d\u2019abricot, beurre de karit\u00e9, beurre de coco, beurre de cacao, huile de ricin, charbon v\u00e9g\u00e9tal actif.<\/span><\/p>\n<p><em>Ingredients : p<span class=\"OYPEnA text-decoration-none text-strikethrough-none\">runus armeniaca kernel oil, aqua, butyrospermum parkii butter, cocos nucifera oil, sodium hydroxide, theobroma cacao seed butter, ricinus communis seed oil, charcoal powder.<\/span><\/em><\/p>\n<p>&nbsp;<\/p>\n<p>&nbsp;<\/p>\n","protected":false},"excerpt":{"rendered":"<p><span class=\"OYPEnA text-decoration-none text-strikethrough-none\"><strong>Savon corps au charbon actif, surgras \u00e0 6% et adapt\u00e9 \u00e0 tout type de peaux<\/strong> (en particulier mixtes ou grasses).<\/span><\/p>\n<p>\ud83d\udda4 Enrichi en charbon v\u00e9g\u00e9tal actif, il d\u00e9toxifie en douceur et \u00e9limine impuret\u00e9s &amp; exc\u00e8s de s\u00e9bum.<br \/>\n\ud83c\udf3c Id\u00e9al pour les peaux mixtes \u00e0 grasses.<br \/>\n\ud83d\udca7 Apaise sans dess\u00e9cher, laisse un teint net et frais.<br \/>\n\ud83d\uded1 Sans parfum, sans colorant artificiel, sans huile de palme ou graisses animales.<\/p>\n","protected":false},"featured_media":417,"comment_status":"open","ping_status":"closed","template":"","meta":{"site-sidebar-layout":"default","site-content-layout":"","ast-site-content-layout":"default","site-content-style":"default","site-sidebar-style":"default","ast-global-header-display":"","ast-banner-title-visibility":"","ast-main-header-display":"","ast-hfb-above-header-display":"","ast-hfb-below-header-display":"","ast-hfb-mobile-header-display":"","site-post-title":"","ast-breadcrumbs-content":"","ast-featured-img":"","footer-sml-layout":"","theme-transparent-header-meta":"default","adv-header-id-meta":"","stick-header-meta":"","header-above-stick-meta":"","header-main-stick-meta":"","header-below-stick-meta":"","astra-migrate-meta-layouts":"set","ast-page-background-enabled":"default","ast-page-background-meta":{"desktop":{"background-color":"var(--ast-global-color-4)","background-image":"","background-repeat":"repeat","background-position":"center center","background-size":"auto","background-attachment":"scroll","background-type":"","background-media":"","overlay-type":"","overlay-color":"","overlay-opacity":"","overlay-gradient":""},"tablet":{"background-color":"","background-image":"","background-repeat":"repeat","background-position":"center center","background-size":"auto","background-attachment":"scroll","background-type":"","background-media":"","overlay-type":"","overlay-color":"","overlay-opacity":"","overlay-gradient":""},"mobile":{"background-color":"","background-image":"","background-repeat":"repeat","background-position":"center center","background-size":"auto","background-attachment":"scroll","background-type":"","background-media":"","overlay-type":"","overlay-color":"","overlay-opacity":"","overlay-gradient":""}},"ast-content-background-meta":{"desktop":{"background-color":"var(--ast-global-color-5)","background-image":"","background-repeat":"repeat","background-position":"center center","background-size":"auto","background-attachment":"scroll","background-type":"","background-media":"","overlay-type":"","overlay-color":"","overlay-opacity":"","overlay-gradient":""},"tablet":{"background-color":"var(--ast-global-color-5)","background-image":"","background-repeat":"repeat","background-position":"center center","background-size":"auto","background-attachment":"scroll","background-type":"","background-media":"","overlay-type":"","overlay-color":"","overlay-opacity":"","overlay-gradient":""},"mobile":{"background-color":"var(--ast-global-color-5)","background-image":"","background-repeat":"repeat","background-position":"center center","background-size":"auto","background-attachment":"scroll","background-type":"","background-media":"","overlay-type":"","overlay-color":"","overlay-opacity":"","overlay-gradient":""}},"_themeisle_gutenberg_block_has_review":false},"product_brand":[],"product_cat":[23],"product_tag":[30,24,25],"class_list":{"0":"post-593","1":"product","2":"type-product","3":"status-publish","4":"has-post-thumbnail","6":"product_cat-savon-sauvage","7":"product_tag-charbon","8":"product_tag-sauvage","9":"product_tag-savon-corps","10":"desktop-align-left","11":"tablet-align-left","12":"mobile-align-left","14":"first","15":"instock","16":"shipping-taxable","17":"purchasable","18":"product-type-simple"},"supplier_id":null,"supplier_sku":"","barcode":null,"atum_controlled":true,"out_stock_date":null,"out_stock_threshold":null,"inheritable":false,"inbound_stock":0,"stock_on_hold":0,"sold_today":0,"sales_last_days":0,"reserved_stock":0,"customer_returns":0,"warehouse_damage":0,"lost_in_post":0,"other_logs":0,"out_stock_days":0,"lost_sales":0,"has_location":false,"update_date":"2026-04-10T11:55:57","atum_locations":[],"atum_stock_status":"instock","restock_status":false,"low_stock_amount":"","sales_update_date":"2026-04-10T11:55:57","calc_backorders":null,"_links":{"self":[{"href":"https:\/\/siteguillaumetesting2.online\/index.php\/wp-json\/wp\/v2\/product\/593","targetHints":{"allow":["GET"]}}],"collection":[{"href":"https:\/\/siteguillaumetesting2.online\/index.php\/wp-json\/wp\/v2\/product"}],"about":[{"href":"https:\/\/siteguillaumetesting2.online\/index.php\/wp-json\/wp\/v2\/types\/product"}],"replies":[{"embeddable":true,"href":"https:\/\/siteguillaumetesting2.online\/index.php\/wp-json\/wp\/v2\/comments?post=593"}],"wp:featuredmedia":[{"embeddable":true,"href":"https:\/\/siteguillaumetesting2.online\/index.php\/wp-json\/wp\/v2\/media\/417"}],"wp:attachment":[{"href":"https:\/\/siteguillaumetesting2.online\/index.php\/wp-json\/wp\/v2\/media?parent=593"}],"wp:term":[{"taxonomy":"product_brand","embeddable":true,"href":"https:\/\/siteguillaumetesting2.online\/index.php\/wp-json\/wp\/v2\/product_brand?post=593"},{"taxonomy":"product_cat","embeddable":true,"href":"https:\/\/siteguillaumetesting2.online\/index.php\/wp-json\/wp\/v2\/product_cat?post=593"},{"taxonomy":"product_tag","embeddable":true,"href":"https:\/\/siteguillaumetesting2.online\/index.php\/wp-json\/wp\/v2\/product_tag?post=593"}],"curies":[{"name":"wp","href":"https:\/\/api.w.org\/{rel}","templated":true}]}}