{"id":595,"date":"2024-02-28T13:58:33","date_gmt":"2024-02-28T12:58:33","guid":{"rendered":"https:\/\/siteguillaumetesting2.online\/?post_type=product&#038;p=595"},"modified":"2026-03-23T09:26:36","modified_gmt":"2026-03-23T08:26:36","slug":"curcuma","status":"publish","type":"product","link":"https:\/\/siteguillaumetesting2.online\/index.php\/produit\/curcuma\/","title":{"rendered":"Curcuma"},"content":{"rendered":"<p class=\"cvGsUA direction-ltr align-justify para-style-body\"><strong><span class=\"OYPEnA text-decoration-none text-strikethrough-none\">Savon corps saponifi\u00e9 \u00e0 froid, surgras \u00e0 6%, adapt\u00e9 \u00e0 tout type de peaux. <\/span><\/strong><span class=\"OYPEnA text-decoration-none text-strikethrough-none\">Utilisation quotidienne adapt\u00e9e, particuli\u00e8rement pour les peaux sensibles ou sujettes aux rougeurs.<\/span><\/p>\n<p>90 g<\/p>\n<p data-start=\"150\" data-end=\"179\"><strong data-start=\"150\" data-end=\"179\">\ud83c\udf3c\u2728 L\u2019\u00e9clat du soleil pour votre peau \u2728\ud83c\udf3c<\/strong><\/p>\n<p data-start=\"181\" data-end=\"442\">Un savon surgras \u00e0 6 %, enrichi en poudre de curcuma, r\u00e9put\u00e9e pour ses vertus apaisantes et illuminatrices. Sa belle couleur dor\u00e9e r\u00e9veille l\u2019\u00e9clat naturel de la peau et aide \u00e0 apaiser les petites rougeurs. Id\u00e9al pour les peaux ternes, sensibles ou r\u00e9actives.<\/p>\n<p data-start=\"444\" data-end=\"462\">\ud83c\udf3c <strong>Bienfaits :<\/strong><\/p>\n<ul>\n<li data-start=\"465\" data-end=\"521\">Illumine le teint et ravive l\u2019\u00e9clat naturel de la peau<\/li>\n<li data-start=\"524\" data-end=\"570\">Apaise les rougeurs et inflammations l\u00e9g\u00e8res<\/li>\n<li data-start=\"573\" data-end=\"598\">Unifie le grain de peau<\/li>\n<li data-start=\"601\" data-end=\"648\">Laisse une sensation de douceur et de confort<\/li>\n<\/ul>\n<p data-start=\"853\" data-end=\"878\">\ud83c\udf3f <strong>Ingr\u00e9dients cl\u00e9s :<\/strong><\/p>\n<ul>\n<li data-start=\"86\" data-end=\"162\"><strong data-start=\"86\" data-end=\"115\">Huile de noyaux d\u2019abricot<\/strong> : illuminatrice, revitalisante, adoucissante<\/li>\n<li data-start=\"165\" data-end=\"225\"><strong data-start=\"165\" data-end=\"185\">Beurre de karit\u00e9<\/strong> : nourrissant, r\u00e9parateur, protecteur<\/li>\n<li data-start=\"228\" data-end=\"283\"><strong data-start=\"228\" data-end=\"246\">Beurre de coco<\/strong> : moussant, purifiant, adoucissant<\/li>\n<li data-start=\"286\" data-end=\"348\"><strong data-start=\"286\" data-end=\"305\">Beurre de cacao<\/strong> : antioxydant, assouplissant, protecteur<\/li>\n<li data-start=\"351\" data-end=\"412\"><strong data-start=\"351\" data-end=\"369\">Huile de ricin<\/strong> : fortifiante, adoucissante, r\u00e9g\u00e9n\u00e9rante<\/li>\n<li data-start=\"415\" data-end=\"488\"><strong data-start=\"415\" data-end=\"436\">Poudre de curcuma<\/strong> : anti-inflammatoire, apaisante, \u00e9clat du teint<\/li>\n<\/ul>\n<p>&nbsp;<\/p>\n<p class=\"cvGsUA direction-ltr align-justify para-style-body\"><span class=\"OYPEnA text-decoration-none text-strikethrough-none\">Ingr\u00e9dients : huile de noyaux d\u2019abricot, beurre de karit\u00e9, beurre de coco, beurre de cacao, huile de ricin, poudre de curcuma.<\/span><\/p>\n<p class=\"cvGsUA direction-ltr align-justify para-style-body\"><em>Ingr\u00e9dients : p<span class=\"OYPEnA text-decoration-none text-strikethrough-none\">runus armeniaca kernel oil, aqua, butyrospermum parkii butter, cocos nucifera oil, sodium hydroxide, theobroma cacao seed butter, ricinus communis seed oil, curcuma longa root extract.<\/span><\/em><\/p>\n","protected":false},"excerpt":{"rendered":"<p><strong><span class=\"OYPEnA text-decoration-none text-strikethrough-none\">Savon corps au curcuma, surgras \u00e0 6%, adapt\u00e9 \u00e0 tout type de peaux, en particulier les peaux ternes, sans \u00e9clat.<\/span><\/strong><\/p>\n<p>Formul\u00e9 avec du curcuma bio aux propri\u00e9t\u00e9s anti-inflammatoires et r\u00e9v\u00e9latrices d\u2019\u00e9clat.<br \/>\n\ud83d\udca7 Nettoie en douceur, nourrit et redonne lumi\u00e8re aux peaux ternes.<br \/>\n\ud83c\udf31 Surgras pour pr\u00e9server l\u2019\u00e9quilibre naturel.<br \/>\n\ud83d\uded1 Sans parfum, sans colorant artificiel.<\/p>\n<p>&nbsp;<\/p>\n","protected":false},"featured_media":419,"comment_status":"open","ping_status":"closed","template":"","meta":{"site-sidebar-layout":"default","site-content-layout":"","ast-site-content-layout":"default","site-content-style":"default","site-sidebar-style":"default","ast-global-header-display":"","ast-banner-title-visibility":"","ast-main-header-display":"","ast-hfb-above-header-display":"","ast-hfb-below-header-display":"","ast-hfb-mobile-header-display":"","site-post-title":"","ast-breadcrumbs-content":"","ast-featured-img":"","footer-sml-layout":"","theme-transparent-header-meta":"default","adv-header-id-meta":"","stick-header-meta":"","header-above-stick-meta":"","header-main-stick-meta":"","header-below-stick-meta":"","astra-migrate-meta-layouts":"set","ast-page-background-enabled":"default","ast-page-background-meta":{"desktop":{"background-color":"var(--ast-global-color-4)","background-image":"","background-repeat":"repeat","background-position":"center center","background-size":"auto","background-attachment":"scroll","background-type":"","background-media":"","overlay-type":"","overlay-color":"","overlay-opacity":"","overlay-gradient":""},"tablet":{"background-color":"","background-image":"","background-repeat":"repeat","background-position":"center center","background-size":"auto","background-attachment":"scroll","background-type":"","background-media":"","overlay-type":"","overlay-color":"","overlay-opacity":"","overlay-gradient":""},"mobile":{"background-color":"","background-image":"","background-repeat":"repeat","background-position":"center center","background-size":"auto","background-attachment":"scroll","background-type":"","background-media":"","overlay-type":"","overlay-color":"","overlay-opacity":"","overlay-gradient":""}},"ast-content-background-meta":{"desktop":{"background-color":"var(--ast-global-color-5)","background-image":"","background-repeat":"repeat","background-position":"center center","background-size":"auto","background-attachment":"scroll","background-type":"","background-media":"","overlay-type":"","overlay-color":"","overlay-opacity":"","overlay-gradient":""},"tablet":{"background-color":"var(--ast-global-color-5)","background-image":"","background-repeat":"repeat","background-position":"center center","background-size":"auto","background-attachment":"scroll","background-type":"","background-media":"","overlay-type":"","overlay-color":"","overlay-opacity":"","overlay-gradient":""},"mobile":{"background-color":"var(--ast-global-color-5)","background-image":"","background-repeat":"repeat","background-position":"center center","background-size":"auto","background-attachment":"scroll","background-type":"","background-media":"","overlay-type":"","overlay-color":"","overlay-opacity":"","overlay-gradient":""}},"_themeisle_gutenberg_block_has_review":false},"product_brand":[],"product_cat":[23],"product_tag":[29,24,25],"class_list":{"0":"post-595","1":"product","2":"type-product","3":"status-publish","4":"has-post-thumbnail","6":"product_cat-savon-sauvage","7":"product_tag-curcuma","8":"product_tag-sauvage","9":"product_tag-savon-corps","10":"desktop-align-left","11":"tablet-align-left","12":"mobile-align-left","14":"first","15":"instock","16":"shipping-taxable","17":"purchasable","18":"product-type-simple"},"supplier_id":null,"supplier_sku":"","barcode":null,"atum_controlled":true,"out_stock_date":null,"out_stock_threshold":null,"inheritable":false,"inbound_stock":0,"stock_on_hold":0,"sold_today":0,"sales_last_days":0,"reserved_stock":0,"customer_returns":0,"warehouse_damage":0,"lost_in_post":0,"other_logs":0,"out_stock_days":0,"lost_sales":0,"has_location":false,"update_date":"2026-04-05T10:16:08","atum_locations":[],"atum_stock_status":"instock","restock_status":false,"low_stock_amount":"","sales_update_date":"2026-04-05T10:16:08","calc_backorders":null,"_links":{"self":[{"href":"https:\/\/siteguillaumetesting2.online\/index.php\/wp-json\/wp\/v2\/product\/595","targetHints":{"allow":["GET"]}}],"collection":[{"href":"https:\/\/siteguillaumetesting2.online\/index.php\/wp-json\/wp\/v2\/product"}],"about":[{"href":"https:\/\/siteguillaumetesting2.online\/index.php\/wp-json\/wp\/v2\/types\/product"}],"replies":[{"embeddable":true,"href":"https:\/\/siteguillaumetesting2.online\/index.php\/wp-json\/wp\/v2\/comments?post=595"}],"wp:featuredmedia":[{"embeddable":true,"href":"https:\/\/siteguillaumetesting2.online\/index.php\/wp-json\/wp\/v2\/media\/419"}],"wp:attachment":[{"href":"https:\/\/siteguillaumetesting2.online\/index.php\/wp-json\/wp\/v2\/media?parent=595"}],"wp:term":[{"taxonomy":"product_brand","embeddable":true,"href":"https:\/\/siteguillaumetesting2.online\/index.php\/wp-json\/wp\/v2\/product_brand?post=595"},{"taxonomy":"product_cat","embeddable":true,"href":"https:\/\/siteguillaumetesting2.online\/index.php\/wp-json\/wp\/v2\/product_cat?post=595"},{"taxonomy":"product_tag","embeddable":true,"href":"https:\/\/siteguillaumetesting2.online\/index.php\/wp-json\/wp\/v2\/product_tag?post=595"}],"curies":[{"name":"wp","href":"https:\/\/api.w.org\/{rel}","templated":true}]}}