{"id":597,"date":"2024-02-28T14:32:00","date_gmt":"2024-02-28T13:32:00","guid":{"rendered":"https:\/\/siteguillaumetesting2.online\/?post_type=product&#038;p=597"},"modified":"2026-03-29T01:02:48","modified_gmt":"2026-03-29T00:02:48","slug":"chococo","status":"publish","type":"product","link":"https:\/\/siteguillaumetesting2.online\/index.php\/produit\/chococo\/","title":{"rendered":"Cho&rsquo;coco"},"content":{"rendered":"<p class=\"cvGsUA direction-ltr align-justify para-style-body\"><strong><span class=\"OYPEnA text-decoration-none text-strikethrough-none\">Savon corps, saponifi\u00e9 \u00e0 froid, surgras \u00e0 10%. Adapt\u00e9 aux peaux fragiles, sensibles et \u00ab\u00a0\u00e0 probl\u00e8mes\u00a0\u00bb.<\/span><\/strong><\/p>\n<p>85 g<\/p>\n<p>&nbsp;<\/p>\n<p data-start=\"139\" data-end=\"177\">\ud83e\udd65\ud83c\udf6b <strong>Gourmandise &amp; douceur tropicale<\/strong> \ud83c\udf6b\ud83e\udd65<\/p>\n<p data-start=\"179\" data-end=\"456\">Un savon surgras artisanal qui marie le beurre de cacao et l\u2019huile de coco pour une mousse onctueuse et nourrissante. Sa senteur naturelle et gourmande rappelle la douceur du chocolat et la chaleur des tropiques. <span class=\"OYPEnA text-decoration-none text-strikethrough-none\">\u00a0Tr\u00e8s doux et onctueux, le beurre de cacao est connu pour ses propri\u00e9t\u00e9s r\u00e9g\u00e9n\u00e9rantes et antioxydantes. Riche en vitamine E et polyph\u00e9nols, il limite le vieillissement cutan\u00e9.<\/span><\/p>\n<p data-start=\"179\" data-end=\"456\"><strong>Id\u00e9al pour les amateurs de savons sensoriels et r\u00e9confortants.<\/strong><\/p>\n<p data-start=\"179\" data-end=\"456\">\n<p data-start=\"458\" data-end=\"478\">\ud83c\udf3c <strong data-start=\"461\" data-end=\"476\">Bienfaits :<\/strong><\/p>\n<ul>\n<li data-start=\"481\" data-end=\"509\">Nourrit et adoucit la peau<\/li>\n<li data-start=\"512\" data-end=\"542\">Apporte confort et souplesse<\/li>\n<li data-start=\"545\" data-end=\"599\">Laisse un d\u00e9licat parfum naturel, sans parfum ajout\u00e9<\/li>\n<li data-start=\"602\" data-end=\"647\">Convient \u00e0 tous types de peaux, m\u00eame s\u00e8ches<\/li>\n<\/ul>\n<p data-start=\"649\" data-end=\"824\">\n<p data-start=\"826\" data-end=\"853\">\ud83c\udf3f <strong data-start=\"829\" data-end=\"851\">Ingr\u00e9dients cl\u00e9s :<\/strong><\/p>\n<ul>\n<li data-start=\"84\" data-end=\"143\"><strong data-start=\"84\" data-end=\"103\">Beurre de cacao<\/strong> : nourrissant, protecteur, r\u00e9parateur, r\u00e9g\u00e9n\u00e9rant, antioxydant<\/li>\n<li data-start=\"146\" data-end=\"201\"><strong data-start=\"146\" data-end=\"164\">Beurre de coco<\/strong> : hydratant, apaisant, adoucissant<\/li>\n<li data-start=\"204\" data-end=\"279\"><strong data-start=\"204\" data-end=\"233\">Huile de p\u00e9pins de raisin<\/strong> : r\u00e9g\u00e9n\u00e9rante, antioxydante, assouplissante<\/li>\n<li data-start=\"282\" data-end=\"342\"><strong data-start=\"282\" data-end=\"291\">Cacao<\/strong> : riche en antioxydants, tonifiant, r\u00e9confortant<\/li>\n<\/ul>\n<p class=\"cvGsUA direction-ltr align-justify para-style-body\">\n<p class=\"cvGsUA direction-ltr align-justify para-style-body\"><span class=\"OYPEnA text-decoration-none text-strikethrough-none\">Ingr\u00e9dients : beurre de cacao, beurre de coco, huile de p\u00e9pins de raisin, cacao.<\/span><\/p>\n<p><em>Ingredients : <span class=\"OYPEnA text-decoration-none text-strikethrough-none\">theobroma cacao seed butter, aqua, cocos nucifera oil, vitis vinifera seed oil, sodium hydroxide, theobroma cacao fruit powder, potassium carbonate.<br \/>\n<\/span><\/em><\/p>\n","protected":false},"excerpt":{"rendered":"<p><span class=\"OYPEnA text-decoration-none text-strikethrough-none\"><strong>Savon corps au cacao, surgras \u00e0 10% et adapt\u00e9 aux peaux fragiles et sensibles.<\/strong><br \/>\n<\/span><\/p>\n<p>\ud83c\udf3c Enrichi en beurre de cacao et beurre de coco bio, il nourrit et prot\u00e8ge intens\u00e9ment.<br \/>\n\ud83d\udca7 Sa mousse cr\u00e9meuse laisse la peau douce et velout\u00e9e.<br \/>\n\ud83c\udf31 Convient \u00e0 toute la famille.<\/p>\n","protected":false},"featured_media":402,"comment_status":"open","ping_status":"closed","template":"","meta":{"site-sidebar-layout":"default","site-content-layout":"","ast-site-content-layout":"default","site-content-style":"default","site-sidebar-style":"default","ast-global-header-display":"","ast-banner-title-visibility":"","ast-main-header-display":"","ast-hfb-above-header-display":"","ast-hfb-below-header-display":"","ast-hfb-mobile-header-display":"","site-post-title":"","ast-breadcrumbs-content":"","ast-featured-img":"","footer-sml-layout":"","theme-transparent-header-meta":"default","adv-header-id-meta":"","stick-header-meta":"","header-above-stick-meta":"","header-main-stick-meta":"","header-below-stick-meta":"","astra-migrate-meta-layouts":"set","ast-page-background-enabled":"default","ast-page-background-meta":{"desktop":{"background-color":"var(--ast-global-color-4)","background-image":"","background-repeat":"repeat","background-position":"center center","background-size":"auto","background-attachment":"scroll","background-type":"","background-media":"","overlay-type":"","overlay-color":"","overlay-opacity":"","overlay-gradient":""},"tablet":{"background-color":"","background-image":"","background-repeat":"repeat","background-position":"center center","background-size":"auto","background-attachment":"scroll","background-type":"","background-media":"","overlay-type":"","overlay-color":"","overlay-opacity":"","overlay-gradient":""},"mobile":{"background-color":"","background-image":"","background-repeat":"repeat","background-position":"center center","background-size":"auto","background-attachment":"scroll","background-type":"","background-media":"","overlay-type":"","overlay-color":"","overlay-opacity":"","overlay-gradient":""}},"ast-content-background-meta":{"desktop":{"background-color":"var(--ast-global-color-5)","background-image":"","background-repeat":"repeat","background-position":"center center","background-size":"auto","background-attachment":"scroll","background-type":"","background-media":"","overlay-type":"","overlay-color":"","overlay-opacity":"","overlay-gradient":""},"tablet":{"background-color":"var(--ast-global-color-5)","background-image":"","background-repeat":"repeat","background-position":"center center","background-size":"auto","background-attachment":"scroll","background-type":"","background-media":"","overlay-type":"","overlay-color":"","overlay-opacity":"","overlay-gradient":""},"mobile":{"background-color":"var(--ast-global-color-5)","background-image":"","background-repeat":"repeat","background-position":"center center","background-size":"auto","background-attachment":"scroll","background-type":"","background-media":"","overlay-type":"","overlay-color":"","overlay-opacity":"","overlay-gradient":""}},"_themeisle_gutenberg_block_has_review":false},"product_brand":[],"product_cat":[31],"product_tag":[33,32,34,25],"class_list":{"0":"post-597","1":"product","2":"type-product","3":"status-publish","4":"has-post-thumbnail","6":"product_cat-savon-potion","7":"product_tag-cacao","8":"product_tag-peaux-sensibles","9":"product_tag-potion","10":"product_tag-savon-corps","11":"desktop-align-left","12":"tablet-align-left","13":"mobile-align-left","15":"first","16":"instock","17":"shipping-taxable","18":"purchasable","19":"product-type-simple"},"supplier_id":null,"supplier_sku":"","barcode":null,"atum_controlled":true,"out_stock_date":null,"out_stock_threshold":null,"inheritable":false,"inbound_stock":0,"stock_on_hold":0,"sold_today":0,"sales_last_days":0,"reserved_stock":0,"customer_returns":0,"warehouse_damage":0,"lost_in_post":0,"other_logs":0,"out_stock_days":0,"lost_sales":0,"has_location":false,"update_date":"2026-04-05T10:16:08","atum_locations":[],"atum_stock_status":"instock","restock_status":false,"low_stock_amount":"","sales_update_date":"2026-04-05T10:16:08","calc_backorders":null,"_links":{"self":[{"href":"https:\/\/siteguillaumetesting2.online\/index.php\/wp-json\/wp\/v2\/product\/597","targetHints":{"allow":["GET"]}}],"collection":[{"href":"https:\/\/siteguillaumetesting2.online\/index.php\/wp-json\/wp\/v2\/product"}],"about":[{"href":"https:\/\/siteguillaumetesting2.online\/index.php\/wp-json\/wp\/v2\/types\/product"}],"replies":[{"embeddable":true,"href":"https:\/\/siteguillaumetesting2.online\/index.php\/wp-json\/wp\/v2\/comments?post=597"}],"wp:featuredmedia":[{"embeddable":true,"href":"https:\/\/siteguillaumetesting2.online\/index.php\/wp-json\/wp\/v2\/media\/402"}],"wp:attachment":[{"href":"https:\/\/siteguillaumetesting2.online\/index.php\/wp-json\/wp\/v2\/media?parent=597"}],"wp:term":[{"taxonomy":"product_brand","embeddable":true,"href":"https:\/\/siteguillaumetesting2.online\/index.php\/wp-json\/wp\/v2\/product_brand?post=597"},{"taxonomy":"product_cat","embeddable":true,"href":"https:\/\/siteguillaumetesting2.online\/index.php\/wp-json\/wp\/v2\/product_cat?post=597"},{"taxonomy":"product_tag","embeddable":true,"href":"https:\/\/siteguillaumetesting2.online\/index.php\/wp-json\/wp\/v2\/product_tag?post=597"}],"curies":[{"name":"wp","href":"https:\/\/api.w.org\/{rel}","templated":true}]}}