{"id":600,"date":"2024-02-29T18:12:23","date_gmt":"2024-02-29T17:12:23","guid":{"rendered":"https:\/\/siteguillaumetesting2.online\/?post_type=product&#038;p=600"},"modified":"2026-03-23T09:26:52","modified_gmt":"2026-03-23T08:26:52","slug":"eponge-lavable","status":"publish","type":"product","link":"https:\/\/siteguillaumetesting2.online\/index.php\/produit\/eponge-lavable\/","title":{"rendered":"\u00c9ponge lavable"},"content":{"rendered":"<p data-start=\"1405\" data-end=\"1452\"><strong data-start=\"1405\" data-end=\"1450\">\ud83e\uddfd La vaisselle devient \u00e9colo et durable \ud83e\uddfd\u2728<\/strong><\/p>\n<p data-start=\"1454\" data-end=\"1680\">Une alternative z\u00e9ro d\u00e9chet aux \u00e9ponges jetables : r\u00e9sistantes, r\u00e9utilisables et lavables en machine. Douces mais efficaces, elles remplacent parfaitement les \u00e9ponges classiques pour la vaisselle et l\u2019entretien de la maison.<\/p>\n<p data-start=\"1682\" data-end=\"1702\">\ud83c\udf3c <strong>Bienfaits :<\/strong><\/p>\n<ul>\n<li data-start=\"1705\" data-end=\"1757\">R\u00e9utilisables et durables (lavables en machine) \u267b\ufe0f<\/li>\n<li data-start=\"1760\" data-end=\"1812\">Nettoient efficacement sans rayer la vaisselle \ud83c\udf7d\ufe0f<\/li>\n<li data-start=\"1815\" data-end=\"1881\">Fabriqu\u00e9es artisanalement (cousue main dans notre atelier) avec des mati\u00e8res saines et naturelles<\/li>\n<li data-start=\"1884\" data-end=\"1958\">Disponibles en plusieurs colorispour un peu de gaiet\u00e9 dans la cuisine \ud83c\udf38<\/li>\n<\/ul>\n<p>&nbsp;<\/p>\n<p data-start=\"1960\" data-end=\"2085\">\ud83d\udca1 <strong data-start=\"1963\" data-end=\"1988\">Conseil d\u2019utilisation<\/strong> : utiliser comme une \u00e9ponge classique, puis laver r\u00e9guli\u00e8rement \u00e0 la machine (40\u00b0 recommand\u00e9).<\/p>\n<p class=\"cvGsUA direction-ltr align-justify para-style-body\"><span class=\"OYPEnA text-decoration-none text-strikethrough-none\">Nid d&rsquo;abeille, filet et toile de jute bio, pour gratter sans rayer ! Rembourrage : tissu technique bio antimicrobien pour un s\u00e9chage rapide !<\/span><\/p>\n<p class=\"cvGsUA direction-ltr align-justify para-style-body\"><em><span class=\"OYPEnA text-decoration-none text-strikethrough-none\">Plusieurs coloris de nid d&rsquo;abeille, au choix.<\/span><\/em><\/p>\n","protected":false},"excerpt":{"rendered":"<p>\u00c9ponge lavable r\u00e9utilisable, cousue main.<\/p>\n<p><strong>Un geste quotidien responsable<\/strong>\u00a0 \u267b\ufe0f\ud83c\udf38<br \/>\n\ud83c\udf3c Surface grattante pour \u00e9liminer les impuret\u00e9s en douceur.<br \/>\n\ud83d\udca7 Remplace les \u00e9ponges jetables.<br \/>\n\ud83c\udf31 Lavable en machine \u00e0 laver ou lave-vaisselle et durable<\/p>\n","protected":false},"featured_media":1393,"comment_status":"open","ping_status":"closed","template":"","meta":{"site-sidebar-layout":"default","site-content-layout":"","ast-site-content-layout":"default","site-content-style":"default","site-sidebar-style":"default","ast-global-header-display":"","ast-banner-title-visibility":"","ast-main-header-display":"","ast-hfb-above-header-display":"","ast-hfb-below-header-display":"","ast-hfb-mobile-header-display":"","site-post-title":"","ast-breadcrumbs-content":"","ast-featured-img":"","footer-sml-layout":"","theme-transparent-header-meta":"default","adv-header-id-meta":"","stick-header-meta":"","header-above-stick-meta":"","header-main-stick-meta":"","header-below-stick-meta":"","astra-migrate-meta-layouts":"set","ast-page-background-enabled":"default","ast-page-background-meta":{"desktop":{"background-color":"var(--ast-global-color-4)","background-image":"","background-repeat":"repeat","background-position":"center center","background-size":"auto","background-attachment":"scroll","background-type":"","background-media":"","overlay-type":"","overlay-color":"","overlay-opacity":"","overlay-gradient":""},"tablet":{"background-color":"","background-image":"","background-repeat":"repeat","background-position":"center center","background-size":"auto","background-attachment":"scroll","background-type":"","background-media":"","overlay-type":"","overlay-color":"","overlay-opacity":"","overlay-gradient":""},"mobile":{"background-color":"","background-image":"","background-repeat":"repeat","background-position":"center center","background-size":"auto","background-attachment":"scroll","background-type":"","background-media":"","overlay-type":"","overlay-color":"","overlay-opacity":"","overlay-gradient":""}},"ast-content-background-meta":{"desktop":{"background-color":"var(--ast-global-color-5)","background-image":"","background-repeat":"repeat","background-position":"center center","background-size":"auto","background-attachment":"scroll","background-type":"","background-media":"","overlay-type":"","overlay-color":"","overlay-opacity":"","overlay-gradient":""},"tablet":{"background-color":"var(--ast-global-color-5)","background-image":"","background-repeat":"repeat","background-position":"center center","background-size":"auto","background-attachment":"scroll","background-type":"","background-media":"","overlay-type":"","overlay-color":"","overlay-opacity":"","overlay-gradient":""},"mobile":{"background-color":"var(--ast-global-color-5)","background-image":"","background-repeat":"repeat","background-position":"center center","background-size":"auto","background-attachment":"scroll","background-type":"","background-media":"","overlay-type":"","overlay-color":"","overlay-opacity":"","overlay-gradient":""}},"_themeisle_gutenberg_block_has_review":false},"product_brand":[],"product_cat":[39],"product_tag":[40,41,42],"class_list":{"0":"post-600","1":"product","2":"type-product","3":"status-publish","4":"has-post-thumbnail","6":"product_cat-accessoires","7":"product_tag-eponge","8":"product_tag-lavable","9":"product_tag-zero-dechet","10":"desktop-align-left","11":"tablet-align-left","12":"mobile-align-left","14":"first","15":"instock","16":"shipping-taxable","17":"purchasable","18":"product-type-variable"},"supplier_id":null,"supplier_sku":"","barcode":null,"atum_controlled":true,"out_stock_date":null,"out_stock_threshold":null,"inheritable":true,"inbound_stock":0,"stock_on_hold":0,"sold_today":0,"sales_last_days":0,"reserved_stock":0,"customer_returns":0,"warehouse_damage":0,"lost_in_post":0,"other_logs":0,"out_stock_days":0,"lost_sales":0,"has_location":false,"update_date":"2026-04-05T10:16:09","atum_locations":[],"atum_stock_status":"instock","restock_status":false,"low_stock_amount":"","sales_update_date":"2026-04-05T10:16:09","calc_backorders":null,"_links":{"self":[{"href":"https:\/\/siteguillaumetesting2.online\/index.php\/wp-json\/wp\/v2\/product\/600","targetHints":{"allow":["GET"]}}],"collection":[{"href":"https:\/\/siteguillaumetesting2.online\/index.php\/wp-json\/wp\/v2\/product"}],"about":[{"href":"https:\/\/siteguillaumetesting2.online\/index.php\/wp-json\/wp\/v2\/types\/product"}],"replies":[{"embeddable":true,"href":"https:\/\/siteguillaumetesting2.online\/index.php\/wp-json\/wp\/v2\/comments?post=600"}],"wp:featuredmedia":[{"embeddable":true,"href":"https:\/\/siteguillaumetesting2.online\/index.php\/wp-json\/wp\/v2\/media\/1393"}],"wp:attachment":[{"href":"https:\/\/siteguillaumetesting2.online\/index.php\/wp-json\/wp\/v2\/media?parent=600"}],"wp:term":[{"taxonomy":"product_brand","embeddable":true,"href":"https:\/\/siteguillaumetesting2.online\/index.php\/wp-json\/wp\/v2\/product_brand?post=600"},{"taxonomy":"product_cat","embeddable":true,"href":"https:\/\/siteguillaumetesting2.online\/index.php\/wp-json\/wp\/v2\/product_cat?post=600"},{"taxonomy":"product_tag","embeddable":true,"href":"https:\/\/siteguillaumetesting2.online\/index.php\/wp-json\/wp\/v2\/product_tag?post=600"}],"curies":[{"name":"wp","href":"https:\/\/api.w.org\/{rel}","templated":true}]}}