{"id":603,"date":"2024-02-28T16:06:58","date_gmt":"2024-02-28T15:06:58","guid":{"rendered":"https:\/\/siteguillaumetesting2.online\/?post_type=product&#038;p=603"},"modified":"2025-12-07T15:43:42","modified_gmt":"2025-12-07T14:43:42","slug":"filet-a-savon","status":"publish","type":"product","link":"https:\/\/siteguillaumetesting2.online\/index.php\/produit\/filet-a-savon\/","title":{"rendered":"Filet \u00e0 savon"},"content":{"rendered":"<p data-start=\"146\" data-end=\"216\"><strong data-start=\"146\" data-end=\"214\">\ud83e\uddf5 L\u2019astuce z\u00e9ro d\u00e9chet pour utiliser vos savons jusqu\u2019au bout \ud83e\uddfc\ud83e\uddf5<\/strong><\/p>\n<p data-start=\"218\" data-end=\"413\">Un petit filet artisanal en coton qui permet de glisser vos restes de savons et chutes pour ne rien gaspiller. Il transforme chaque petit morceau en un savon pratique \u00e0 utiliser sous la douche.<\/p>\n<p data-start=\"415\" data-end=\"435\">\ud83c\udf3c <strong>Bienfaits :<\/strong><\/p>\n<ul>\n<li data-start=\"438\" data-end=\"482\">\u00c9vite le gaspillage des chutes de savon \u267b\ufe0f<\/li>\n<li data-start=\"438\" data-end=\"482\">Permet au savon de bien s\u00e9cher et prolonge ainsi sa dur\u00e9e d&rsquo;utilisation<\/li>\n<li data-start=\"485\" data-end=\"526\">Sert aussi d\u2019\u00e9ponge exfoliante douce \ud83c\udf38<\/li>\n<li data-start=\"529\" data-end=\"583\">Fabriqu\u00e9 artisanalement avec des mati\u00e8res naturelles (coton bio)<\/li>\n<li data-start=\"586\" data-end=\"622\">R\u00e9utilisable et lavable en machine<\/li>\n<\/ul>\n<p data-start=\"624\" data-end=\"747\">\ud83d\udca1 <strong data-start=\"627\" data-end=\"652\">Conseil d\u2019utilisation<\/strong> : glissez vos restes de savons dans le filet, humidifiez et frottez directement sur la peau.<\/p>\n<p data-start=\"624\" data-end=\"747\">\n<p data-start=\"624\" data-end=\"747\"><em><span class=\"OYPEnA text-decoration-none text-strikethrough-none\">Coton bio, couleur \u00e9cru. Fait main.<\/span><\/em><\/p>\n","protected":false},"excerpt":{"rendered":"<p>A suspendre, pour faire s\u00e9cher le savon et prolonger sa dur\u00e9e d&rsquo;utilisation.<\/p>\n<p><strong>L\u2019astuce simple pour ne rien gaspiller<\/strong> \ud83e\uddfc<br \/>\n\ud83c\udf3c Permet d\u2019utiliser jusqu\u2019au dernier morceau de savon.<br \/>\n\ud83d\udca7 Favorise une mousse g\u00e9n\u00e9reuse et agr\u00e9able.<br \/>\n\ud83c\udf31 100 % coton bio, lavable et r\u00e9utilisable.<br \/>\n\u267b\ufe0f Alternative \u00e9cologique aux porte-savons plastiques.<\/p>\n","protected":false},"featured_media":611,"comment_status":"open","ping_status":"closed","template":"","meta":{"site-sidebar-layout":"default","site-content-layout":"","ast-site-content-layout":"default","site-content-style":"default","site-sidebar-style":"default","ast-global-header-display":"","ast-banner-title-visibility":"","ast-main-header-display":"","ast-hfb-above-header-display":"","ast-hfb-below-header-display":"","ast-hfb-mobile-header-display":"","site-post-title":"","ast-breadcrumbs-content":"","ast-featured-img":"","footer-sml-layout":"","theme-transparent-header-meta":"default","adv-header-id-meta":"","stick-header-meta":"","header-above-stick-meta":"","header-main-stick-meta":"","header-below-stick-meta":"","astra-migrate-meta-layouts":"set","ast-page-background-enabled":"default","ast-page-background-meta":{"desktop":{"background-color":"var(--ast-global-color-4)","background-image":"","background-repeat":"repeat","background-position":"center center","background-size":"auto","background-attachment":"scroll","background-type":"","background-media":"","overlay-type":"","overlay-color":"","overlay-opacity":"","overlay-gradient":""},"tablet":{"background-color":"","background-image":"","background-repeat":"repeat","background-position":"center center","background-size":"auto","background-attachment":"scroll","background-type":"","background-media":"","overlay-type":"","overlay-color":"","overlay-opacity":"","overlay-gradient":""},"mobile":{"background-color":"","background-image":"","background-repeat":"repeat","background-position":"center center","background-size":"auto","background-attachment":"scroll","background-type":"","background-media":"","overlay-type":"","overlay-color":"","overlay-opacity":"","overlay-gradient":""}},"ast-content-background-meta":{"desktop":{"background-color":"var(--ast-global-color-5)","background-image":"","background-repeat":"repeat","background-position":"center center","background-size":"auto","background-attachment":"scroll","background-type":"","background-media":"","overlay-type":"","overlay-color":"","overlay-opacity":"","overlay-gradient":""},"tablet":{"background-color":"var(--ast-global-color-5)","background-image":"","background-repeat":"repeat","background-position":"center center","background-size":"auto","background-attachment":"scroll","background-type":"","background-media":"","overlay-type":"","overlay-color":"","overlay-opacity":"","overlay-gradient":""},"mobile":{"background-color":"var(--ast-global-color-5)","background-image":"","background-repeat":"repeat","background-position":"center center","background-size":"auto","background-attachment":"scroll","background-type":"","background-media":"","overlay-type":"","overlay-color":"","overlay-opacity":"","overlay-gradient":""}},"_themeisle_gutenberg_block_has_review":false},"product_brand":[],"product_cat":[39],"product_tag":[46,45,47,48,44,42],"class_list":{"0":"post-603","1":"product","2":"type-product","3":"status-publish","4":"has-post-thumbnail","6":"product_cat-accessoires","7":"product_tag-chutes-de-savon","8":"product_tag-douche","9":"product_tag-fait-main","10":"product_tag-filet","11":"product_tag-savon","12":"product_tag-zero-dechet","13":"desktop-align-left","14":"tablet-align-left","15":"mobile-align-left","17":"first","18":"instock","19":"shipping-taxable","20":"purchasable","21":"product-type-simple"},"supplier_id":null,"supplier_sku":"","barcode":null,"atum_controlled":true,"out_stock_date":null,"out_stock_threshold":null,"inheritable":false,"inbound_stock":0,"stock_on_hold":0,"sold_today":0,"sales_last_days":0,"reserved_stock":0,"customer_returns":0,"warehouse_damage":0,"lost_in_post":0,"other_logs":0,"out_stock_days":0,"lost_sales":0,"has_location":false,"update_date":"2026-04-05T10:16:07","atum_locations":[],"atum_stock_status":"instock","restock_status":false,"low_stock_amount":"","sales_update_date":"2026-04-05T10:16:07","calc_backorders":null,"_links":{"self":[{"href":"https:\/\/siteguillaumetesting2.online\/index.php\/wp-json\/wp\/v2\/product\/603","targetHints":{"allow":["GET"]}}],"collection":[{"href":"https:\/\/siteguillaumetesting2.online\/index.php\/wp-json\/wp\/v2\/product"}],"about":[{"href":"https:\/\/siteguillaumetesting2.online\/index.php\/wp-json\/wp\/v2\/types\/product"}],"replies":[{"embeddable":true,"href":"https:\/\/siteguillaumetesting2.online\/index.php\/wp-json\/wp\/v2\/comments?post=603"}],"wp:featuredmedia":[{"embeddable":true,"href":"https:\/\/siteguillaumetesting2.online\/index.php\/wp-json\/wp\/v2\/media\/611"}],"wp:attachment":[{"href":"https:\/\/siteguillaumetesting2.online\/index.php\/wp-json\/wp\/v2\/media?parent=603"}],"wp:term":[{"taxonomy":"product_brand","embeddable":true,"href":"https:\/\/siteguillaumetesting2.online\/index.php\/wp-json\/wp\/v2\/product_brand?post=603"},{"taxonomy":"product_cat","embeddable":true,"href":"https:\/\/siteguillaumetesting2.online\/index.php\/wp-json\/wp\/v2\/product_cat?post=603"},{"taxonomy":"product_tag","embeddable":true,"href":"https:\/\/siteguillaumetesting2.online\/index.php\/wp-json\/wp\/v2\/product_tag?post=603"}],"curies":[{"name":"wp","href":"https:\/\/api.w.org\/{rel}","templated":true}]}}