{"id":654,"date":"2024-03-01T15:34:33","date_gmt":"2024-03-01T14:34:33","guid":{"rendered":"https:\/\/siteguillaumetesting2.online\/?post_type=product&#038;p=654"},"modified":"2026-01-20T17:58:57","modified_gmt":"2026-01-20T16:58:57","slug":"vaisselle","status":"publish","type":"product","link":"https:\/\/siteguillaumetesting2.online\/index.php\/produit\/vaisselle\/","title":{"rendered":"Vaisselle"},"content":{"rendered":"<p class=\"cvGsUA direction-ltr align-justify para-style-body\"><strong><span class=\"OYPEnA text-decoration-none text-strikethrough-none\">Savon m\u00e9nager, saponifi\u00e9 \u00e0 froid, sousgras \u00e0 10% <\/span><\/strong><em><span class=\"OYPEnA text-decoration-none text-strikethrough-none\">(ne convient pas \u00e0 un usage cosm\u00e9tique)<\/span><\/em><span class=\"OYPEnA text-decoration-none text-strikethrough-none\">. <\/span>60 g<\/p>\n<p>&nbsp;<\/p>\n<p data-start=\"151\" data-end=\"206\"><strong data-start=\"151\" data-end=\"204\">\ud83c\udf7d\ufe0f Un alli\u00e9 solide pour une vaisselle \u00e9clatante \u2728\ud83c\udf7d\ufe0f<\/strong><\/p>\n<p data-start=\"208\" data-end=\"451\">Exit le liquide vaisselle en plastique \ud83d\uded1 ! Ce savon solide artisanal nettoie, d\u00e9graisse et fait briller toute la vaisselle, naturellement. Sa mousse fine et efficace<span class=\"OYPEnA text-decoration-none text-strikethrough-none\">, mousse rapidement et est facile \u00e0 rincer. Combin\u00e9 \u00e0 une brosse de vaisselle, le savon vaisselle sera votre parfait alli\u00e9 pour venir \u00e0 bout des graisses tout en respectant vos mains et l\u2019environnement !<\/span><\/p>\n<p>&nbsp;<\/p>\n<p data-start=\"458\" data-end=\"478\">\ud83c\udf3c <strong>Bienfaits :<\/strong><\/p>\n<ul>\n<li data-start=\"481\" data-end=\"541\">D\u00e9graisse efficacement verres, casseroles et ustensiles \ud83c\udf73 et m\u00eame les plans de travail ou votre four !<\/li>\n<li data-start=\"544\" data-end=\"587\">Laisse la vaisselle propre et brillante \u2728<\/li>\n<li data-start=\"590\" data-end=\"621\">\u00c9conomique et longue dur\u00e9e \ud83e\udeb4<\/li>\n<li data-start=\"624\" data-end=\"669\">Z\u00e9ro d\u00e9chet : pas de bouteille plastique \u267b\ufe0f<\/li>\n<\/ul>\n<p>&nbsp;<\/p>\n<p data-start=\"676\" data-end=\"709\">\ud83d\udca1 <strong>Conseils d\u2019utilisation :<\/strong><\/p>\n<ul>\n<li data-start=\"712\" data-end=\"788\">Frotter directement l\u2019\u00e9ponge, la brosse ou un tawashi humide sur le savon.<\/li>\n<li data-start=\"791\" data-end=\"831\">Laver la vaisselle comme \u00e0 l\u2019habitude.<\/li>\n<li data-start=\"834\" data-end=\"870\">Rincer \u00e0 l\u2019eau claire.<\/li>\n<\/ul>\n<p data-start=\"872\" data-end=\"981\">\ud83d\udc49 Astuce : fonctionne aussi pour nettoyer les surfaces de cuisine (plans de travail, plaques de cuisson\u2026).<\/p>\n<p data-start=\"872\" data-end=\"981\">\n<p data-start=\"988\" data-end=\"1024\">\ud83c\udf3f <strong>Ingr\u00e9dients cl\u00e9s :<\/strong><\/p>\n<ul>\n<li data-start=\"1027\" data-end=\"1086\"><strong data-start=\"1027\" data-end=\"1044\">Huile de coco<\/strong> : nettoyante, d\u00e9graissante et moussante<\/li>\n<li data-start=\"1089\" data-end=\"1179\"><strong data-start=\"1089\" data-end=\"1106\">Huile d\u2019olive<\/strong> : douce pour la peau, prot\u00e8ge les mains m\u00eame lors d\u2019un usage quotidien<\/li>\n<\/ul>\n<p>&nbsp;<\/p>\n<p>&nbsp;<\/p>\n<p class=\"cvGsUA direction-ltr align-justify para-style-body\">\n<p class=\"cvGsUA direction-ltr align-justify para-style-body\"><span class=\"OYPEnA text-decoration-none text-strikethrough-none\">Ingr\u00e9dients : beurre de coco, huile d&rsquo;olive, chlorophylle cuivrique issue de v\u00e9g\u00e9taux.<\/span><\/p>\n","protected":false},"excerpt":{"rendered":"<p>Savon m\u00e9nager, saponifi\u00e9 \u00e0 froid, d\u00e9graissant. 60g<\/p>\n<p><strong>La vaisselle devient un geste \u00e9cologique<\/strong> \ud83c\udf31<br \/>\n\ud83c\udf3c Nettoie et d\u00e9graisse parfaitement sans produits chimiques.<br \/>\n\ud83d\udca7 \u00c9conomique : dure plus longtemps qu\u2019un liquide vaisselle classique.<br \/>\n\u267b\ufe0f Z\u00e9ro plastique, biod\u00e9gradable et responsable.<\/p>\n","protected":false},"featured_media":655,"comment_status":"open","ping_status":"closed","template":"","meta":{"site-sidebar-layout":"default","site-content-layout":"","ast-site-content-layout":"default","site-content-style":"default","site-sidebar-style":"default","ast-global-header-display":"","ast-banner-title-visibility":"","ast-main-header-display":"","ast-hfb-above-header-display":"","ast-hfb-below-header-display":"","ast-hfb-mobile-header-display":"","site-post-title":"","ast-breadcrumbs-content":"","ast-featured-img":"","footer-sml-layout":"","theme-transparent-header-meta":"default","adv-header-id-meta":"","stick-header-meta":"","header-above-stick-meta":"","header-main-stick-meta":"","header-below-stick-meta":"","astra-migrate-meta-layouts":"set","ast-page-background-enabled":"default","ast-page-background-meta":{"desktop":{"background-color":"var(--ast-global-color-4)","background-image":"","background-repeat":"repeat","background-position":"center center","background-size":"auto","background-attachment":"scroll","background-type":"","background-media":"","overlay-type":"","overlay-color":"","overlay-opacity":"","overlay-gradient":""},"tablet":{"background-color":"","background-image":"","background-repeat":"repeat","background-position":"center center","background-size":"auto","background-attachment":"scroll","background-type":"","background-media":"","overlay-type":"","overlay-color":"","overlay-opacity":"","overlay-gradient":""},"mobile":{"background-color":"","background-image":"","background-repeat":"repeat","background-position":"center center","background-size":"auto","background-attachment":"scroll","background-type":"","background-media":"","overlay-type":"","overlay-color":"","overlay-opacity":"","overlay-gradient":""}},"ast-content-background-meta":{"desktop":{"background-color":"var(--ast-global-color-5)","background-image":"","background-repeat":"repeat","background-position":"center center","background-size":"auto","background-attachment":"scroll","background-type":"","background-media":"","overlay-type":"","overlay-color":"","overlay-opacity":"","overlay-gradient":""},"tablet":{"background-color":"var(--ast-global-color-5)","background-image":"","background-repeat":"repeat","background-position":"center center","background-size":"auto","background-attachment":"scroll","background-type":"","background-media":"","overlay-type":"","overlay-color":"","overlay-opacity":"","overlay-gradient":""},"mobile":{"background-color":"var(--ast-global-color-5)","background-image":"","background-repeat":"repeat","background-position":"center center","background-size":"auto","background-attachment":"scroll","background-type":"","background-media":"","overlay-type":"","overlay-color":"","overlay-opacity":"","overlay-gradient":""}},"_themeisle_gutenberg_block_has_review":false},"product_brand":[],"product_cat":[55],"product_tag":[58,57,44,56],"class_list":{"0":"post-654","1":"product","2":"type-product","3":"status-publish","4":"has-post-thumbnail","6":"product_cat-menager","7":"product_tag-degraissant","8":"product_tag-menager","9":"product_tag-savon","10":"product_tag-vaisselle","11":"desktop-align-left","12":"tablet-align-left","13":"mobile-align-left","15":"first","16":"instock","17":"shipping-taxable","18":"purchasable","19":"product-type-simple"},"supplier_id":null,"supplier_sku":"","barcode":null,"atum_controlled":true,"out_stock_date":null,"out_stock_threshold":null,"inheritable":false,"inbound_stock":0,"stock_on_hold":0,"sold_today":0,"sales_last_days":0,"reserved_stock":0,"customer_returns":0,"warehouse_damage":0,"lost_in_post":0,"other_logs":0,"out_stock_days":0,"lost_sales":0,"has_location":false,"update_date":"2026-04-05T10:16:08","atum_locations":[],"atum_stock_status":"instock","restock_status":false,"low_stock_amount":"","sales_update_date":"2026-04-05T10:16:08","calc_backorders":null,"_links":{"self":[{"href":"https:\/\/siteguillaumetesting2.online\/index.php\/wp-json\/wp\/v2\/product\/654","targetHints":{"allow":["GET"]}}],"collection":[{"href":"https:\/\/siteguillaumetesting2.online\/index.php\/wp-json\/wp\/v2\/product"}],"about":[{"href":"https:\/\/siteguillaumetesting2.online\/index.php\/wp-json\/wp\/v2\/types\/product"}],"replies":[{"embeddable":true,"href":"https:\/\/siteguillaumetesting2.online\/index.php\/wp-json\/wp\/v2\/comments?post=654"}],"wp:featuredmedia":[{"embeddable":true,"href":"https:\/\/siteguillaumetesting2.online\/index.php\/wp-json\/wp\/v2\/media\/655"}],"wp:attachment":[{"href":"https:\/\/siteguillaumetesting2.online\/index.php\/wp-json\/wp\/v2\/media?parent=654"}],"wp:term":[{"taxonomy":"product_brand","embeddable":true,"href":"https:\/\/siteguillaumetesting2.online\/index.php\/wp-json\/wp\/v2\/product_brand?post=654"},{"taxonomy":"product_cat","embeddable":true,"href":"https:\/\/siteguillaumetesting2.online\/index.php\/wp-json\/wp\/v2\/product_cat?post=654"},{"taxonomy":"product_tag","embeddable":true,"href":"https:\/\/siteguillaumetesting2.online\/index.php\/wp-json\/wp\/v2\/product_tag?post=654"}],"curies":[{"name":"wp","href":"https:\/\/api.w.org\/{rel}","templated":true}]}}