{"id":656,"date":"2024-03-01T15:53:48","date_gmt":"2024-03-01T14:53:48","guid":{"rendered":"https:\/\/siteguillaumetesting2.online\/?post_type=product&#038;p=656"},"modified":"2025-12-04T10:11:40","modified_gmt":"2025-12-04T09:11:40","slug":"pochette-a-savon","status":"publish","type":"product","link":"https:\/\/siteguillaumetesting2.online\/index.php\/produit\/pochette-a-savon\/","title":{"rendered":"Pochette \u00e0 savon"},"content":{"rendered":"<p data-start=\"775\" data-end=\"836\"><strong data-start=\"775\" data-end=\"834\">\ud83d\udca7 Transportez vos savons partout, sans prise de t\u00eate \ud83c\udf0d\ud83d\udc5c<\/strong><\/p>\n<p data-start=\"838\" data-end=\"981\">Une jolie pochette en tissu imperm\u00e9able et lavable, id\u00e9ale pour transporter vos savons solides en voyage, \u00e0 la salle de sport ou en week-end, tout en prot\u00e9geant le reste de vos affaires.<\/p>\n<p data-start=\"983\" data-end=\"1003\">\ud83c\udf3c <strong>Bienfaits :<\/strong><\/p>\n<ul>\n<li data-start=\"1006\" data-end=\"1054\">Prot\u00e8ge et transporte vos savons facilement \ud83d\udebf<\/li>\n<li data-start=\"1057\" data-end=\"1126\">Permet de ranger un savon encore humide sans ab\u00eemer le reste du sac<\/li>\n<li data-start=\"1057\" data-end=\"1126\">Le format \u00ab\u00a0portefeuille\u00a0\u00bb permet au savon de s\u00e9cher<\/li>\n<li data-start=\"1129\" data-end=\"1177\">Alternative \u00e9cologique aux bo\u00eetes en plastique<\/li>\n<li data-start=\"1180\" data-end=\"1231\">Lavable, r\u00e9utilisable et fabriqu\u00e9e artisanalement (cousue main dans notre atelier)<\/li>\n<\/ul>\n<p>&nbsp;<\/p>\n<p data-start=\"1233\" data-end=\"1377\">\ud83d\udca1 <strong data-start=\"1236\" data-end=\"1261\">Conseil d\u2019utilisation<\/strong> : placer le savon sec ou l\u00e9g\u00e8rement humide dans la pochette, bien refermer, puis laver r\u00e9guli\u00e8rement la pochette \u00e0 l&rsquo;eau froide.<\/p>\n<p class=\"cvGsUA direction-ltr align-justify para-style-body\"><em><span class=\"OYPEnA text-decoration-none text-strikethrough-none\">Lavable \u00e0 l&rsquo;eau froide uniquement, pour conserver l&rsquo;enduit.<\/span><\/em><\/p>\n<p class=\"cvGsUA direction-ltr align-start para-style-body\"><em><span class=\"OYPEnA text-decoration-none text-strikethrough-none\">Plusieurs coloris disponibles.<\/span><\/em><\/p>\n","protected":false},"excerpt":{"rendered":"<p>Pochette en coton enduit, pour transporter son savon sans mouiller le reste des affaires de toilette !<\/p>\n<p><strong>Votre savon toujours \u00e0 port\u00e9e de main<\/strong> \u2728<br \/>\n\ud83c\udf3c Permet d\u2019emmener son savon partout, sans fuite.<br \/>\n\ud83d\udca7 Imperm\u00e9able \u00e0 l\u2019int\u00e9rieur, \u00e9l\u00e9gante \u00e0 l\u2019ext\u00e9rieur.<br \/>\n\ud83c\udf31 R\u00e9alis\u00e9e en tissu coton enduit, lavable et durable.<\/p>\n","protected":false},"featured_media":1208,"comment_status":"open","ping_status":"closed","template":"","meta":{"site-sidebar-layout":"default","site-content-layout":"","ast-site-content-layout":"default","site-content-style":"default","site-sidebar-style":"default","ast-global-header-display":"","ast-banner-title-visibility":"","ast-main-header-display":"","ast-hfb-above-header-display":"","ast-hfb-below-header-display":"","ast-hfb-mobile-header-display":"","site-post-title":"","ast-breadcrumbs-content":"","ast-featured-img":"","footer-sml-layout":"","theme-transparent-header-meta":"default","adv-header-id-meta":"","stick-header-meta":"","header-above-stick-meta":"","header-main-stick-meta":"","header-below-stick-meta":"","astra-migrate-meta-layouts":"default","ast-page-background-enabled":"default","ast-page-background-meta":{"desktop":{"background-color":"var(--ast-global-color-4)","background-image":"","background-repeat":"repeat","background-position":"center center","background-size":"auto","background-attachment":"scroll","background-type":"","background-media":"","overlay-type":"","overlay-color":"","overlay-opacity":"","overlay-gradient":""},"tablet":{"background-color":"","background-image":"","background-repeat":"repeat","background-position":"center center","background-size":"auto","background-attachment":"scroll","background-type":"","background-media":"","overlay-type":"","overlay-color":"","overlay-opacity":"","overlay-gradient":""},"mobile":{"background-color":"","background-image":"","background-repeat":"repeat","background-position":"center center","background-size":"auto","background-attachment":"scroll","background-type":"","background-media":"","overlay-type":"","overlay-color":"","overlay-opacity":"","overlay-gradient":""}},"ast-content-background-meta":{"desktop":{"background-color":"var(--ast-global-color-5)","background-image":"","background-repeat":"repeat","background-position":"center center","background-size":"auto","background-attachment":"scroll","background-type":"","background-media":"","overlay-type":"","overlay-color":"","overlay-opacity":"","overlay-gradient":""},"tablet":{"background-color":"var(--ast-global-color-5)","background-image":"","background-repeat":"repeat","background-position":"center center","background-size":"auto","background-attachment":"scroll","background-type":"","background-media":"","overlay-type":"","overlay-color":"","overlay-opacity":"","overlay-gradient":""},"mobile":{"background-color":"var(--ast-global-color-5)","background-image":"","background-repeat":"repeat","background-position":"center center","background-size":"auto","background-attachment":"scroll","background-type":"","background-media":"","overlay-type":"","overlay-color":"","overlay-opacity":"","overlay-gradient":""}},"_themeisle_gutenberg_block_has_review":false},"product_brand":[],"product_cat":[39],"product_tag":[59,61,52,60,42],"class_list":{"0":"post-656","1":"product","2":"type-product","3":"status-publish","4":"has-post-thumbnail","6":"product_cat-accessoires","7":"product_tag-coton-enduit","8":"product_tag-cousu-main","9":"product_tag-pochette","10":"product_tag-transport-savon","11":"product_tag-zero-dechet","12":"desktop-align-left","13":"tablet-align-left","14":"mobile-align-left","16":"first","17":"instock","18":"shipping-taxable","19":"purchasable","20":"product-type-variable"},"supplier_id":null,"supplier_sku":"","barcode":null,"atum_controlled":true,"out_stock_date":null,"out_stock_threshold":null,"inheritable":true,"inbound_stock":0,"stock_on_hold":0,"sold_today":0,"sales_last_days":0,"reserved_stock":0,"customer_returns":0,"warehouse_damage":0,"lost_in_post":0,"other_logs":0,"out_stock_days":0,"lost_sales":0,"has_location":false,"update_date":"2026-04-05T10:16:08","atum_locations":[],"atum_stock_status":"instock","restock_status":false,"low_stock_amount":"","sales_update_date":"2026-04-05T10:16:08","calc_backorders":null,"_links":{"self":[{"href":"https:\/\/siteguillaumetesting2.online\/index.php\/wp-json\/wp\/v2\/product\/656","targetHints":{"allow":["GET"]}}],"collection":[{"href":"https:\/\/siteguillaumetesting2.online\/index.php\/wp-json\/wp\/v2\/product"}],"about":[{"href":"https:\/\/siteguillaumetesting2.online\/index.php\/wp-json\/wp\/v2\/types\/product"}],"replies":[{"embeddable":true,"href":"https:\/\/siteguillaumetesting2.online\/index.php\/wp-json\/wp\/v2\/comments?post=656"}],"wp:featuredmedia":[{"embeddable":true,"href":"https:\/\/siteguillaumetesting2.online\/index.php\/wp-json\/wp\/v2\/media\/1208"}],"wp:attachment":[{"href":"https:\/\/siteguillaumetesting2.online\/index.php\/wp-json\/wp\/v2\/media?parent=656"}],"wp:term":[{"taxonomy":"product_brand","embeddable":true,"href":"https:\/\/siteguillaumetesting2.online\/index.php\/wp-json\/wp\/v2\/product_brand?post=656"},{"taxonomy":"product_cat","embeddable":true,"href":"https:\/\/siteguillaumetesting2.online\/index.php\/wp-json\/wp\/v2\/product_cat?post=656"},{"taxonomy":"product_tag","embeddable":true,"href":"https:\/\/siteguillaumetesting2.online\/index.php\/wp-json\/wp\/v2\/product_tag?post=656"}],"curies":[{"name":"wp","href":"https:\/\/api.w.org\/{rel}","templated":true}]}}