{"id":689,"date":"2024-03-01T17:28:35","date_gmt":"2024-03-01T16:28:35","guid":{"rendered":"https:\/\/siteguillaumetesting2.online\/?post_type=product&#038;p=689"},"modified":"2026-03-29T01:03:05","modified_gmt":"2026-03-29T00:03:05","slug":"visages","status":"publish","type":"product","link":"https:\/\/siteguillaumetesting2.online\/index.php\/produit\/visages\/","title":{"rendered":"Visages"},"content":{"rendered":"<p class=\"cvGsUA direction-ltr align-justify para-style-body\"><span class=\"OYPEnA text-decoration-none text-strikethrough-none\"><strong>Savons visages<\/strong><\/span><span class=\"OYPEnA text-decoration-none text-strikethrough-none\"><strong>, saponifi\u00e9s \u00e0 froid, surgras \u00e0 30%, nature ou exfoliant, selon la formule.<\/strong><\/span><\/p>\n<p>22 g<\/p>\n<p>&nbsp;<\/p>\n<p data-start=\"103\" data-end=\"137\"><strong data-start=\"103\" data-end=\"135\">\ud83c\udf38 La tendresse au quotidien \ud83c\udf38<\/strong><\/p>\n<p data-start=\"139\" data-end=\"429\">Un savon pens\u00e9 sp\u00e9cialement pour la peau d\u00e9licate du visage. Sa base de <strong data-start=\"244\" data-end=\"264\">beurre de coco <\/strong>nourrit, apaise et prot\u00e8ge, sans agresser ni dess\u00e9cher. Naturellement riche en glyc\u00e9rine, hyper hydratant gr\u00e2ce \u00e0 un surgras \u00e0 30%, il nettoie en douceur tout en respectant l\u2019\u00e9quilibre fragile de la peau.<\/p>\n<p data-start=\"242\" data-end=\"495\">Existe en soin exfoliant artisanal qui marie beurre de coco, nourrissant, et poudres v\u00e9g\u00e9tales pour r\u00e9veiller la peau en douceur. Ses grains fins et naturels \u00e9liminent les impuret\u00e9s, stimulent la circulation et laissent la peau douce, lisse et hydrat\u00e9e.<\/p>\n<p data-start=\"431\" data-end=\"451\">\ud83c\udf3c <strong data-start=\"434\" data-end=\"449\">Bienfaits :<\/strong><\/p>\n<ul>\n<li data-start=\"454\" data-end=\"477\">Nettoie sans ass\u00e9cher<\/li>\n<li data-start=\"480\" data-end=\"525\">Pr\u00e9serve l\u2019hydratation naturelle de la peau<\/li>\n<li data-start=\"528\" data-end=\"569\">Apaise les tiraillements et irritations<\/li>\n<li data-start=\"572\" data-end=\"616\">Laisse la peau douce, nette et confortable<\/li>\n<\/ul>\n<p>Pour les exfoliants, diff\u00e9rentes formules pour un gommage doux (matcha &amp; amandes) ou plus intense (th\u00e9 noir, coco ou caf\u00e9) :<\/p>\n<ul>\n<li data-start=\"520\" data-end=\"557\">Exfolie naturellement sans agresser l&rsquo;\u00e9piderme<\/li>\n<li data-start=\"560\" data-end=\"589\">Illumine et tonifie la peau<\/li>\n<li data-start=\"592\" data-end=\"653\">Stimule la microcirculation et le renouvellement cellulaire<\/li>\n<li data-start=\"656\" data-end=\"697\">Laisse une sensation de douceur soyeuse, et une peau hydrat\u00e9e<\/li>\n<\/ul>\n<p>&nbsp;<\/p>\n<p data-start=\"809\" data-end=\"845\">\ud83c\udf3f <strong data-start=\"812\" data-end=\"843\">Ingr\u00e9dients cl\u00e9s :<\/strong><\/p>\n<ul>\n<li data-start=\"905\" data-end=\"974\"><strong data-start=\"905\" data-end=\"923\">Beurre de coco<\/strong> : nourrissant, apaisant, maintient l\u2019hydratation<\/li>\n<li data-start=\"977\" data-end=\"1042\"><strong data-start=\"977\" data-end=\"997\">Poudre de matcha<\/strong> : antioxydante, purifiante, \u00e9clat du teint<\/li>\n<li data-start=\"1045\" data-end=\"1117\"><strong data-start=\"1045\" data-end=\"1065\">Poudre d\u2019amandes<\/strong> : exfoliante douce, adoucissante, remin\u00e9ralisante<\/li>\n<li data-start=\"1120\" data-end=\"1173\"><strong data-start=\"1120\" data-end=\"1142\">Poudre de th\u00e9 noir<\/strong> : tonifiante, raffermissante<\/li>\n<li data-start=\"1176\" data-end=\"1231\"><strong data-start=\"1176\" data-end=\"1200\">Coco r\u00e2p\u00e9e<\/strong> : exfoliante douce, lissante<\/li>\n<li data-start=\"1234\" data-end=\"1310\"><strong data-start=\"1234\" data-end=\"1252\">Poudre de caf\u00e9<\/strong> : stimulante, active la microcirculation, effet lissant (attention ! Gommage tr\u00e8s intense, conseill\u00e9 aux peaux habitu\u00e9es aux exfoliants)<\/li>\n<\/ul>\n<p>&nbsp;<\/p>\n<p><em>S\u00e9lectionner une formule pour acc\u00e9der \u00e0 la liste des ingr\u00e9dients.<\/em><\/p>\n","protected":false},"excerpt":{"rendered":"<p><strong><span class=\"OYPEnA text-decoration-none text-strikethrough-none\">Savons visages<\/span><\/strong><span class=\"OYPEnA text-decoration-none text-strikethrough-none\"><strong>, surgras \u00e0 30%, pour un nettoyage en profondeur et une forte hydratation de la peau.<\/strong><br \/>\n<\/span><\/p>\n<p>\ud83c\udf3c Formul\u00e9s sans parfum ni huile essentielle, sp\u00e9cialement pens\u00e9s pour le visage.<br \/>\n\ud83d\udca7 Nettoient en douceur, sans ass\u00e9cher gr\u00e2ce \u00e0 un surgras \u00e0 30%.<br \/>\n\ud83c\udf31 Id\u00e9al pour un usage quotidien ou quelques jours par semaine, en soin.<\/p>\n","protected":false},"featured_media":409,"comment_status":"open","ping_status":"closed","template":"","meta":{"site-sidebar-layout":"default","site-content-layout":"","ast-site-content-layout":"default","site-content-style":"default","site-sidebar-style":"default","ast-global-header-display":"","ast-banner-title-visibility":"","ast-main-header-display":"","ast-hfb-above-header-display":"","ast-hfb-below-header-display":"","ast-hfb-mobile-header-display":"","site-post-title":"","ast-breadcrumbs-content":"","ast-featured-img":"","footer-sml-layout":"","theme-transparent-header-meta":"default","adv-header-id-meta":"","stick-header-meta":"","header-above-stick-meta":"","header-main-stick-meta":"","header-below-stick-meta":"","astra-migrate-meta-layouts":"set","ast-page-background-enabled":"default","ast-page-background-meta":{"desktop":{"background-color":"var(--ast-global-color-4)","background-image":"","background-repeat":"repeat","background-position":"center center","background-size":"auto","background-attachment":"scroll","background-type":"","background-media":"","overlay-type":"","overlay-color":"","overlay-opacity":"","overlay-gradient":""},"tablet":{"background-color":"","background-image":"","background-repeat":"repeat","background-position":"center center","background-size":"auto","background-attachment":"scroll","background-type":"","background-media":"","overlay-type":"","overlay-color":"","overlay-opacity":"","overlay-gradient":""},"mobile":{"background-color":"","background-image":"","background-repeat":"repeat","background-position":"center center","background-size":"auto","background-attachment":"scroll","background-type":"","background-media":"","overlay-type":"","overlay-color":"","overlay-opacity":"","overlay-gradient":""}},"ast-content-background-meta":{"desktop":{"background-color":"var(--ast-global-color-5)","background-image":"","background-repeat":"repeat","background-position":"center center","background-size":"auto","background-attachment":"scroll","background-type":"","background-media":"","overlay-type":"","overlay-color":"","overlay-opacity":"","overlay-gradient":""},"tablet":{"background-color":"var(--ast-global-color-5)","background-image":"","background-repeat":"repeat","background-position":"center center","background-size":"auto","background-attachment":"scroll","background-type":"","background-media":"","overlay-type":"","overlay-color":"","overlay-opacity":"","overlay-gradient":""},"mobile":{"background-color":"var(--ast-global-color-5)","background-image":"","background-repeat":"repeat","background-position":"center center","background-size":"auto","background-attachment":"scroll","background-type":"","background-media":"","overlay-type":"","overlay-color":"","overlay-opacity":"","overlay-gradient":""}},"_themeisle_gutenberg_block_has_review":false},"product_brand":[],"product_cat":[31],"product_tag":[66,64,44,62],"class_list":{"0":"post-689","1":"product","2":"type-product","3":"status-publish","4":"has-post-thumbnail","6":"product_cat-savon-potion","7":"product_tag-exfoliant","8":"product_tag-neutre","9":"product_tag-savon","10":"product_tag-visage","11":"desktop-align-left","12":"tablet-align-left","13":"mobile-align-left","15":"first","16":"instock","17":"shipping-taxable","18":"purchasable","19":"product-type-variable"},"supplier_id":null,"supplier_sku":"","barcode":null,"atum_controlled":true,"out_stock_date":null,"out_stock_threshold":null,"inheritable":true,"inbound_stock":0,"stock_on_hold":4,"sold_today":0,"sales_last_days":4,"reserved_stock":0,"customer_returns":0,"warehouse_damage":0,"lost_in_post":0,"other_logs":0,"out_stock_days":0,"lost_sales":0,"has_location":false,"update_date":"2026-04-08T11:23:04","atum_locations":[],"atum_stock_status":"instock","restock_status":false,"low_stock_amount":"","sales_update_date":"2026-04-08T11:23:04","calc_backorders":null,"_links":{"self":[{"href":"https:\/\/siteguillaumetesting2.online\/index.php\/wp-json\/wp\/v2\/product\/689","targetHints":{"allow":["GET"]}}],"collection":[{"href":"https:\/\/siteguillaumetesting2.online\/index.php\/wp-json\/wp\/v2\/product"}],"about":[{"href":"https:\/\/siteguillaumetesting2.online\/index.php\/wp-json\/wp\/v2\/types\/product"}],"replies":[{"embeddable":true,"href":"https:\/\/siteguillaumetesting2.online\/index.php\/wp-json\/wp\/v2\/comments?post=689"}],"wp:featuredmedia":[{"embeddable":true,"href":"https:\/\/siteguillaumetesting2.online\/index.php\/wp-json\/wp\/v2\/media\/409"}],"wp:attachment":[{"href":"https:\/\/siteguillaumetesting2.online\/index.php\/wp-json\/wp\/v2\/media?parent=689"}],"wp:term":[{"taxonomy":"product_brand","embeddable":true,"href":"https:\/\/siteguillaumetesting2.online\/index.php\/wp-json\/wp\/v2\/product_brand?post=689"},{"taxonomy":"product_cat","embeddable":true,"href":"https:\/\/siteguillaumetesting2.online\/index.php\/wp-json\/wp\/v2\/product_cat?post=689"},{"taxonomy":"product_tag","embeddable":true,"href":"https:\/\/siteguillaumetesting2.online\/index.php\/wp-json\/wp\/v2\/product_tag?post=689"}],"curies":[{"name":"wp","href":"https:\/\/api.w.org\/{rel}","templated":true}]}}